{"id":2907,"date":"2026-01-30T06:52:26","date_gmt":"2026-01-30T06:52:26","guid":{"rendered":"https:\/\/weiyuemachinery.com\/?post_type=product&#038;p=2907"},"modified":"2026-02-02T02:56:33","modified_gmt":"2026-02-02T02:56:33","slug":"d16-2d-welding-table","status":"publish","type":"product","link":"https:\/\/weiyuemachinery.com\/de\/product\/d16-2d-welding-table\/","title":{"rendered":"D16 2D-Schwei\u00dftisch"},"content":{"rendered":"<p>Der 2D-Schwei\u00dftisch ist ein universelles Schwei\u00dfspann- und -vorrichtungssystem, das die Anforderungen an die Befestigung von unterschiedlichen Schwei\u00dfkonstruktionen erf\u00fcllt.<\/p>\n<ul>\n<li><strong><b>Struktur:<\/b><\/strong>Die R\u00fcckenlehne ist mit horizontalen und vertikalen, bidirektionalen Verst\u00e4rkungsplatten ausgestattet, die f\u00fcr Stabilit\u00e4t und Leichtbau sorgen.<br \/>\n\u25cf<strong><b>Diagonales Gitter:<\/b><\/strong>D16 ist 50*50mm<br \/>\n\u25cf<strong><b>Unterst\u00fctzend:<\/b><\/strong>Beine, Stahlrahmen und hydraulischer Hebekasten, je nach Bedarf, St\u00fctzbeine sind in Standard-, sto\u00dfd\u00e4mpfenden, festen und h\u00f6henverstellbaren Ausf\u00fchrungen erh\u00e4ltlich.<br \/>\n\u25cf<strong><b>Ma\u00dfstab:<\/b><\/strong>Die Skalen der X-Achse und der Y-Achse k\u00f6nnen angepasst werden.<br \/>\n\u25cf<strong><b>Oberfl\u00e4chenbehandlung:\u00a0<\/b><\/strong><\/li>\n<\/ul>\n<ol>\n<li>Nitrierbehandlung, die die H\u00e4rte wirksam erh\u00f6ht, Rost verhindert und das Anhaften von Schwei\u00dfschlacke vermeidet.<\/li>\n<li>Beschichtet mit hochwertigem Rostschutz\u00f6l.<br \/>\n\u25cf<strong><b>Kantenbehandlung:<\/b><\/strong>Alle scharfen Kanten sind abgerundet, um das Risiko von Schnittverletzungen zu verringern.<br \/>\n\u25cf<strong><b>Montage:<\/b><\/strong>Das Zubeh\u00f6rsystem ist modular aufgebaut, l\u00e4sst sich an das Schwei\u00dfen verschiedener Produkte anpassen und kann frei kombiniert werden, um den Produktionsanforderungen gerecht zu werden und die Produktionskosten zu senken.<br \/>\n\u25cf<strong><b>Anpassungen:<\/b><\/strong>Spezielle Anforderungen k\u00f6nnen angepasst werden.<\/li>\n<\/ol>\n<p>&nbsp;<\/p>\n<table>\n<tbody>\n<tr>\n<td width=\"449\">\n<p style=\"text-align: center;\"><strong><b>2<\/b><\/strong><strong><b>D Schwei\u00dftisch - D<\/b><\/strong><strong><b>16<\/b><\/strong><strong><b>\u00a0Serie<\/b><\/strong><\/p>\n<\/td>\n<\/tr>\n<tr>\n<td width=\"449\">\n<p style=\"text-align: center;\"><strong><b>Aperture\uff1a\u03c616.065\u2013\u03c616.149mm <\/b><\/strong><\/p>\n<p style=\"text-align: center;\"><strong><b>Lochabstand\uff1aL1=50\u00b10,05mm <\/b><\/strong><\/p>\n<p style=\"text-align: center;\"><strong><b>Ebenheit\uff1a0,05\/1000mm <\/b><\/strong><\/p>\n<p style=\"text-align: center;\"><strong><b>Vertikalit\u00e4t\uff1a0,02\/200mm <\/b><\/strong><\/p>\n<p style=\"text-align: center;\"><strong><b>Oberfl\u00e4chenrauhigkeit\uff1aRA3.2 <\/b><\/strong><\/p>\n<p style=\"text-align: center;\"><strong><b>Beinlager<\/b><\/strong><strong><b>\uff1a<\/b><\/strong><strong><b>0.5T<\/b><\/strong><strong><b>\u3001<\/b><\/strong><strong><b>1.5<\/b><\/strong><strong><b>T<\/b><\/strong><\/p>\n<p style=\"text-align: center;\"><strong><b>Rahmenlager\uff1a5T -15T<\/b><\/strong><\/p>\n<p style=\"text-align: center;\"><strong><b>Nitrierh\u00e4rte<\/b><\/strong><strong><b>\uff1a<\/b><\/strong><strong><b>HV450~HV630<\/b><\/strong><\/p>\n<p style=\"text-align: center;\"><strong><b>Keine Nitrierh\u00e4rte: <\/b><\/strong><strong><b>Stahl HB150-170, Eisen HB180-220<\/b><\/strong><\/p>\n<p style=\"text-align: center;\"><strong><b>Spezifikationen<\/b><\/strong><strong><b>\uff1a<\/b><\/strong><strong><b>1000*800~4000*2000mm<\/b><\/strong><\/p>\n<\/td>\n<\/tr>\n<\/tbody>\n<\/table>\n<p>&nbsp;<\/p>\n<p style=\"text-align: center;\"><strong>2D-Schwei\u00dftabelle<\/strong><\/p>\n<p>&nbsp;<\/p>\n<table style=\"height: 1316px;\" width=\"1337\">\n<tbody>\n<tr>\n<td colspan=\"2\" width=\"285\">\n<p style=\"text-align: center;\"><strong><b>Baureihe D16<\/b><\/strong><\/p>\n<\/td>\n<\/tr>\n<tr>\n<td width=\"142\">\n<p style=\"text-align: center;\"><strong><b>Code<\/b><\/strong><\/p>\n<\/td>\n<td style=\"text-align: center;\" width=\"143\"><strong><b>Gr\u00f6\u00dfe<\/b><\/strong><strong><b>\u00a0(mm)<\/b><\/strong><\/td>\n<\/tr>\n<tr>\n<td style=\"text-align: center;\" width=\"142\">WY1611001<\/td>\n<td width=\"143\">\n<p style=\"text-align: center;\">1000*800*150<\/p>\n<\/td>\n<\/tr>\n<tr>\n<td width=\"142\">\n<p style=\"text-align: center;\">WY1611002<\/p>\n<\/td>\n<td style=\"text-align: center;\" width=\"143\">1200*800*150<\/td>\n<\/tr>\n<tr>\n<td width=\"142\">\n<p style=\"text-align: center;\">WY1611003<\/p>\n<\/td>\n<td style=\"text-align: center;\" width=\"143\">1000*1000*150<\/td>\n<\/tr>\n<tr>\n<td style=\"text-align: center;\" width=\"142\">WY1611004<\/td>\n<td width=\"143\">\n<p style=\"text-align: center;\">1200*1000*150<\/p>\n<\/td>\n<\/tr>\n<tr>\n<td width=\"142\">\n<p style=\"text-align: center;\">WY1611005<\/p>\n<\/td>\n<td style=\"text-align: center;\" width=\"143\">1200*1200*150<\/td>\n<\/tr>\n<tr>\n<td width=\"142\">\n<p style=\"text-align: center;\">WY1611006<\/p>\n<\/td>\n<td style=\"text-align: center;\" width=\"143\">1500*1000*150<\/td>\n<\/tr>\n<tr>\n<td width=\"142\">\n<p style=\"text-align: center;\">WY1611007<\/p>\n<\/td>\n<td width=\"143\">\n<p style=\"text-align: center;\">3000*1000*150<\/p>\n<\/td>\n<\/tr>\n<tr>\n<td style=\"text-align: center;\" width=\"142\">WY1611008<\/td>\n<td width=\"143\">\n<p style=\"text-align: center;\">1500*1500*150<\/p>\n<\/td>\n<\/tr>\n<tr>\n<td style=\"text-align: center;\" width=\"142\">WY1611009<\/td>\n<td width=\"143\">\n<p style=\"text-align: center;\">2000*1000*150<\/p>\n<\/td>\n<\/tr>\n<tr>\n<td width=\"142\">\n<p style=\"text-align: center;\">WY1611010<\/p>\n<\/td>\n<td style=\"text-align: center;\" width=\"143\">2400*1200*150<\/td>\n<\/tr>\n<tr>\n<td style=\"text-align: center;\" width=\"142\">WY1611011<\/td>\n<td width=\"143\">\n<p style=\"text-align: center;\">2000*1500*150<\/p>\n<\/td>\n<\/tr>\n<tr>\n<td width=\"142\">\n<p style=\"text-align: center;\">WY1611012<\/p>\n<\/td>\n<td style=\"text-align: center;\" width=\"143\">2500*1500*150<\/td>\n<\/tr>\n<tr>\n<td width=\"142\">\n<p style=\"text-align: center;\">WY1611013<\/p>\n<\/td>\n<td width=\"143\">\n<p style=\"text-align: center;\">3000*1500*150<\/p>\n<\/td>\n<\/tr>\n<tr>\n<td style=\"text-align: center;\" width=\"142\">WY1611014<\/td>\n<td width=\"143\">\n<p style=\"text-align: center;\">2000*2000*150<\/p>\n<\/td>\n<\/tr>\n<tr>\n<td style=\"text-align: center;\" width=\"142\">WY1611015<\/td>\n<td width=\"143\">\n<p style=\"text-align: center;\">2500*2000*150<\/p>\n<\/td>\n<\/tr>\n<tr>\n<td style=\"text-align: center;\" width=\"142\">WY1611016<\/td>\n<td width=\"143\">\n<p style=\"text-align: center;\">3000*2000*150<\/p>\n<\/td>\n<\/tr>\n<tr>\n<td style=\"text-align: center;\" width=\"142\">WY1611017<\/td>\n<td width=\"143\">\n<p style=\"text-align: center;\">4000*2000*150<\/p>\n<\/td>\n<\/tr>\n<\/tbody>\n<\/table>","protected":false},"excerpt":{"rendered":"<p>Ein universelles, leichtes und dennoch stabiles Klemmsystem zur Befestigung von <em>jedes Schwei\u00dfwerkst\u00fcck<\/em>\u00a0(alle Formen\/Gr\u00f6\u00dfen). Die in zwei Richtungen verst\u00e4rkte R\u00fcckenplatte sorgt f\u00fcr ein ausgewogenes Verh\u00e4ltnis zwischen Festigkeit und Man\u00f6vrierbarkeit, w\u00e4hrend das Rasterlochdesign (16 mm L\u00f6cher, 50 x 50 mm Abstand) das Einrichten von Vorrichtungen in Sekundenschnelle erm\u00f6glicht. Konstruiert, um Schwei\u00dfspritzern und Korrosion zu widerstehen - ideal f\u00fcr Schwei\u00dfer\/Fertiger, die eine schnelle, pr\u00e4zise Positionierung ben\u00f6tigen.<\/p>\n<p>Kundenspezifische Gr\u00f6\u00dfen verf\u00fcgbar.<\/p>","protected":false},"featured_media":2909,"comment_status":"open","ping_status":"closed","template":"","meta":{"site-sidebar-layout":"default","site-content-layout":"","ast-site-content-layout":"default","site-content-style":"default","site-sidebar-style":"default","ast-global-header-display":"","ast-banner-title-visibility":"","ast-main-header-display":"","ast-hfb-above-header-display":"","ast-hfb-below-header-display":"","ast-hfb-mobile-header-display":"","site-post-title":"","ast-breadcrumbs-content":"","ast-featured-img":"","footer-sml-layout":"","ast-disable-related-posts":"","theme-transparent-header-meta":"default","adv-header-id-meta":"","stick-header-meta":"default","header-above-stick-meta":"","header-main-stick-meta":"","header-below-stick-meta":"","astra-migrate-meta-layouts":"set","ast-page-background-enabled":"default","ast-page-background-meta":{"desktop":{"background-color":"","background-image":"","background-repeat":"repeat","background-position":"center center","background-size":"auto","background-attachment":"scroll","background-type":"","background-media":"","overlay-type":"","overlay-color":"","overlay-opacity":"","overlay-gradient":""},"tablet":{"background-color":"","background-image":"","background-repeat":"repeat","background-position":"center center","background-size":"auto","background-attachment":"scroll","background-type":"","background-media":"","overlay-type":"","overlay-color":"","overlay-opacity":"","overlay-gradient":""},"mobile":{"background-color":"","background-image":"","background-repeat":"repeat","background-position":"center center","background-size":"auto","background-attachment":"scroll","background-type":"","background-media":"","overlay-type":"","overlay-color":"","overlay-opacity":"","overlay-gradient":""}},"ast-content-background-meta":{"desktop":{"background-color":"var(--ast-global-color-5)","background-image":"","background-repeat":"repeat","background-position":"center center","background-size":"auto","background-attachment":"scroll","background-type":"","background-media":"","overlay-type":"","overlay-color":"","overlay-opacity":"","overlay-gradient":""},"tablet":{"background-color":"var(--ast-global-color-5)","background-image":"","background-repeat":"repeat","background-position":"center center","background-size":"auto","background-attachment":"scroll","background-type":"","background-media":"","overlay-type":"","overlay-color":"","overlay-opacity":"","overlay-gradient":""},"mobile":{"background-color":"var(--ast-global-color-5)","background-image":"","background-repeat":"repeat","background-position":"center center","background-size":"auto","background-attachment":"scroll","background-type":"","background-media":"","overlay-type":"","overlay-color":"","overlay-opacity":"","overlay-gradient":""}}},"product_brand":[],"product_cat":[56,55],"product_tag":[],"class_list":{"0":"post-2907","1":"product","2":"type-product","3":"status-publish","4":"has-post-thumbnail","6":"product_cat-2d-welding-table","7":"product_cat-2d-3d-welding-table","8":"desktop-align-left","9":"tablet-align-left","10":"mobile-align-left","11":"ast-product-gallery-layout-horizontal-slider","12":"ast-product-gallery-with-no-image","13":"ast-product-tabs-layout-horizontal","15":"first","16":"instock","17":"shipping-taxable","18":"purchasable","19":"product-type-simple"},"_links":{"self":[{"href":"https:\/\/weiyuemachinery.com\/de\/wp-json\/wp\/v2\/product\/2907","targetHints":{"allow":["GET"]}}],"collection":[{"href":"https:\/\/weiyuemachinery.com\/de\/wp-json\/wp\/v2\/product"}],"about":[{"href":"https:\/\/weiyuemachinery.com\/de\/wp-json\/wp\/v2\/types\/product"}],"replies":[{"embeddable":true,"href":"https:\/\/weiyuemachinery.com\/de\/wp-json\/wp\/v2\/comments?post=2907"}],"wp:featuredmedia":[{"embeddable":true,"href":"https:\/\/weiyuemachinery.com\/de\/wp-json\/wp\/v2\/media\/2909"}],"wp:attachment":[{"href":"https:\/\/weiyuemachinery.com\/de\/wp-json\/wp\/v2\/media?parent=2907"}],"wp:term":[{"taxonomy":"product_brand","embeddable":true,"href":"https:\/\/weiyuemachinery.com\/de\/wp-json\/wp\/v2\/product_brand?post=2907"},{"taxonomy":"product_cat","embeddable":true,"href":"https:\/\/weiyuemachinery.com\/de\/wp-json\/wp\/v2\/product_cat?post=2907"},{"taxonomy":"product_tag","embeddable":true,"href":"https:\/\/weiyuemachinery.com\/de\/wp-json\/wp\/v2\/product_tag?post=2907"}],"curies":[{"name":"wp","href":"https:\/\/api.w.org\/{rel}","templated":true}]}}