{"id":2922,"date":"2026-02-02T06:38:06","date_gmt":"2026-02-02T06:38:06","guid":{"rendered":"https:\/\/weiyuemachinery.com\/?post_type=product&#038;p=2922"},"modified":"2026-02-03T01:13:07","modified_gmt":"2026-02-03T01:13:07","slug":"l-shaped-square-box","status":"publish","type":"product","link":"https:\/\/weiyuemachinery.com\/de\/product\/l-shaped-square-box\/","title":{"rendered":"L-f\u00f6rmige quadratische Kiste"},"content":{"rendered":"<p>L-f\u00f6rmige, quadratische K\u00e4sten werden zur Erweiterung der Werkbank verwendet und k\u00f6nnen auch zu einer Plattform zusammengebaut werden.<br \/>\n\u25cf Wird mit kleinem Zubeh\u00f6r zum Spannen und Positionieren von Werkst\u00fccken verwendet.<br \/>\n\u25cf Hohe Flexibilit\u00e4t, frei erweiterbar in H\u00f6he und Breite.<br \/>\n\u25cf Aufspannfl\u00e4che: 4 Seiten<br \/>\n100 x 100 mm\/50 x 50 mm diagonales Gitter mit Gitterlinien<\/p>\n<p>&nbsp;<\/p>\n<p style=\"text-align: center;\"><strong>\u00a0\u00a0L-f\u00f6rmige quadratische Kiste<\/strong><\/p>\n<p>&nbsp;<\/p>\n<p><img fetchpriority=\"high\" decoding=\"async\" class=\"wp-image-2923 size-full aligncenter\" src=\"https:\/\/weiyuemachinery.com\/wp-content\/uploads\/2026\/02\/L-shaped_square_box.png\" alt=\"\" width=\"868\" height=\"888\" srcset=\"https:\/\/weiyuemachinery.com\/wp-content\/uploads\/2026\/02\/L-shaped_square_box.png 868w, https:\/\/weiyuemachinery.com\/wp-content\/uploads\/2026\/02\/L-shaped_square_box-293x300.png 293w, https:\/\/weiyuemachinery.com\/wp-content\/uploads\/2026\/02\/L-shaped_square_box-768x786.png 768w, https:\/\/weiyuemachinery.com\/wp-content\/uploads\/2026\/02\/L-shaped_square_box-600x614.png 600w\" sizes=\"(max-width: 868px) 100vw, 868px\" \/><\/p>","protected":false},"excerpt":{"rendered":"<p>M-f\u00f6rmige quadratische K\u00e4sten dienen zur Erweiterung der Werkbank und k\u00f6nnen auch zu einer Plattform zusammengebaut werden.mit kleinem Zubeh\u00f6r zum Einspannen und Positionieren von Werkst\u00fccken.hohe Flexibilit\u00e4t, in H\u00f6he und Breite frei erweiterbar.Aufspannfl\u00e4che: 4 Seiten100 x 100 mm\/50 x 50 mm Diagonalraster mit Rasterlinien<\/p>","protected":false},"featured_media":2924,"comment_status":"open","ping_status":"closed","template":"","meta":{"site-sidebar-layout":"default","site-content-layout":"","ast-site-content-layout":"default","site-content-style":"default","site-sidebar-style":"default","ast-global-header-display":"","ast-banner-title-visibility":"","ast-main-header-display":"","ast-hfb-above-header-display":"","ast-hfb-below-header-display":"","ast-hfb-mobile-header-display":"","site-post-title":"","ast-breadcrumbs-content":"","ast-featured-img":"","footer-sml-layout":"","ast-disable-related-posts":"","theme-transparent-header-meta":"default","adv-header-id-meta":"","stick-header-meta":"default","header-above-stick-meta":"","header-main-stick-meta":"","header-below-stick-meta":"","astra-migrate-meta-layouts":"set","ast-page-background-enabled":"default","ast-page-background-meta":{"desktop":{"background-color":"","background-image":"","background-repeat":"repeat","background-position":"center center","background-size":"auto","background-attachment":"scroll","background-type":"","background-media":"","overlay-type":"","overlay-color":"","overlay-opacity":"","overlay-gradient":""},"tablet":{"background-color":"","background-image":"","background-repeat":"repeat","background-position":"center center","background-size":"auto","background-attachment":"scroll","background-type":"","background-media":"","overlay-type":"","overlay-color":"","overlay-opacity":"","overlay-gradient":""},"mobile":{"background-color":"","background-image":"","background-repeat":"repeat","background-position":"center center","background-size":"auto","background-attachment":"scroll","background-type":"","background-media":"","overlay-type":"","overlay-color":"","overlay-opacity":"","overlay-gradient":""}},"ast-content-background-meta":{"desktop":{"background-color":"var(--ast-global-color-5)","background-image":"","background-repeat":"repeat","background-position":"center center","background-size":"auto","background-attachment":"scroll","background-type":"","background-media":"","overlay-type":"","overlay-color":"","overlay-opacity":"","overlay-gradient":""},"tablet":{"background-color":"var(--ast-global-color-5)","background-image":"","background-repeat":"repeat","background-position":"center center","background-size":"auto","background-attachment":"scroll","background-type":"","background-media":"","overlay-type":"","overlay-color":"","overlay-opacity":"","overlay-gradient":""},"mobile":{"background-color":"var(--ast-global-color-5)","background-image":"","background-repeat":"repeat","background-position":"center center","background-size":"auto","background-attachment":"scroll","background-type":"","background-media":"","overlay-type":"","overlay-color":"","overlay-opacity":"","overlay-gradient":""}}},"product_brand":[],"product_cat":[61],"product_tag":[],"class_list":{"0":"post-2922","1":"product","2":"type-product","3":"status-publish","4":"has-post-thumbnail","6":"product_cat-accessories-2","7":"desktop-align-left","8":"tablet-align-left","9":"mobile-align-left","10":"ast-product-gallery-layout-horizontal-slider","11":"ast-product-tabs-layout-horizontal","13":"first","14":"instock","15":"shipping-taxable","16":"purchasable","17":"product-type-simple"},"_links":{"self":[{"href":"https:\/\/weiyuemachinery.com\/de\/wp-json\/wp\/v2\/product\/2922","targetHints":{"allow":["GET"]}}],"collection":[{"href":"https:\/\/weiyuemachinery.com\/de\/wp-json\/wp\/v2\/product"}],"about":[{"href":"https:\/\/weiyuemachinery.com\/de\/wp-json\/wp\/v2\/types\/product"}],"replies":[{"embeddable":true,"href":"https:\/\/weiyuemachinery.com\/de\/wp-json\/wp\/v2\/comments?post=2922"}],"wp:featuredmedia":[{"embeddable":true,"href":"https:\/\/weiyuemachinery.com\/de\/wp-json\/wp\/v2\/media\/2924"}],"wp:attachment":[{"href":"https:\/\/weiyuemachinery.com\/de\/wp-json\/wp\/v2\/media?parent=2922"}],"wp:term":[{"taxonomy":"product_brand","embeddable":true,"href":"https:\/\/weiyuemachinery.com\/de\/wp-json\/wp\/v2\/product_brand?post=2922"},{"taxonomy":"product_cat","embeddable":true,"href":"https:\/\/weiyuemachinery.com\/de\/wp-json\/wp\/v2\/product_cat?post=2922"},{"taxonomy":"product_tag","embeddable":true,"href":"https:\/\/weiyuemachinery.com\/de\/wp-json\/wp\/v2\/product_tag?post=2922"}],"curies":[{"name":"wp","href":"https:\/\/api.w.org\/{rel}","templated":true}]}}