{"id":2939,"date":"2026-02-02T07:04:11","date_gmt":"2026-02-02T07:04:11","guid":{"rendered":"https:\/\/weiyuemachinery.com\/?post_type=product&#038;p=2939"},"modified":"2026-02-03T01:13:01","modified_gmt":"2026-02-03T01:13:01","slug":"u-shaped-square-box","status":"publish","type":"product","link":"https:\/\/weiyuemachinery.com\/de\/product\/u-shaped-square-box\/","title":{"rendered":"U-f\u00f6rmige quadratische Schachtel"},"content":{"rendered":"<p>U-f\u00f6rmige quadratische Schachtel<br \/>\nU-f\u00f6rmige, quadratische K\u00e4sten werden zur Erweiterung der Werkbank verwendet und k\u00f6nnen auch zu einer Plattform zusammengebaut werden.<br \/>\n\u25cf Wird mit kleinem Zubeh\u00f6r zum Spannen und Positionieren von Werkst\u00fccken verwendet.<br \/>\n\u25cf Hohe Flexibilit\u00e4t, frei erweiterbar in H\u00f6he und Breite.<br \/>\n\u25cf Aufspannfl\u00e4che: 5 Seiten<\/p>\n<ul>\n<li>100 x 100 mm\/50 x 50 mm diagonales Gitter mit Gitterlinien<\/li>\n<\/ul>\n<p style=\"text-align: center;\"><strong>\u00a0\u00a0U-f\u00f6rmige quadratische Box Spezifikation<\/strong><\/p>\n<p><img fetchpriority=\"high\" decoding=\"async\" class=\"wp-image-2941 size-full aligncenter\" src=\"https:\/\/weiyuemachinery.com\/wp-content\/uploads\/2026\/02\/be2d0570c9654b71f93fb375041f7f20.png\" alt=\"\" width=\"817\" height=\"1524\" srcset=\"https:\/\/weiyuemachinery.com\/wp-content\/uploads\/2026\/02\/be2d0570c9654b71f93fb375041f7f20.png 817w, https:\/\/weiyuemachinery.com\/wp-content\/uploads\/2026\/02\/be2d0570c9654b71f93fb375041f7f20-161x300.png 161w, https:\/\/weiyuemachinery.com\/wp-content\/uploads\/2026\/02\/be2d0570c9654b71f93fb375041f7f20-549x1024.png 549w, https:\/\/weiyuemachinery.com\/wp-content\/uploads\/2026\/02\/be2d0570c9654b71f93fb375041f7f20-768x1433.png 768w, https:\/\/weiyuemachinery.com\/wp-content\/uploads\/2026\/02\/be2d0570c9654b71f93fb375041f7f20-600x1119.png 600w\" sizes=\"(max-width: 817px) 100vw, 817px\" \/><\/p>","protected":false},"excerpt":{"rendered":"<p>Es handelt sich um ein industrielles Zubeh\u00f6r, das zur Erweiterung von Werkb\u00e4nken dient. Es kann auch zu einer Arbeitsplattform zusammengebaut werden und erm\u00f6glicht in Verbindung mit kleinem Zubeh\u00f6r das Einspannen und Positionieren von Werkst\u00fccken.<\/p>\n<p>Er zeichnet sich durch hohe Flexibilit\u00e4t aus und erm\u00f6glicht die freie Einstellung von H\u00f6he und Breite. Er verf\u00fcgt \u00fcber 5 Spannfl\u00e4chen in den Gr\u00f6\u00dfen 100\u00d7100mm und 50\u00d750mm und ist somit f\u00fcr verschiedene Werkst\u00fcckbefestigungen geeignet.<\/p>","protected":false},"featured_media":2926,"comment_status":"open","ping_status":"closed","template":"","meta":{"site-sidebar-layout":"default","site-content-layout":"","ast-site-content-layout":"default","site-content-style":"default","site-sidebar-style":"default","ast-global-header-display":"","ast-banner-title-visibility":"","ast-main-header-display":"","ast-hfb-above-header-display":"","ast-hfb-below-header-display":"","ast-hfb-mobile-header-display":"","site-post-title":"","ast-breadcrumbs-content":"","ast-featured-img":"","footer-sml-layout":"","ast-disable-related-posts":"","theme-transparent-header-meta":"default","adv-header-id-meta":"","stick-header-meta":"default","header-above-stick-meta":"","header-main-stick-meta":"","header-below-stick-meta":"","astra-migrate-meta-layouts":"set","ast-page-background-enabled":"default","ast-page-background-meta":{"desktop":{"background-color":"","background-image":"","background-repeat":"repeat","background-position":"center center","background-size":"auto","background-attachment":"scroll","background-type":"","background-media":"","overlay-type":"","overlay-color":"","overlay-opacity":"","overlay-gradient":""},"tablet":{"background-color":"","background-image":"","background-repeat":"repeat","background-position":"center center","background-size":"auto","background-attachment":"scroll","background-type":"","background-media":"","overlay-type":"","overlay-color":"","overlay-opacity":"","overlay-gradient":""},"mobile":{"background-color":"","background-image":"","background-repeat":"repeat","background-position":"center center","background-size":"auto","background-attachment":"scroll","background-type":"","background-media":"","overlay-type":"","overlay-color":"","overlay-opacity":"","overlay-gradient":""}},"ast-content-background-meta":{"desktop":{"background-color":"var(--ast-global-color-5)","background-image":"","background-repeat":"repeat","background-position":"center center","background-size":"auto","background-attachment":"scroll","background-type":"","background-media":"","overlay-type":"","overlay-color":"","overlay-opacity":"","overlay-gradient":""},"tablet":{"background-color":"var(--ast-global-color-5)","background-image":"","background-repeat":"repeat","background-position":"center center","background-size":"auto","background-attachment":"scroll","background-type":"","background-media":"","overlay-type":"","overlay-color":"","overlay-opacity":"","overlay-gradient":""},"mobile":{"background-color":"var(--ast-global-color-5)","background-image":"","background-repeat":"repeat","background-position":"center center","background-size":"auto","background-attachment":"scroll","background-type":"","background-media":"","overlay-type":"","overlay-color":"","overlay-opacity":"","overlay-gradient":""}}},"product_brand":[],"product_cat":[61],"product_tag":[],"class_list":{"0":"post-2939","1":"product","2":"type-product","3":"status-publish","4":"has-post-thumbnail","6":"product_cat-accessories-2","7":"desktop-align-left","8":"tablet-align-left","9":"mobile-align-left","10":"ast-product-gallery-layout-horizontal-slider","11":"ast-product-tabs-layout-horizontal","13":"first","14":"instock","15":"shipping-taxable","16":"purchasable","17":"product-type-simple"},"_links":{"self":[{"href":"https:\/\/weiyuemachinery.com\/de\/wp-json\/wp\/v2\/product\/2939","targetHints":{"allow":["GET"]}}],"collection":[{"href":"https:\/\/weiyuemachinery.com\/de\/wp-json\/wp\/v2\/product"}],"about":[{"href":"https:\/\/weiyuemachinery.com\/de\/wp-json\/wp\/v2\/types\/product"}],"replies":[{"embeddable":true,"href":"https:\/\/weiyuemachinery.com\/de\/wp-json\/wp\/v2\/comments?post=2939"}],"wp:featuredmedia":[{"embeddable":true,"href":"https:\/\/weiyuemachinery.com\/de\/wp-json\/wp\/v2\/media\/2926"}],"wp:attachment":[{"href":"https:\/\/weiyuemachinery.com\/de\/wp-json\/wp\/v2\/media?parent=2939"}],"wp:term":[{"taxonomy":"product_brand","embeddable":true,"href":"https:\/\/weiyuemachinery.com\/de\/wp-json\/wp\/v2\/product_brand?post=2939"},{"taxonomy":"product_cat","embeddable":true,"href":"https:\/\/weiyuemachinery.com\/de\/wp-json\/wp\/v2\/product_cat?post=2939"},{"taxonomy":"product_tag","embeddable":true,"href":"https:\/\/weiyuemachinery.com\/de\/wp-json\/wp\/v2\/product_tag?post=2939"}],"curies":[{"name":"wp","href":"https:\/\/api.w.org\/{rel}","templated":true}]}}