{"id":2946,"date":"2026-02-02T07:21:30","date_gmt":"2026-02-02T07:21:30","guid":{"rendered":"https:\/\/weiyuemachinery.com\/?post_type=product&#038;p=2946"},"modified":"2026-02-03T01:12:29","modified_gmt":"2026-02-03T01:12:29","slug":"frame-type-support-seat","status":"publish","type":"product","link":"https:\/\/weiyuemachinery.com\/de\/product\/frame-type-support-seat\/","title":{"rendered":"Rahmenartiger St\u00fctzsitz"},"content":{"rendered":"<p>Als spezielles Zubeh\u00f6r f\u00fcr Schwei\u00df- und Bearbeitungsszenarien besteht es im Kern aus einer Rahmenstruktur. Es ist mit verschiedenen Plattformen und Vorrichtungssystemen kompatibel und stellt ein wichtiges Hilfsmittel zum Positionieren und Spannen von Werkst\u00fccken (insbesondere Rohren) dar.<\/p>\n<p>&nbsp;<\/p>\n<p style=\"text-align: center;\"><strong>Rahmenartiger St\u00fctzsitz<\/strong><\/p>\n<p>&nbsp;<\/p>\n<p><img fetchpriority=\"high\" decoding=\"async\" class=\"aligncenter wp-image-2947 size-full\" src=\"https:\/\/weiyuemachinery.com\/wp-content\/uploads\/2026\/02\/0f72797d28f1ca20e790c22d086e7301.png\" alt=\"\" width=\"641\" height=\"828\" srcset=\"https:\/\/weiyuemachinery.com\/wp-content\/uploads\/2026\/02\/0f72797d28f1ca20e790c22d086e7301.png 641w, https:\/\/weiyuemachinery.com\/wp-content\/uploads\/2026\/02\/0f72797d28f1ca20e790c22d086e7301-232x300.png 232w, https:\/\/weiyuemachinery.com\/wp-content\/uploads\/2026\/02\/0f72797d28f1ca20e790c22d086e7301-600x775.png 600w\" sizes=\"(max-width: 641px) 100vw, 641px\" \/><\/p>","protected":false},"excerpt":{"rendered":"<p>Hierbei handelt es sich um eine rahmenf\u00f6rmige St\u00fctzkomponente, die typischerweise zur Stabilisierung und Positionierung von Werkst\u00fccken (insbesondere Rohren) in Schwei\u00df- oder Bearbeitungsvorrichtungen verwendet wird. Die Mehrlochkonstruktion erm\u00f6glicht eine flexible Verriegelung mit Plattformen\/Zubeh\u00f6rteilen, w\u00e4hrend die innere Rillenstruktur eine stabile Unterst\u00fctzung f\u00fcr Teile wie runde\/quadratische Rohre bietet.<\/p>","protected":false},"featured_media":2938,"comment_status":"open","ping_status":"closed","template":"","meta":{"site-sidebar-layout":"default","site-content-layout":"","ast-site-content-layout":"default","site-content-style":"default","site-sidebar-style":"default","ast-global-header-display":"","ast-banner-title-visibility":"","ast-main-header-display":"","ast-hfb-above-header-display":"","ast-hfb-below-header-display":"","ast-hfb-mobile-header-display":"","site-post-title":"","ast-breadcrumbs-content":"","ast-featured-img":"","footer-sml-layout":"","ast-disable-related-posts":"","theme-transparent-header-meta":"default","adv-header-id-meta":"","stick-header-meta":"default","header-above-stick-meta":"","header-main-stick-meta":"","header-below-stick-meta":"","astra-migrate-meta-layouts":"set","ast-page-background-enabled":"default","ast-page-background-meta":{"desktop":{"background-color":"","background-image":"","background-repeat":"repeat","background-position":"center center","background-size":"auto","background-attachment":"scroll","background-type":"","background-media":"","overlay-type":"","overlay-color":"","overlay-opacity":"","overlay-gradient":""},"tablet":{"background-color":"","background-image":"","background-repeat":"repeat","background-position":"center center","background-size":"auto","background-attachment":"scroll","background-type":"","background-media":"","overlay-type":"","overlay-color":"","overlay-opacity":"","overlay-gradient":""},"mobile":{"background-color":"","background-image":"","background-repeat":"repeat","background-position":"center center","background-size":"auto","background-attachment":"scroll","background-type":"","background-media":"","overlay-type":"","overlay-color":"","overlay-opacity":"","overlay-gradient":""}},"ast-content-background-meta":{"desktop":{"background-color":"var(--ast-global-color-5)","background-image":"","background-repeat":"repeat","background-position":"center center","background-size":"auto","background-attachment":"scroll","background-type":"","background-media":"","overlay-type":"","overlay-color":"","overlay-opacity":"","overlay-gradient":""},"tablet":{"background-color":"var(--ast-global-color-5)","background-image":"","background-repeat":"repeat","background-position":"center center","background-size":"auto","background-attachment":"scroll","background-type":"","background-media":"","overlay-type":"","overlay-color":"","overlay-opacity":"","overlay-gradient":""},"mobile":{"background-color":"var(--ast-global-color-5)","background-image":"","background-repeat":"repeat","background-position":"center center","background-size":"auto","background-attachment":"scroll","background-type":"","background-media":"","overlay-type":"","overlay-color":"","overlay-opacity":"","overlay-gradient":""}}},"product_brand":[],"product_cat":[61],"product_tag":[],"class_list":{"0":"post-2946","1":"product","2":"type-product","3":"status-publish","4":"has-post-thumbnail","6":"product_cat-accessories-2","7":"desktop-align-left","8":"tablet-align-left","9":"mobile-align-left","10":"ast-product-gallery-layout-horizontal-slider","11":"ast-product-tabs-layout-horizontal","13":"first","14":"instock","15":"shipping-taxable","16":"purchasable","17":"product-type-simple"},"_links":{"self":[{"href":"https:\/\/weiyuemachinery.com\/de\/wp-json\/wp\/v2\/product\/2946","targetHints":{"allow":["GET"]}}],"collection":[{"href":"https:\/\/weiyuemachinery.com\/de\/wp-json\/wp\/v2\/product"}],"about":[{"href":"https:\/\/weiyuemachinery.com\/de\/wp-json\/wp\/v2\/types\/product"}],"replies":[{"embeddable":true,"href":"https:\/\/weiyuemachinery.com\/de\/wp-json\/wp\/v2\/comments?post=2946"}],"wp:featuredmedia":[{"embeddable":true,"href":"https:\/\/weiyuemachinery.com\/de\/wp-json\/wp\/v2\/media\/2938"}],"wp:attachment":[{"href":"https:\/\/weiyuemachinery.com\/de\/wp-json\/wp\/v2\/media?parent=2946"}],"wp:term":[{"taxonomy":"product_brand","embeddable":true,"href":"https:\/\/weiyuemachinery.com\/de\/wp-json\/wp\/v2\/product_brand?post=2946"},{"taxonomy":"product_cat","embeddable":true,"href":"https:\/\/weiyuemachinery.com\/de\/wp-json\/wp\/v2\/product_cat?post=2946"},{"taxonomy":"product_tag","embeddable":true,"href":"https:\/\/weiyuemachinery.com\/de\/wp-json\/wp\/v2\/product_tag?post=2946"}],"curies":[{"name":"wp","href":"https:\/\/api.w.org\/{rel}","templated":true}]}}