{"id":2948,"date":"2026-02-02T07:24:39","date_gmt":"2026-02-02T07:24:39","guid":{"rendered":"https:\/\/weiyuemachinery.com\/?post_type=product&#038;p=2948"},"modified":"2026-02-03T01:12:21","modified_gmt":"2026-02-03T01:12:21","slug":"angle-support-block","status":"publish","type":"product","link":"https:\/\/weiyuemachinery.com\/de\/product\/angle-support-block\/","title":{"rendered":"Winkelst\u00fctzblock"},"content":{"rendered":"<p>Winkelst\u00fctzblock<\/p>\n<p>Schnellverriegelungs-Roboterschwei\u00dfvorrichtung mit Stiftpositionierungswinkel<\/p>\n<p>Das St\u00fctzelement wird durch das Verriegelungselement mit der Lochposition auf der Plattform oder anderem Zubeh\u00f6r verriegelt und befestigt.<br \/>\nDer V-f\u00f6rmige Anschluss dient zur Aufnahme oder Positionierung von Rund- und Vierkantrohren.<\/p>\n<p>&nbsp;<\/p>\n<p style=\"text-align: center;\"><strong>\u00a0Spezifikationen f\u00fcr unterst\u00fctzende Tools<\/strong><\/p>\n<p>&nbsp;<\/p>\n<p><img fetchpriority=\"high\" decoding=\"async\" class=\"aligncenter wp-image-2949 size-full\" src=\"https:\/\/weiyuemachinery.com\/wp-content\/uploads\/2026\/02\/0b4aee5775f6ae643e2f539ec83ad6ea.png\" alt=\"\" width=\"664\" height=\"199\" srcset=\"https:\/\/weiyuemachinery.com\/wp-content\/uploads\/2026\/02\/0b4aee5775f6ae643e2f539ec83ad6ea.png 664w, https:\/\/weiyuemachinery.com\/wp-content\/uploads\/2026\/02\/0b4aee5775f6ae643e2f539ec83ad6ea-300x90.png 300w, https:\/\/weiyuemachinery.com\/wp-content\/uploads\/2026\/02\/0b4aee5775f6ae643e2f539ec83ad6ea-600x180.png 600w\" sizes=\"(max-width: 664px) 100vw, 664px\" \/><\/p>","protected":false},"excerpt":{"rendered":"<p>Es handelt sich um ein wichtiges Zubeh\u00f6rteil f\u00fcr die Schnellverriegelung von Roboter-Schwei\u00dfvorrichtungen (mit Stiftpositionierungswinkel). Es wird mit Hilfe von Verriegelungsteilen und passenden L\u00f6chern fest an Plattformen oder anderem Zubeh\u00f6r befestigt. Seine V-f\u00f6rmige \u00d6ffnung ist f\u00fcr die Aufnahme und Positionierung von runden\/vierkantigen Rohren ausgelegt und bietet eine stabile Hilfsunterst\u00fctzung f\u00fcr die Werkst\u00fcckspannung in automatisierten Schwei\u00df- und Bearbeitungsszenarien.<\/p>","protected":false},"featured_media":2933,"comment_status":"open","ping_status":"closed","template":"","meta":{"site-sidebar-layout":"default","site-content-layout":"","ast-site-content-layout":"default","site-content-style":"default","site-sidebar-style":"default","ast-global-header-display":"","ast-banner-title-visibility":"","ast-main-header-display":"","ast-hfb-above-header-display":"","ast-hfb-below-header-display":"","ast-hfb-mobile-header-display":"","site-post-title":"","ast-breadcrumbs-content":"","ast-featured-img":"","footer-sml-layout":"","ast-disable-related-posts":"","theme-transparent-header-meta":"default","adv-header-id-meta":"","stick-header-meta":"default","header-above-stick-meta":"","header-main-stick-meta":"","header-below-stick-meta":"","astra-migrate-meta-layouts":"set","ast-page-background-enabled":"default","ast-page-background-meta":{"desktop":{"background-color":"","background-image":"","background-repeat":"repeat","background-position":"center center","background-size":"auto","background-attachment":"scroll","background-type":"","background-media":"","overlay-type":"","overlay-color":"","overlay-opacity":"","overlay-gradient":""},"tablet":{"background-color":"","background-image":"","background-repeat":"repeat","background-position":"center center","background-size":"auto","background-attachment":"scroll","background-type":"","background-media":"","overlay-type":"","overlay-color":"","overlay-opacity":"","overlay-gradient":""},"mobile":{"background-color":"","background-image":"","background-repeat":"repeat","background-position":"center center","background-size":"auto","background-attachment":"scroll","background-type":"","background-media":"","overlay-type":"","overlay-color":"","overlay-opacity":"","overlay-gradient":""}},"ast-content-background-meta":{"desktop":{"background-color":"var(--ast-global-color-5)","background-image":"","background-repeat":"repeat","background-position":"center center","background-size":"auto","background-attachment":"scroll","background-type":"","background-media":"","overlay-type":"","overlay-color":"","overlay-opacity":"","overlay-gradient":""},"tablet":{"background-color":"var(--ast-global-color-5)","background-image":"","background-repeat":"repeat","background-position":"center center","background-size":"auto","background-attachment":"scroll","background-type":"","background-media":"","overlay-type":"","overlay-color":"","overlay-opacity":"","overlay-gradient":""},"mobile":{"background-color":"var(--ast-global-color-5)","background-image":"","background-repeat":"repeat","background-position":"center center","background-size":"auto","background-attachment":"scroll","background-type":"","background-media":"","overlay-type":"","overlay-color":"","overlay-opacity":"","overlay-gradient":""}}},"product_brand":[],"product_cat":[61],"product_tag":[],"class_list":{"0":"post-2948","1":"product","2":"type-product","3":"status-publish","4":"has-post-thumbnail","6":"product_cat-accessories-2","7":"desktop-align-left","8":"tablet-align-left","9":"mobile-align-left","10":"ast-product-gallery-layout-horizontal-slider","11":"ast-product-tabs-layout-horizontal","13":"first","14":"instock","15":"shipping-taxable","16":"purchasable","17":"product-type-simple"},"_links":{"self":[{"href":"https:\/\/weiyuemachinery.com\/de\/wp-json\/wp\/v2\/product\/2948","targetHints":{"allow":["GET"]}}],"collection":[{"href":"https:\/\/weiyuemachinery.com\/de\/wp-json\/wp\/v2\/product"}],"about":[{"href":"https:\/\/weiyuemachinery.com\/de\/wp-json\/wp\/v2\/types\/product"}],"replies":[{"embeddable":true,"href":"https:\/\/weiyuemachinery.com\/de\/wp-json\/wp\/v2\/comments?post=2948"}],"wp:featuredmedia":[{"embeddable":true,"href":"https:\/\/weiyuemachinery.com\/de\/wp-json\/wp\/v2\/media\/2933"}],"wp:attachment":[{"href":"https:\/\/weiyuemachinery.com\/de\/wp-json\/wp\/v2\/media?parent=2948"}],"wp:term":[{"taxonomy":"product_brand","embeddable":true,"href":"https:\/\/weiyuemachinery.com\/de\/wp-json\/wp\/v2\/product_brand?post=2948"},{"taxonomy":"product_cat","embeddable":true,"href":"https:\/\/weiyuemachinery.com\/de\/wp-json\/wp\/v2\/product_cat?post=2948"},{"taxonomy":"product_tag","embeddable":true,"href":"https:\/\/weiyuemachinery.com\/de\/wp-json\/wp\/v2\/product_tag?post=2948"}],"curies":[{"name":"wp","href":"https:\/\/api.w.org\/{rel}","templated":true}]}}