{"id":2957,"date":"2026-02-02T08:09:19","date_gmt":"2026-02-02T08:09:19","guid":{"rendered":"https:\/\/weiyuemachinery.com\/?post_type=product&#038;p=2957"},"modified":"2026-02-03T01:11:45","modified_gmt":"2026-02-03T01:11:45","slug":"positioning-angle-ruler-2","status":"publish","type":"product","link":"https:\/\/weiyuemachinery.com\/de\/product\/positioning-angle-ruler-2\/","title":{"rendered":"Positionierungswinkel Lineal"},"content":{"rendered":"<p>Der Positionierwinkel ist ein Bauteil, das das Werkst\u00fcck genau positioniert, um die Anforderungen an die Ma\u00dfgenauigkeit im Bearbeitungsprozess zu erf\u00fcllen.<br \/>\nSerie D28: Es gibt Standard-\u03a628 L\u00f6cher oder lange Taille L\u00f6cher im Abstand von 50mm auf dem Modul, die Werkst\u00fcckpositionierung und Spannen realisieren k\u00f6nnen.<br \/>\nSerie D16: Es gibt Standard-\u03a616 L\u00f6cher oder lange Taille L\u00f6cher im Abstand von 25mm auf dem Modul, die Werkst\u00fcckpositionierung und Spannen realisieren k\u00f6nnen.<br \/>\nDiese Art von Positionierungsteil ist weit verbreitet;<br \/>\n\u25ba Kann als Plattformverl\u00e4ngerung verwendet werden;<br \/>\n\u25ba Verstellbares Design mit Mulde am Boden;<br \/>\n\u25ba Sieben Arten von Unterl\u00f6chern\/Schlitzen \/, L\u00f6chern\/L\u00f6chern, Schlitzen\/L\u00f6chern;<br \/>\nDie Hauptfunktion des Stellplatzes:<br \/>\n1: Aufgrund der U-f\u00f6rmigen Bohrung kann es f\u00fcr die Feinabstimmung von Positionsteilen verwendet werden;<br \/>\n2: Der Winkel kann zusammen mit anderem Zubeh\u00f6r in jeder H\u00f6he und jedem Winkel aufgestellt werden;<\/p>\n<p>3: Kann als Kompressionsst\u00fctze verwendet werden.<\/p>\n<p>&nbsp;<\/p>\n<p style=\"text-align: center;\"><strong>\u00a0Positionierungswinkel Lineal<\/strong><\/p>\n<p>&nbsp;<\/p>\n<p><img fetchpriority=\"high\" decoding=\"async\" class=\"aligncenter wp-image-2951 size-full\" src=\"https:\/\/weiyuemachinery.com\/wp-content\/uploads\/2026\/02\/1126c81ba2e887ce9d92e9bd8d523302.png\" alt=\"\" width=\"635\" height=\"794\" srcset=\"https:\/\/weiyuemachinery.com\/wp-content\/uploads\/2026\/02\/1126c81ba2e887ce9d92e9bd8d523302.png 635w, https:\/\/weiyuemachinery.com\/wp-content\/uploads\/2026\/02\/1126c81ba2e887ce9d92e9bd8d523302-240x300.png 240w, https:\/\/weiyuemachinery.com\/wp-content\/uploads\/2026\/02\/1126c81ba2e887ce9d92e9bd8d523302-600x750.png 600w\" sizes=\"(max-width: 635px) 100vw, 635px\" \/><\/p>","protected":false},"excerpt":{"rendered":"<p>Diese Komponente gew\u00e4hrleistet eine pr\u00e4zise Werkst\u00fcckpositionierung, um die Anforderungen an die Ma\u00dfgenauigkeit bei der Bearbeitung zu erf\u00fcllen. F\u00fcr die D28-Serie: Das Modul verf\u00fcgt \u00fcber standardm\u00e4\u00dfige \u03a628-Bohrungen oder Langl\u00f6cher alle 50 mm, die eine flexible und genaue Werkst\u00fcckpositionierung erm\u00f6glichen - ideal f\u00fcr Szenarien, die eine strenge Gr\u00f6\u00dfenkontrolle erfordern (z. B. Schwei\u00dfen, Montage).<\/p>","protected":false},"featured_media":2935,"comment_status":"open","ping_status":"closed","template":"","meta":{"site-sidebar-layout":"default","site-content-layout":"","ast-site-content-layout":"default","site-content-style":"default","site-sidebar-style":"default","ast-global-header-display":"","ast-banner-title-visibility":"","ast-main-header-display":"","ast-hfb-above-header-display":"","ast-hfb-below-header-display":"","ast-hfb-mobile-header-display":"","site-post-title":"","ast-breadcrumbs-content":"","ast-featured-img":"","footer-sml-layout":"","ast-disable-related-posts":"","theme-transparent-header-meta":"default","adv-header-id-meta":"","stick-header-meta":"default","header-above-stick-meta":"","header-main-stick-meta":"","header-below-stick-meta":"","astra-migrate-meta-layouts":"set","ast-page-background-enabled":"default","ast-page-background-meta":{"desktop":{"background-color":"","background-image":"","background-repeat":"repeat","background-position":"center center","background-size":"auto","background-attachment":"scroll","background-type":"","background-media":"","overlay-type":"","overlay-color":"","overlay-opacity":"","overlay-gradient":""},"tablet":{"background-color":"","background-image":"","background-repeat":"repeat","background-position":"center center","background-size":"auto","background-attachment":"scroll","background-type":"","background-media":"","overlay-type":"","overlay-color":"","overlay-opacity":"","overlay-gradient":""},"mobile":{"background-color":"","background-image":"","background-repeat":"repeat","background-position":"center center","background-size":"auto","background-attachment":"scroll","background-type":"","background-media":"","overlay-type":"","overlay-color":"","overlay-opacity":"","overlay-gradient":""}},"ast-content-background-meta":{"desktop":{"background-color":"var(--ast-global-color-5)","background-image":"","background-repeat":"repeat","background-position":"center center","background-size":"auto","background-attachment":"scroll","background-type":"","background-media":"","overlay-type":"","overlay-color":"","overlay-opacity":"","overlay-gradient":""},"tablet":{"background-color":"var(--ast-global-color-5)","background-image":"","background-repeat":"repeat","background-position":"center center","background-size":"auto","background-attachment":"scroll","background-type":"","background-media":"","overlay-type":"","overlay-color":"","overlay-opacity":"","overlay-gradient":""},"mobile":{"background-color":"var(--ast-global-color-5)","background-image":"","background-repeat":"repeat","background-position":"center center","background-size":"auto","background-attachment":"scroll","background-type":"","background-media":"","overlay-type":"","overlay-color":"","overlay-opacity":"","overlay-gradient":""}}},"product_brand":[],"product_cat":[61],"product_tag":[],"class_list":{"0":"post-2957","1":"product","2":"type-product","3":"status-publish","4":"has-post-thumbnail","6":"product_cat-accessories-2","7":"desktop-align-left","8":"tablet-align-left","9":"mobile-align-left","10":"ast-product-gallery-layout-horizontal-slider","11":"ast-product-gallery-with-no-image","12":"ast-product-tabs-layout-horizontal","14":"first","15":"instock","16":"shipping-taxable","17":"purchasable","18":"product-type-simple"},"_links":{"self":[{"href":"https:\/\/weiyuemachinery.com\/de\/wp-json\/wp\/v2\/product\/2957","targetHints":{"allow":["GET"]}}],"collection":[{"href":"https:\/\/weiyuemachinery.com\/de\/wp-json\/wp\/v2\/product"}],"about":[{"href":"https:\/\/weiyuemachinery.com\/de\/wp-json\/wp\/v2\/types\/product"}],"replies":[{"embeddable":true,"href":"https:\/\/weiyuemachinery.com\/de\/wp-json\/wp\/v2\/comments?post=2957"}],"wp:featuredmedia":[{"embeddable":true,"href":"https:\/\/weiyuemachinery.com\/de\/wp-json\/wp\/v2\/media\/2935"}],"wp:attachment":[{"href":"https:\/\/weiyuemachinery.com\/de\/wp-json\/wp\/v2\/media?parent=2957"}],"wp:term":[{"taxonomy":"product_brand","embeddable":true,"href":"https:\/\/weiyuemachinery.com\/de\/wp-json\/wp\/v2\/product_brand?post=2957"},{"taxonomy":"product_cat","embeddable":true,"href":"https:\/\/weiyuemachinery.com\/de\/wp-json\/wp\/v2\/product_cat?post=2957"},{"taxonomy":"product_tag","embeddable":true,"href":"https:\/\/weiyuemachinery.com\/de\/wp-json\/wp\/v2\/product_tag?post=2957"}],"curies":[{"name":"wp","href":"https:\/\/api.w.org\/{rel}","templated":true}]}}