{"id":2959,"date":"2026-02-03T01:27:00","date_gmt":"2026-02-03T01:27:00","guid":{"rendered":"https:\/\/weiyuemachinery.com\/?post_type=product&#038;p=2959"},"modified":"2026-02-03T01:27:00","modified_gmt":"2026-02-03T01:27:00","slug":"surface-plate","status":"publish","type":"product","link":"https:\/\/weiyuemachinery.com\/de\/product\/surface-plate\/","title":{"rendered":"Oberfl\u00e4che Platte"},"content":{"rendered":"<p>Oberfl\u00e4chenplatte Verwendungen: Es ist ein Messstandard f\u00fcr die Pr\u00fcfung der Form und Position Toleranz der mechanischen Teile wie Ebene, Parallelit\u00e4t, Geradheit, etc. Es kann auch f\u00fcr allgemeine Teile und Teile der Markierung, Nieten und Schleifen Prozess und Messung verwendet werden. Die Arbeitsfl\u00e4che ist mit Linien markiert, die bequem f\u00fcr die Messung und Referenz bei der Arbeit verwendet werden kann. Bequem und praktisch.<\/p>\n<p>Spezifikationen f\u00fcr Oberfl\u00e4chenplattformen: 200\u00d7200 bis 2000\u00d74000mm (die Spezifikationen k\u00f6nnen nach den Zeichnungen des Benutzers angepasst werden).<\/p>\n<p>Oberfl\u00e4che Plattformen (Platte) Material: Gusseisen HT200-300 Arbeitsfl\u00e4che H\u00e4rte HB170-240, nach zwei manuellen Behandlung (k\u00fcnstliche Gl\u00fchen 600-700 Grad oder nat\u00fcrliche Alterung 2-3 Jahre) die Verwendung des Produkts Genauigkeit ist stabil, kann gut sein.<\/p>\n<p>Oberfl\u00e4chenplattformen (Platte) Spezifikationen: 200\u00d7200-3000\u00d78000mm (Spezifikationen k\u00f6nnen entsprechend den Benutzerzeichnungen oder der Produktion und der Verarbeitung angepasst werden, die von beiden Parteien vereinbart werden).<\/p>\n<p>Anwendung der Oberfl\u00e4chenplattformen: geeignet f\u00fcr alle Arten von Inspektionsarbeiten, die Bezugsebene f\u00fcr die Messung; verwendet f\u00fcr Werkzeugmaschinen mechanische Inspektion und Mess-Standards; Pr\u00fcfen Sie die Ma\u00dfhaltigkeit oder Formabweichung der Teile, und machen eine enge Linie, die auch ein grundlegendes Instrument in der mechanischen Fertigung ist.<\/p>\n<p>Pr\u00fcfung der Oberfl\u00e4chenqualit\u00e4t von Plattformen: Pr\u00fcfung nach der F\u00e4rbemethode. Stufe 0, Stufe 1 Platte darf nicht weniger als 25 Punkte in einem Bereich von 25 mm Platz auf jeder Seite, Stufe 2 darf nicht weniger als 20 Punkte, und Stufe 3 darf nicht weniger als 12 Punkte sein.<\/p>\n<p>Material: HT200~HT300<\/p>\n<p>H\u00e4rte: HB170~220<\/p>\n<p>&nbsp;<\/p>\n<p style=\"text-align: center;\"><strong>Oberfl\u00e4che Platte<\/strong><\/p>\n<p>&nbsp;<\/p>\n<p><img fetchpriority=\"high\" decoding=\"async\" class=\"aligncenter wp-image-2960 size-full\" src=\"https:\/\/weiyuemachinery.com\/wp-content\/uploads\/2026\/02\/e52b03d4763012785ac6fb896a748f14.png\" alt=\"\" width=\"914\" height=\"1569\" srcset=\"https:\/\/weiyuemachinery.com\/wp-content\/uploads\/2026\/02\/e52b03d4763012785ac6fb896a748f14.png 914w, https:\/\/weiyuemachinery.com\/wp-content\/uploads\/2026\/02\/e52b03d4763012785ac6fb896a748f14-175x300.png 175w, https:\/\/weiyuemachinery.com\/wp-content\/uploads\/2026\/02\/e52b03d4763012785ac6fb896a748f14-597x1024.png 597w, https:\/\/weiyuemachinery.com\/wp-content\/uploads\/2026\/02\/e52b03d4763012785ac6fb896a748f14-768x1318.png 768w, https:\/\/weiyuemachinery.com\/wp-content\/uploads\/2026\/02\/e52b03d4763012785ac6fb896a748f14-895x1536.png 895w, https:\/\/weiyuemachinery.com\/wp-content\/uploads\/2026\/02\/e52b03d4763012785ac6fb896a748f14-600x1030.png 600w\" sizes=\"(max-width: 914px) 100vw, 914px\" \/><\/p>","protected":false},"excerpt":{"rendered":"<div>Unsere Oberfl\u00e4chenplatte ist ein unverzichtbares Referenzwerkzeug f\u00fcr Pr\u00e4zisionsmessungen, Markierungen und Montage bei der Bearbeitung und Pr\u00fcfung.<\/div>\n<div>Es wird aus hochwertigem Gusseisen (HT200-300) hergestellt und einer Spannungsarmgl\u00fchung oder einer nat\u00fcrlichen Alterungsbehandlung unterzogen. Dies gew\u00e4hrleistet eine stabile H\u00e4rte der Arbeitsfl\u00e4che (HB170-240) und langfristige Ma\u00dfhaltigkeit.<\/div>\n<div><\/div>","protected":false},"featured_media":2961,"comment_status":"open","ping_status":"closed","template":"","meta":{"site-sidebar-layout":"default","site-content-layout":"","ast-site-content-layout":"default","site-content-style":"default","site-sidebar-style":"default","ast-global-header-display":"","ast-banner-title-visibility":"","ast-main-header-display":"","ast-hfb-above-header-display":"","ast-hfb-below-header-display":"","ast-hfb-mobile-header-display":"","site-post-title":"","ast-breadcrumbs-content":"","ast-featured-img":"","footer-sml-layout":"","ast-disable-related-posts":"","theme-transparent-header-meta":"default","adv-header-id-meta":"","stick-header-meta":"default","header-above-stick-meta":"","header-main-stick-meta":"","header-below-stick-meta":"","astra-migrate-meta-layouts":"set","ast-page-background-enabled":"default","ast-page-background-meta":{"desktop":{"background-color":"","background-image":"","background-repeat":"repeat","background-position":"center center","background-size":"auto","background-attachment":"scroll","background-type":"","background-media":"","overlay-type":"","overlay-color":"","overlay-opacity":"","overlay-gradient":""},"tablet":{"background-color":"","background-image":"","background-repeat":"repeat","background-position":"center center","background-size":"auto","background-attachment":"scroll","background-type":"","background-media":"","overlay-type":"","overlay-color":"","overlay-opacity":"","overlay-gradient":""},"mobile":{"background-color":"","background-image":"","background-repeat":"repeat","background-position":"center center","background-size":"auto","background-attachment":"scroll","background-type":"","background-media":"","overlay-type":"","overlay-color":"","overlay-opacity":"","overlay-gradient":""}},"ast-content-background-meta":{"desktop":{"background-color":"var(--ast-global-color-5)","background-image":"","background-repeat":"repeat","background-position":"center center","background-size":"auto","background-attachment":"scroll","background-type":"","background-media":"","overlay-type":"","overlay-color":"","overlay-opacity":"","overlay-gradient":""},"tablet":{"background-color":"var(--ast-global-color-5)","background-image":"","background-repeat":"repeat","background-position":"center center","background-size":"auto","background-attachment":"scroll","background-type":"","background-media":"","overlay-type":"","overlay-color":"","overlay-opacity":"","overlay-gradient":""},"mobile":{"background-color":"var(--ast-global-color-5)","background-image":"","background-repeat":"repeat","background-position":"center center","background-size":"auto","background-attachment":"scroll","background-type":"","background-media":"","overlay-type":"","overlay-color":"","overlay-opacity":"","overlay-gradient":""}}},"product_brand":[],"product_cat":[62],"product_tag":[],"class_list":{"0":"post-2959","1":"product","2":"type-product","3":"status-publish","4":"has-post-thumbnail","6":"product_cat-surface-plate","7":"desktop-align-left","8":"tablet-align-left","9":"mobile-align-left","10":"ast-product-gallery-layout-horizontal-slider","11":"ast-product-gallery-with-no-image","12":"ast-product-tabs-layout-horizontal","14":"first","15":"instock","16":"shipping-taxable","17":"purchasable","18":"product-type-simple"},"_links":{"self":[{"href":"https:\/\/weiyuemachinery.com\/de\/wp-json\/wp\/v2\/product\/2959","targetHints":{"allow":["GET"]}}],"collection":[{"href":"https:\/\/weiyuemachinery.com\/de\/wp-json\/wp\/v2\/product"}],"about":[{"href":"https:\/\/weiyuemachinery.com\/de\/wp-json\/wp\/v2\/types\/product"}],"replies":[{"embeddable":true,"href":"https:\/\/weiyuemachinery.com\/de\/wp-json\/wp\/v2\/comments?post=2959"}],"wp:featuredmedia":[{"embeddable":true,"href":"https:\/\/weiyuemachinery.com\/de\/wp-json\/wp\/v2\/media\/2961"}],"wp:attachment":[{"href":"https:\/\/weiyuemachinery.com\/de\/wp-json\/wp\/v2\/media?parent=2959"}],"wp:term":[{"taxonomy":"product_brand","embeddable":true,"href":"https:\/\/weiyuemachinery.com\/de\/wp-json\/wp\/v2\/product_brand?post=2959"},{"taxonomy":"product_cat","embeddable":true,"href":"https:\/\/weiyuemachinery.com\/de\/wp-json\/wp\/v2\/product_cat?post=2959"},{"taxonomy":"product_tag","embeddable":true,"href":"https:\/\/weiyuemachinery.com\/de\/wp-json\/wp\/v2\/product_tag?post=2959"}],"curies":[{"name":"wp","href":"https:\/\/api.w.org\/{rel}","templated":true}]}}