{"id":2917,"date":"2026-02-02T06:16:18","date_gmt":"2026-02-02T06:16:18","guid":{"rendered":"https:\/\/weiyuemachinery.com\/?post_type=product&#038;p=2917"},"modified":"2026-02-02T06:16:18","modified_gmt":"2026-02-02T06:16:18","slug":"d28-2d-welding-table","status":"publish","type":"product","link":"https:\/\/weiyuemachinery.com\/es\/product\/d28-2d-welding-table\/","title":{"rendered":"D28 Mesa de soldadura 2D"},"content":{"rendered":"<p>La mesa de soldadura 2D es un sistema universal de sujeci\u00f3n y fijaci\u00f3n de soldadura para satisfacer los requisitos de fijaci\u00f3n de cualquier estructura de soldadura diferente.<\/p>\n<ul>\n<li><strong><b>Estructura:<\/b><\/strong>La parte trasera est\u00e1 equipada con placas de refuerzo estructural bidireccionales horizontales y verticales para garantizar la resistencia y la ligereza del dise\u00f1o.<br \/>\n\u25cf<strong><b>Rejilla diagonal:<\/b><\/strong>D28 mide 100*100 mm;<br \/>\n\u25cf<strong><b>Apoyando:<\/b><\/strong>patas, marco de acero y caja de elevaci\u00f3n hidr\u00e1ulica, de acuerdo con los requisitos\uff0cLas patas de soporte est\u00e1n disponibles en tipos est\u00e1ndar, amortiguadores, fijos y ajustables en altura.<br \/>\n\u25cf<strong><b>Escala:<\/b><\/strong>Las escalas de los ejes X e Y pueden personalizarse.<br \/>\n\u25cf<strong><b>Tratamiento de la superficie:<\/b><\/strong><\/li>\n<\/ul>\n<ol>\n<li>Tratamiento de nitruraci\u00f3n, que mejora eficazmente la dureza, previene la oxidaci\u00f3n y evita la adherencia de la escoria de soldadura.<br \/>\n2. Recubierto con aceite antioxidante de alta calidad.<br \/>\n\u25cf<strong><b>Tratamiento de bordes:<\/b><\/strong>Todos los bordes afilados est\u00e1n redondeados para reducir el riesgo de cortes.<br \/>\n\u25cf<strong><b>Montaje:<\/b><\/strong>El sistema de accesorios es modular, se adapta a la soldadura de diversos productos y se puede combinar libremente para su uso, satisfaciendo las necesidades de producci\u00f3n y reduciendo los costes de producci\u00f3n.<br \/>\n\u25cf<strong><b>Personalizaci\u00f3n:<\/b><\/strong>Se pueden personalizar requisitos especiales.<\/li>\n<\/ol>\n<table>\n<tbody>\n<tr>\n<td width=\"449\">\n<p style=\"text-align: center;\"><strong><b>2<\/b><\/strong><strong><b>Mesa de soldadura - D<\/b><\/strong><strong><b>28<\/b><\/strong><strong><b>\u00a0serie<\/b><\/strong><\/p>\n<\/td>\n<\/tr>\n<tr>\n<td width=\"449\">\n<p style=\"text-align: center;\"><strong><b>Aperture\uff1a\u03c628.065\u2013\u03c628.149mm <\/b><\/strong><\/p>\n<p style=\"text-align: center;\"><strong><b>Distancia entre orificios\uff1aL1=100\u00b10,05mm <\/b><\/strong><\/p>\n<p style=\"text-align: center;\"><strong><b>Planitud\uff1a0,05\/1000mm <\/b><\/strong><\/p>\n<p style=\"text-align: center;\"><strong><b>Verticalidad\uff1a0,02\/200mm <\/b><\/strong><\/p>\n<p style=\"text-align: center;\"><strong><b>Rugosidad superficial\uff1aRA3.2 <\/b><\/strong><\/p>\n<p style=\"text-align: center;\"><strong><b>Rodamiento de pierna\uff1a0.5T\u3001<\/b><\/strong><strong><b>1.5<\/b><\/strong><strong><b>T<\/b><\/strong><\/p>\n<p style=\"text-align: center;\"><strong><b>Cojinete del bastidor\uff1a5T -15T<\/b><\/strong><\/p>\n<p style=\"text-align: center;\"><strong><b>Dureza de nitruraci\u00f3n<\/b><\/strong><strong><b>\uff1a<\/b><\/strong><strong><b>HV450~HV630<\/b><\/strong><\/p>\n<p style=\"text-align: center;\"><strong><b>No Nitriding hardnes: <\/b><\/strong><strong><b>Acero HB150-170, <\/b><\/strong><\/p>\n<p style=\"text-align: center;\"><strong><b>hierro HB180-220<\/b><\/strong><\/p>\n<p style=\"text-align: center;\"><strong><b>Specifications:1000*800~4000*2000mm<\/b><\/strong><\/p>\n<\/td>\n<\/tr>\n<\/tbody>\n<\/table>\n<p>&nbsp;<\/p>\n<p style=\"text-align: center;\"><strong>Mesa de soldadura 2D<\/strong><\/p>\n<p>&nbsp;<\/p>\n<table>\n<tbody>\n<tr>\n<td colspan=\"2\" width=\"285\">\n<p style=\"text-align: center;\"><strong><b>D<\/b><\/strong><strong><b>28<\/b><\/strong><strong><b>\u00a0Serie<\/b><\/strong><\/p>\n<\/td>\n<\/tr>\n<tr>\n<td width=\"142\">\n<p style=\"text-align: center;\"><strong><b>C\u00f3digo<\/b><\/strong><\/p>\n<\/td>\n<td style=\"text-align: center;\" width=\"143\"><strong><b>Talla<\/b><\/strong><strong><b>\u00a0(mm)<\/b><\/strong><\/td>\n<\/tr>\n<tr>\n<td width=\"142\">\n<p style=\"text-align: center;\">WY2811001<\/p>\n<\/td>\n<td style=\"text-align: center;\" width=\"143\">1000*800*150<\/td>\n<\/tr>\n<tr>\n<td style=\"text-align: center;\" width=\"142\">WY2811002<\/td>\n<td width=\"143\">\n<p style=\"text-align: center;\">1200*800*150<\/p>\n<\/td>\n<\/tr>\n<tr>\n<td style=\"text-align: center;\" width=\"142\">WY2811003<\/td>\n<td width=\"143\">\n<p style=\"text-align: center;\">1000*1000*150<\/p>\n<\/td>\n<\/tr>\n<tr>\n<td style=\"text-align: center;\" width=\"142\">WY2811004<\/td>\n<td width=\"143\">\n<p style=\"text-align: center;\">1200*1000*150<\/p>\n<\/td>\n<\/tr>\n<tr>\n<td width=\"142\">\n<p style=\"text-align: center;\">WY2811005<\/p>\n<\/td>\n<td style=\"text-align: center;\" width=\"143\">1200*1200*150<\/td>\n<\/tr>\n<tr>\n<td style=\"text-align: center;\" width=\"142\">WY2811006<\/td>\n<td width=\"143\">\n<p style=\"text-align: center;\">1500*1000*150<\/p>\n<\/td>\n<\/tr>\n<tr>\n<td width=\"142\">\n<p style=\"text-align: center;\">WY2811007<\/p>\n<\/td>\n<td style=\"text-align: center;\" width=\"143\">3000*1000*150<\/td>\n<\/tr>\n<tr>\n<td style=\"text-align: center;\" width=\"142\">WY2811008<\/td>\n<td width=\"143\">\n<p style=\"text-align: center;\">1500*1500*150<\/p>\n<\/td>\n<\/tr>\n<tr>\n<td width=\"142\">\n<p style=\"text-align: center;\">WY2811009<\/p>\n<\/td>\n<td style=\"text-align: center;\" width=\"143\">2000*1000*150<\/td>\n<\/tr>\n<tr>\n<td style=\"text-align: center;\" width=\"142\">WY2811010<\/td>\n<td width=\"143\">\n<p style=\"text-align: center;\">2400*1200*150<\/p>\n<\/td>\n<\/tr>\n<tr>\n<td width=\"142\">\n<p style=\"text-align: center;\">WY2811011<\/p>\n<\/td>\n<td style=\"text-align: center;\" width=\"143\">2000*1500*150<\/td>\n<\/tr>\n<tr>\n<td style=\"text-align: center;\" width=\"142\">WY2811012<\/td>\n<td width=\"143\">\n<p style=\"text-align: center;\">2500*1500*150<\/p>\n<\/td>\n<\/tr>\n<tr>\n<td width=\"142\">\n<p style=\"text-align: center;\">WY2811013<\/p>\n<\/td>\n<td style=\"text-align: center;\" width=\"143\">3000*1500*150<\/td>\n<\/tr>\n<tr>\n<td style=\"text-align: center;\" width=\"142\">WY2811014<\/td>\n<td width=\"143\">\n<p style=\"text-align: center;\">2000*2000*150<\/p>\n<\/td>\n<\/tr>\n<tr>\n<td width=\"142\">\n<p style=\"text-align: center;\">WY2811015<\/p>\n<\/td>\n<td style=\"text-align: center;\" width=\"143\">2500*2000*150<\/td>\n<\/tr>\n<tr>\n<td width=\"142\">\n<p style=\"text-align: center;\">WY2811016<\/p>\n<\/td>\n<td width=\"143\">\n<p style=\"text-align: center;\">3000*2000*150<\/p>\n<\/td>\n<\/tr>\n<tr>\n<td style=\"text-align: center;\" width=\"142\">WY2811017<\/td>\n<td width=\"143\">\n<p style=\"text-align: center;\">4000*2000*150<\/p>\n<\/td>\n<\/tr>\n<\/tbody>\n<\/table>","protected":false},"excerpt":{"rendered":"<p>Un sistema de sujeci\u00f3n universal y robusto para fijar <em>cualquier pieza de soldadura<\/em>\u00a0(todas las formas\/tama\u00f1os). Su placa trasera reforzada de doble direcci\u00f3n equilibra una gran resistencia y una f\u00e1cil maniobrabilidad, mientras que el dise\u00f1o de orificios de rejilla (orificios de 28 mm) le permite configurar las fijaciones en cuesti\u00f3n de segundos. Duradera, ligera e ideal para soldaduras y fabricaciones precisas.<\/p>\n<p>Tama\u00f1os personalizados disponibles.<\/p>","protected":false},"featured_media":2918,"comment_status":"open","ping_status":"closed","template":"","meta":{"site-sidebar-layout":"default","site-content-layout":"","ast-site-content-layout":"default","site-content-style":"default","site-sidebar-style":"default","ast-global-header-display":"","ast-banner-title-visibility":"","ast-main-header-display":"","ast-hfb-above-header-display":"","ast-hfb-below-header-display":"","ast-hfb-mobile-header-display":"","site-post-title":"","ast-breadcrumbs-content":"","ast-featured-img":"","footer-sml-layout":"","ast-disable-related-posts":"","theme-transparent-header-meta":"default","adv-header-id-meta":"","stick-header-meta":"default","header-above-stick-meta":"","header-main-stick-meta":"","header-below-stick-meta":"","astra-migrate-meta-layouts":"set","ast-page-background-enabled":"default","ast-page-background-meta":{"desktop":{"background-color":"","background-image":"","background-repeat":"repeat","background-position":"center center","background-size":"auto","background-attachment":"scroll","background-type":"","background-media":"","overlay-type":"","overlay-color":"","overlay-opacity":"","overlay-gradient":""},"tablet":{"background-color":"","background-image":"","background-repeat":"repeat","background-position":"center center","background-size":"auto","background-attachment":"scroll","background-type":"","background-media":"","overlay-type":"","overlay-color":"","overlay-opacity":"","overlay-gradient":""},"mobile":{"background-color":"","background-image":"","background-repeat":"repeat","background-position":"center center","background-size":"auto","background-attachment":"scroll","background-type":"","background-media":"","overlay-type":"","overlay-color":"","overlay-opacity":"","overlay-gradient":""}},"ast-content-background-meta":{"desktop":{"background-color":"var(--ast-global-color-5)","background-image":"","background-repeat":"repeat","background-position":"center center","background-size":"auto","background-attachment":"scroll","background-type":"","background-media":"","overlay-type":"","overlay-color":"","overlay-opacity":"","overlay-gradient":""},"tablet":{"background-color":"var(--ast-global-color-5)","background-image":"","background-repeat":"repeat","background-position":"center center","background-size":"auto","background-attachment":"scroll","background-type":"","background-media":"","overlay-type":"","overlay-color":"","overlay-opacity":"","overlay-gradient":""},"mobile":{"background-color":"var(--ast-global-color-5)","background-image":"","background-repeat":"repeat","background-position":"center center","background-size":"auto","background-attachment":"scroll","background-type":"","background-media":"","overlay-type":"","overlay-color":"","overlay-opacity":"","overlay-gradient":""}}},"product_brand":[],"product_cat":[56,55],"product_tag":[],"class_list":{"0":"post-2917","1":"product","2":"type-product","3":"status-publish","4":"has-post-thumbnail","6":"product_cat-2d-welding-table","7":"product_cat-2d-3d-welding-table","8":"desktop-align-left","9":"tablet-align-left","10":"mobile-align-left","11":"ast-product-gallery-layout-horizontal-slider","12":"ast-product-gallery-with-no-image","13":"ast-product-tabs-layout-horizontal","15":"first","16":"instock","17":"shipping-taxable","18":"purchasable","19":"product-type-simple"},"_links":{"self":[{"href":"https:\/\/weiyuemachinery.com\/es\/wp-json\/wp\/v2\/product\/2917","targetHints":{"allow":["GET"]}}],"collection":[{"href":"https:\/\/weiyuemachinery.com\/es\/wp-json\/wp\/v2\/product"}],"about":[{"href":"https:\/\/weiyuemachinery.com\/es\/wp-json\/wp\/v2\/types\/product"}],"replies":[{"embeddable":true,"href":"https:\/\/weiyuemachinery.com\/es\/wp-json\/wp\/v2\/comments?post=2917"}],"wp:featuredmedia":[{"embeddable":true,"href":"https:\/\/weiyuemachinery.com\/es\/wp-json\/wp\/v2\/media\/2918"}],"wp:attachment":[{"href":"https:\/\/weiyuemachinery.com\/es\/wp-json\/wp\/v2\/media?parent=2917"}],"wp:term":[{"taxonomy":"product_brand","embeddable":true,"href":"https:\/\/weiyuemachinery.com\/es\/wp-json\/wp\/v2\/product_brand?post=2917"},{"taxonomy":"product_cat","embeddable":true,"href":"https:\/\/weiyuemachinery.com\/es\/wp-json\/wp\/v2\/product_cat?post=2917"},{"taxonomy":"product_tag","embeddable":true,"href":"https:\/\/weiyuemachinery.com\/es\/wp-json\/wp\/v2\/product_tag?post=2917"}],"curies":[{"name":"wp","href":"https:\/\/api.w.org\/{rel}","templated":true}]}}