{"id":2950,"date":"2026-02-02T07:28:46","date_gmt":"2026-02-02T07:28:46","guid":{"rendered":"https:\/\/weiyuemachinery.com\/?post_type=product&#038;p=2950"},"modified":"2026-02-03T01:12:12","modified_gmt":"2026-02-03T01:12:12","slug":"positioning-angle-ruler","status":"publish","type":"product","link":"https:\/\/weiyuemachinery.com\/es\/product\/positioning-angle-ruler\/","title":{"rendered":"Regla de \u00e1ngulos de posicionamiento"},"content":{"rendered":"<p>La escuadra de posicionamiento es un componente que localiza con precisi\u00f3n la pieza de trabajo para alcanzar los requisitos de precisi\u00f3n dimensional en el proceso de mecanizado.<br \/>\nSerie D28: Hay agujeros est\u00e1ndar \u03a628 o agujeros de cintura larga en cada intervalo de 50 mm en el m\u00f3dulo, que puede realizar el posicionamiento y la sujeci\u00f3n de la pieza de trabajo.<br \/>\nSerie D16: Hay agujeros \u03a616 est\u00e1ndar o agujeros de cintura larga en cada intervalo de 25 mm en el m\u00f3dulo, que puede realizar el posicionamiento y la sujeci\u00f3n de la pieza de trabajo.<br \/>\n\u25ba Este tipo de pieza de posicionamiento se utiliza ampliamente;<br \/>\n\u25ba Puede utilizarse como ampliaci\u00f3n de la plataforma;<br \/>\n\u25ba Dise\u00f1o ajustable con comedero en la parte inferior;<br \/>\n\u25ba Siete tipos de subagujeros\/ranuras \/, agujeros\/agujeros, ranuras\/agujeros;<br \/>\nLa funci\u00f3n principal del cuadrado de posicionamiento:<br \/>\n1: Apoy\u00e1ndose en el orificio en forma de U, puede utilizarse para afinar el posicionamiento de las piezas;<br \/>\n2: La escuadra Angle con otros accesorios, se puede colocar a cualquier altura o Angle;<\/p>\n<p>3: Puede utilizarse como soporte de compresi\u00f3n.<\/p>\n<p>&nbsp;<\/p>\n<p style=\"text-align: center;\"><strong>Regla de \u00e1ngulos de posicionamiento<\/strong><\/p>\n<p>&nbsp;<\/p>\n<p><img fetchpriority=\"high\" decoding=\"async\" class=\"aligncenter wp-image-2951 size-full\" src=\"https:\/\/weiyuemachinery.com\/wp-content\/uploads\/2026\/02\/1126c81ba2e887ce9d92e9bd8d523302.png\" alt=\"\" width=\"635\" height=\"794\" srcset=\"https:\/\/weiyuemachinery.com\/wp-content\/uploads\/2026\/02\/1126c81ba2e887ce9d92e9bd8d523302.png 635w, https:\/\/weiyuemachinery.com\/wp-content\/uploads\/2026\/02\/1126c81ba2e887ce9d92e9bd8d523302-240x300.png 240w, https:\/\/weiyuemachinery.com\/wp-content\/uploads\/2026\/02\/1126c81ba2e887ce9d92e9bd8d523302-600x750.png 600w\" sizes=\"(max-width: 635px) 100vw, 635px\" \/><\/p>\n<p>&nbsp;<\/p>","protected":false},"excerpt":{"rendered":"<p>Este componente garantiza el posicionamiento preciso de la pieza para cumplir los requisitos de precisi\u00f3n dimensional en el mecanizado. Para la serie D28: El m\u00f3dulo cuenta con orificios \u03a628 est\u00e1ndar u orificios de cintura larga cada 50 mm, lo que permite un posicionamiento flexible y preciso de la pieza de trabajo, ideal para escenarios que requieren un control estricto del tama\u00f1o (por ejemplo, soldadura, ensamblaje).<\/p>","protected":false},"featured_media":2930,"comment_status":"open","ping_status":"closed","template":"","meta":{"site-sidebar-layout":"default","site-content-layout":"","ast-site-content-layout":"default","site-content-style":"default","site-sidebar-style":"default","ast-global-header-display":"","ast-banner-title-visibility":"","ast-main-header-display":"","ast-hfb-above-header-display":"","ast-hfb-below-header-display":"","ast-hfb-mobile-header-display":"","site-post-title":"","ast-breadcrumbs-content":"","ast-featured-img":"","footer-sml-layout":"","ast-disable-related-posts":"","theme-transparent-header-meta":"default","adv-header-id-meta":"","stick-header-meta":"default","header-above-stick-meta":"","header-main-stick-meta":"","header-below-stick-meta":"","astra-migrate-meta-layouts":"set","ast-page-background-enabled":"default","ast-page-background-meta":{"desktop":{"background-color":"","background-image":"","background-repeat":"repeat","background-position":"center center","background-size":"auto","background-attachment":"scroll","background-type":"","background-media":"","overlay-type":"","overlay-color":"","overlay-opacity":"","overlay-gradient":""},"tablet":{"background-color":"","background-image":"","background-repeat":"repeat","background-position":"center center","background-size":"auto","background-attachment":"scroll","background-type":"","background-media":"","overlay-type":"","overlay-color":"","overlay-opacity":"","overlay-gradient":""},"mobile":{"background-color":"","background-image":"","background-repeat":"repeat","background-position":"center center","background-size":"auto","background-attachment":"scroll","background-type":"","background-media":"","overlay-type":"","overlay-color":"","overlay-opacity":"","overlay-gradient":""}},"ast-content-background-meta":{"desktop":{"background-color":"var(--ast-global-color-5)","background-image":"","background-repeat":"repeat","background-position":"center center","background-size":"auto","background-attachment":"scroll","background-type":"","background-media":"","overlay-type":"","overlay-color":"","overlay-opacity":"","overlay-gradient":""},"tablet":{"background-color":"var(--ast-global-color-5)","background-image":"","background-repeat":"repeat","background-position":"center center","background-size":"auto","background-attachment":"scroll","background-type":"","background-media":"","overlay-type":"","overlay-color":"","overlay-opacity":"","overlay-gradient":""},"mobile":{"background-color":"var(--ast-global-color-5)","background-image":"","background-repeat":"repeat","background-position":"center center","background-size":"auto","background-attachment":"scroll","background-type":"","background-media":"","overlay-type":"","overlay-color":"","overlay-opacity":"","overlay-gradient":""}}},"product_brand":[],"product_cat":[61],"product_tag":[],"class_list":{"0":"post-2950","1":"product","2":"type-product","3":"status-publish","4":"has-post-thumbnail","6":"product_cat-accessories-2","7":"desktop-align-left","8":"tablet-align-left","9":"mobile-align-left","10":"ast-product-gallery-layout-horizontal-slider","11":"ast-product-gallery-with-no-image","12":"ast-product-tabs-layout-horizontal","14":"first","15":"instock","16":"shipping-taxable","17":"purchasable","18":"product-type-simple"},"_links":{"self":[{"href":"https:\/\/weiyuemachinery.com\/es\/wp-json\/wp\/v2\/product\/2950","targetHints":{"allow":["GET"]}}],"collection":[{"href":"https:\/\/weiyuemachinery.com\/es\/wp-json\/wp\/v2\/product"}],"about":[{"href":"https:\/\/weiyuemachinery.com\/es\/wp-json\/wp\/v2\/types\/product"}],"replies":[{"embeddable":true,"href":"https:\/\/weiyuemachinery.com\/es\/wp-json\/wp\/v2\/comments?post=2950"}],"wp:featuredmedia":[{"embeddable":true,"href":"https:\/\/weiyuemachinery.com\/es\/wp-json\/wp\/v2\/media\/2930"}],"wp:attachment":[{"href":"https:\/\/weiyuemachinery.com\/es\/wp-json\/wp\/v2\/media?parent=2950"}],"wp:term":[{"taxonomy":"product_brand","embeddable":true,"href":"https:\/\/weiyuemachinery.com\/es\/wp-json\/wp\/v2\/product_brand?post=2950"},{"taxonomy":"product_cat","embeddable":true,"href":"https:\/\/weiyuemachinery.com\/es\/wp-json\/wp\/v2\/product_cat?post=2950"},{"taxonomy":"product_tag","embeddable":true,"href":"https:\/\/weiyuemachinery.com\/es\/wp-json\/wp\/v2\/product_tag?post=2950"}],"curies":[{"name":"wp","href":"https:\/\/api.w.org\/{rel}","templated":true}]}}