{"id":2952,"date":"2026-02-02T07:34:11","date_gmt":"2026-02-02T07:34:11","guid":{"rendered":"https:\/\/weiyuemachinery.com\/?post_type=product&#038;p=2952"},"modified":"2026-02-03T01:12:05","modified_gmt":"2026-02-03T01:12:05","slug":"angle-adjustor","status":"publish","type":"product","link":"https:\/\/weiyuemachinery.com\/es\/product\/angle-adjustor\/","title":{"rendered":"Ajuste del \u00e1ngulo"},"content":{"rendered":"<p>El ajustador de \u00e1ngulos es un componente auxiliar de precisi\u00f3n dise\u00f1ado para aplicaciones industriales de sujeci\u00f3n, soldadura y mecanizado. Resuelve el problema de las limitaciones de \u00e1ngulo fijo en el posicionamiento de la pieza de trabajo, permitiendo un ajuste flexible del \u00e1ngulo y un bloqueo estable para satisfacer diversos requisitos de procesamiento.<\/p>\n<p>Caracter\u00edsticas principales<\/p>\n<p>1.Control preciso del \u00e1nguloEquipada con un dial (visible en la articulaci\u00f3n giratoria), permite un ajuste preciso del \u00e1ngulo (el rango espec\u00edfico depende del modelo) para un posicionamiento preciso de las piezas de trabajo \/ accesorios.<\/p>\n<p>2.Rendimiento de bloqueo estableLa articulaci\u00f3n giratoria y la estructura de m\u00faltiples orificios (en los brazos) permiten un bloqueo firme mediante fijaciones, garantizando que no se produzca ning\u00fan desplazamiento durante el procesamiento de cargas elevadas.<\/p>\n<p>3.Amplia CompatibilidadEl dise\u00f1o poroso de ambos brazos coincide con las posiciones est\u00e1ndar de los orificios de la plataforma\/fijaci\u00f3n, lo que permite una combinaci\u00f3n flexible con bancos de trabajo, bloques de apoyo y otros accesorios.<\/p>\n<p>&nbsp;<\/p>\n<p style=\"text-align: center;\"><strong>Ajuste del \u00e1ngulo<\/strong><\/p>\n<p>&nbsp;<\/p>\n<p><img fetchpriority=\"high\" decoding=\"async\" class=\"aligncenter wp-image-2953 size-full\" src=\"https:\/\/weiyuemachinery.com\/wp-content\/uploads\/2026\/02\/8be828340752cf787c014d6791d7e448.png\" alt=\"\" width=\"655\" height=\"255\" srcset=\"https:\/\/weiyuemachinery.com\/wp-content\/uploads\/2026\/02\/8be828340752cf787c014d6791d7e448.png 655w, https:\/\/weiyuemachinery.com\/wp-content\/uploads\/2026\/02\/8be828340752cf787c014d6791d7e448-300x117.png 300w, https:\/\/weiyuemachinery.com\/wp-content\/uploads\/2026\/02\/8be828340752cf787c014d6791d7e448-600x234.png 600w\" sizes=\"(max-width: 655px) 100vw, 655px\" \/><\/p>","protected":false},"excerpt":{"rendered":"<p>Se trata de un componente flexible de ajuste de \u00e1ngulos para situaciones industriales de sujeci\u00f3n y posicionamiento. Presenta una estructura giratoria (con un dial para un control preciso) y un dise\u00f1o de m\u00faltiples orificios, lo que permite a los usuarios ajustar y bloquear el \u00e1ngulo de las piezas de trabajo o accesorios seg\u00fan sea necesario. Ideal para tareas de soldadura, mecanizado y montaje que requieren un soporte de \u00e1ngulo variable.<\/p>","protected":false},"featured_media":2931,"comment_status":"open","ping_status":"closed","template":"","meta":{"site-sidebar-layout":"default","site-content-layout":"","ast-site-content-layout":"default","site-content-style":"default","site-sidebar-style":"default","ast-global-header-display":"","ast-banner-title-visibility":"","ast-main-header-display":"","ast-hfb-above-header-display":"","ast-hfb-below-header-display":"","ast-hfb-mobile-header-display":"","site-post-title":"","ast-breadcrumbs-content":"","ast-featured-img":"","footer-sml-layout":"","ast-disable-related-posts":"","theme-transparent-header-meta":"default","adv-header-id-meta":"","stick-header-meta":"default","header-above-stick-meta":"","header-main-stick-meta":"","header-below-stick-meta":"","astra-migrate-meta-layouts":"set","ast-page-background-enabled":"default","ast-page-background-meta":{"desktop":{"background-color":"","background-image":"","background-repeat":"repeat","background-position":"center center","background-size":"auto","background-attachment":"scroll","background-type":"","background-media":"","overlay-type":"","overlay-color":"","overlay-opacity":"","overlay-gradient":""},"tablet":{"background-color":"","background-image":"","background-repeat":"repeat","background-position":"center center","background-size":"auto","background-attachment":"scroll","background-type":"","background-media":"","overlay-type":"","overlay-color":"","overlay-opacity":"","overlay-gradient":""},"mobile":{"background-color":"","background-image":"","background-repeat":"repeat","background-position":"center center","background-size":"auto","background-attachment":"scroll","background-type":"","background-media":"","overlay-type":"","overlay-color":"","overlay-opacity":"","overlay-gradient":""}},"ast-content-background-meta":{"desktop":{"background-color":"var(--ast-global-color-5)","background-image":"","background-repeat":"repeat","background-position":"center center","background-size":"auto","background-attachment":"scroll","background-type":"","background-media":"","overlay-type":"","overlay-color":"","overlay-opacity":"","overlay-gradient":""},"tablet":{"background-color":"var(--ast-global-color-5)","background-image":"","background-repeat":"repeat","background-position":"center center","background-size":"auto","background-attachment":"scroll","background-type":"","background-media":"","overlay-type":"","overlay-color":"","overlay-opacity":"","overlay-gradient":""},"mobile":{"background-color":"var(--ast-global-color-5)","background-image":"","background-repeat":"repeat","background-position":"center center","background-size":"auto","background-attachment":"scroll","background-type":"","background-media":"","overlay-type":"","overlay-color":"","overlay-opacity":"","overlay-gradient":""}}},"product_brand":[],"product_cat":[61],"product_tag":[],"class_list":{"0":"post-2952","1":"product","2":"type-product","3":"status-publish","4":"has-post-thumbnail","6":"product_cat-accessories-2","7":"desktop-align-left","8":"tablet-align-left","9":"mobile-align-left","10":"ast-product-gallery-layout-horizontal-slider","11":"ast-product-gallery-with-no-image","12":"ast-product-tabs-layout-horizontal","14":"first","15":"instock","16":"shipping-taxable","17":"purchasable","18":"product-type-simple"},"_links":{"self":[{"href":"https:\/\/weiyuemachinery.com\/es\/wp-json\/wp\/v2\/product\/2952","targetHints":{"allow":["GET"]}}],"collection":[{"href":"https:\/\/weiyuemachinery.com\/es\/wp-json\/wp\/v2\/product"}],"about":[{"href":"https:\/\/weiyuemachinery.com\/es\/wp-json\/wp\/v2\/types\/product"}],"replies":[{"embeddable":true,"href":"https:\/\/weiyuemachinery.com\/es\/wp-json\/wp\/v2\/comments?post=2952"}],"wp:featuredmedia":[{"embeddable":true,"href":"https:\/\/weiyuemachinery.com\/es\/wp-json\/wp\/v2\/media\/2931"}],"wp:attachment":[{"href":"https:\/\/weiyuemachinery.com\/es\/wp-json\/wp\/v2\/media?parent=2952"}],"wp:term":[{"taxonomy":"product_brand","embeddable":true,"href":"https:\/\/weiyuemachinery.com\/es\/wp-json\/wp\/v2\/product_brand?post=2952"},{"taxonomy":"product_cat","embeddable":true,"href":"https:\/\/weiyuemachinery.com\/es\/wp-json\/wp\/v2\/product_cat?post=2952"},{"taxonomy":"product_tag","embeddable":true,"href":"https:\/\/weiyuemachinery.com\/es\/wp-json\/wp\/v2\/product_tag?post=2952"}],"curies":[{"name":"wp","href":"https:\/\/api.w.org\/{rel}","templated":true}]}}