{"id":2959,"date":"2026-02-03T01:27:00","date_gmt":"2026-02-03T01:27:00","guid":{"rendered":"https:\/\/weiyuemachinery.com\/?post_type=product&#038;p=2959"},"modified":"2026-02-03T01:27:00","modified_gmt":"2026-02-03T01:27:00","slug":"surface-plate","status":"publish","type":"product","link":"https:\/\/weiyuemachinery.com\/es\/product\/surface-plate\/","title":{"rendered":"Placa de superficie"},"content":{"rendered":"<p>Usos de la placa de superficie: es un patr\u00f3n de medici\u00f3n para comprobar la tolerancia de forma y posici\u00f3n de piezas mec\u00e1nicas, como el plano, el paralelismo, la rectitud, etc. Tambi\u00e9n se puede utilizar para piezas generales y piezas del proceso de marcado, remachado y rectificado y medici\u00f3n. La cara de trabajo est\u00e1 marcada con l\u00edneas, que es conveniente para la medici\u00f3n y la referencia que se utilizar\u00e1 en el trabajo. Conveniente y pr\u00e1ctico.<\/p>\n<p>Especificaciones de las plataformas de superficie: 200\u00d7200 a 2000\u00d74000mm (las especificaciones se pueden personalizar seg\u00fan los planos del usuario).<\/p>\n<p>Plataformas de superficie (placa) material: Hierro fundido HT200-300 dureza de la superficie de trabajo HB170-240, despu\u00e9s de dos tratamientos manuales (recocido artificial 600-700 grados o envejecimiento natural 2-3 a\u00f1os) el uso de la precisi\u00f3n del producto es estable, puede ser bueno.<\/p>\n<p>Especificaciones de las plataformas de superficie (placa): 200\u00d7200-3000\u00d78000mm(las especificaciones se pueden personalizar seg\u00fan los planos del usuario o la producci\u00f3n y procesamiento acordados por ambas partes).<\/p>\n<p>Aplicaci\u00f3n de las plataformas de superficie: adecuado para todo tipo de trabajos de inspecci\u00f3n, el plano de referencia para la medici\u00f3n; Se utiliza para la inspecci\u00f3n mec\u00e1nica de la m\u00e1quina herramienta y las normas de medici\u00f3n; Compruebe la precisi\u00f3n dimensional o desviaci\u00f3n de la forma de las piezas, y hacer una l\u00ednea apretada, que es tambi\u00e9n una herramienta b\u00e1sica en la fabricaci\u00f3n mec\u00e1nica.<\/p>\n<p>Inspecci\u00f3n de la calidad de la superficie de las plataformas: prueba por el m\u00e9todo de coloraci\u00f3n. Nivel 0, la placa de nivel 1 no ser\u00e1 inferior a 25 puntos dentro de un rango de 25 mm cuadrados en cada lado, el nivel 2 no ser\u00e1 inferior a 20 puntos, y el nivel 3 no ser\u00e1 inferior a 12 puntos.<\/p>\n<p>Material: HT200~HT300<\/p>\n<p>Dureza: HB170~220<\/p>\n<p>&nbsp;<\/p>\n<p style=\"text-align: center;\"><strong>Placa de superficie<\/strong><\/p>\n<p>&nbsp;<\/p>\n<p><img fetchpriority=\"high\" decoding=\"async\" class=\"aligncenter wp-image-2960 size-full\" src=\"https:\/\/weiyuemachinery.com\/wp-content\/uploads\/2026\/02\/e52b03d4763012785ac6fb896a748f14.png\" alt=\"\" width=\"914\" height=\"1569\" srcset=\"https:\/\/weiyuemachinery.com\/wp-content\/uploads\/2026\/02\/e52b03d4763012785ac6fb896a748f14.png 914w, https:\/\/weiyuemachinery.com\/wp-content\/uploads\/2026\/02\/e52b03d4763012785ac6fb896a748f14-175x300.png 175w, https:\/\/weiyuemachinery.com\/wp-content\/uploads\/2026\/02\/e52b03d4763012785ac6fb896a748f14-597x1024.png 597w, https:\/\/weiyuemachinery.com\/wp-content\/uploads\/2026\/02\/e52b03d4763012785ac6fb896a748f14-768x1318.png 768w, https:\/\/weiyuemachinery.com\/wp-content\/uploads\/2026\/02\/e52b03d4763012785ac6fb896a748f14-895x1536.png 895w, https:\/\/weiyuemachinery.com\/wp-content\/uploads\/2026\/02\/e52b03d4763012785ac6fb896a748f14-600x1030.png 600w\" sizes=\"(max-width: 914px) 100vw, 914px\" \/><\/p>","protected":false},"excerpt":{"rendered":"<div>Nuestra placa de superficie es una herramienta de referencia esencial para la medici\u00f3n de precisi\u00f3n, el marcado y el montaje en el mecanizado y la inspecci\u00f3n.<\/div>\n<div>Fabricada con hierro fundido de alta calidad (HT200-300), se somete a un tratamiento de recocido de alivio de tensiones o envejecimiento natural. Esto garantiza una dureza estable de la superficie de trabajo (HB170-240) y precisi\u00f3n dimensional a largo plazo.<\/div>\n<div><\/div>","protected":false},"featured_media":2961,"comment_status":"open","ping_status":"closed","template":"","meta":{"site-sidebar-layout":"default","site-content-layout":"","ast-site-content-layout":"default","site-content-style":"default","site-sidebar-style":"default","ast-global-header-display":"","ast-banner-title-visibility":"","ast-main-header-display":"","ast-hfb-above-header-display":"","ast-hfb-below-header-display":"","ast-hfb-mobile-header-display":"","site-post-title":"","ast-breadcrumbs-content":"","ast-featured-img":"","footer-sml-layout":"","ast-disable-related-posts":"","theme-transparent-header-meta":"default","adv-header-id-meta":"","stick-header-meta":"default","header-above-stick-meta":"","header-main-stick-meta":"","header-below-stick-meta":"","astra-migrate-meta-layouts":"set","ast-page-background-enabled":"default","ast-page-background-meta":{"desktop":{"background-color":"","background-image":"","background-repeat":"repeat","background-position":"center center","background-size":"auto","background-attachment":"scroll","background-type":"","background-media":"","overlay-type":"","overlay-color":"","overlay-opacity":"","overlay-gradient":""},"tablet":{"background-color":"","background-image":"","background-repeat":"repeat","background-position":"center center","background-size":"auto","background-attachment":"scroll","background-type":"","background-media":"","overlay-type":"","overlay-color":"","overlay-opacity":"","overlay-gradient":""},"mobile":{"background-color":"","background-image":"","background-repeat":"repeat","background-position":"center center","background-size":"auto","background-attachment":"scroll","background-type":"","background-media":"","overlay-type":"","overlay-color":"","overlay-opacity":"","overlay-gradient":""}},"ast-content-background-meta":{"desktop":{"background-color":"var(--ast-global-color-5)","background-image":"","background-repeat":"repeat","background-position":"center center","background-size":"auto","background-attachment":"scroll","background-type":"","background-media":"","overlay-type":"","overlay-color":"","overlay-opacity":"","overlay-gradient":""},"tablet":{"background-color":"var(--ast-global-color-5)","background-image":"","background-repeat":"repeat","background-position":"center center","background-size":"auto","background-attachment":"scroll","background-type":"","background-media":"","overlay-type":"","overlay-color":"","overlay-opacity":"","overlay-gradient":""},"mobile":{"background-color":"var(--ast-global-color-5)","background-image":"","background-repeat":"repeat","background-position":"center center","background-size":"auto","background-attachment":"scroll","background-type":"","background-media":"","overlay-type":"","overlay-color":"","overlay-opacity":"","overlay-gradient":""}}},"product_brand":[],"product_cat":[62],"product_tag":[],"class_list":{"0":"post-2959","1":"product","2":"type-product","3":"status-publish","4":"has-post-thumbnail","6":"product_cat-surface-plate","7":"desktop-align-left","8":"tablet-align-left","9":"mobile-align-left","10":"ast-product-gallery-layout-horizontal-slider","11":"ast-product-gallery-with-no-image","12":"ast-product-tabs-layout-horizontal","14":"first","15":"instock","16":"shipping-taxable","17":"purchasable","18":"product-type-simple"},"_links":{"self":[{"href":"https:\/\/weiyuemachinery.com\/es\/wp-json\/wp\/v2\/product\/2959","targetHints":{"allow":["GET"]}}],"collection":[{"href":"https:\/\/weiyuemachinery.com\/es\/wp-json\/wp\/v2\/product"}],"about":[{"href":"https:\/\/weiyuemachinery.com\/es\/wp-json\/wp\/v2\/types\/product"}],"replies":[{"embeddable":true,"href":"https:\/\/weiyuemachinery.com\/es\/wp-json\/wp\/v2\/comments?post=2959"}],"wp:featuredmedia":[{"embeddable":true,"href":"https:\/\/weiyuemachinery.com\/es\/wp-json\/wp\/v2\/media\/2961"}],"wp:attachment":[{"href":"https:\/\/weiyuemachinery.com\/es\/wp-json\/wp\/v2\/media?parent=2959"}],"wp:term":[{"taxonomy":"product_brand","embeddable":true,"href":"https:\/\/weiyuemachinery.com\/es\/wp-json\/wp\/v2\/product_brand?post=2959"},{"taxonomy":"product_cat","embeddable":true,"href":"https:\/\/weiyuemachinery.com\/es\/wp-json\/wp\/v2\/product_cat?post=2959"},{"taxonomy":"product_tag","embeddable":true,"href":"https:\/\/weiyuemachinery.com\/es\/wp-json\/wp\/v2\/product_tag?post=2959"}],"curies":[{"name":"wp","href":"https:\/\/api.w.org\/{rel}","templated":true}]}}