{"id":2962,"date":"2026-02-03T01:46:04","date_gmt":"2026-02-03T01:46:04","guid":{"rendered":"https:\/\/weiyuemachinery.com\/?post_type=product&#038;p=2962"},"modified":"2026-02-03T01:46:05","modified_gmt":"2026-02-03T01:46:05","slug":"one-way-t-slot-plate","status":"publish","type":"product","link":"https:\/\/weiyuemachinery.com\/es\/product\/one-way-t-slot-plate\/","title":{"rendered":"Placa de ranura en T unidireccional"},"content":{"rendered":"<p>Placa de ranura en T unidireccional<\/p>\n<p>1. Uso de la plataforma con ranura en T: La plataforma se utiliza principalmente para la soldadura, montaje o fijaci\u00f3n de grandes equipos, motor y otros equipos.<br \/>\n2. Forma de instalaci\u00f3n:<\/p>\n<p>\u2460Don't necesita ser fijo, directamente en el suelo para usar, utilice el nivel de hierro almohadilla de ajuste.<br \/>\n\u2461 Uso fijo: Utilice pernos de anclaje o anclajes al suelo para fijar los cimientos.<br \/>\n\u2462 Para las plataformas de equipos m\u00e1s peque\u00f1os, se puede utilizar solo, y para los equipos grandes, se puede utilizar como un mosaico de m\u00faltiples plataformas.<br \/>\n3. Material: HT200~HT300<br \/>\n4. Dureza: HB170~220<br \/>\n5. Estructura: Estructura hueca, espesor personalizado y estructura de refuerzo seg\u00fan los requisitos de carga del cliente.<br \/>\n6. Especificaciones de la plataforma de ranura en T:200\u00d7200-3000\u00d78000mm(las especificaciones pueden ser personalizadas de acuerdo con los dibujos del usuario o la producci\u00f3n y el procesamiento acordado por ambas partes).<br \/>\n7. Separaci\u00f3n entre ranuras en T:Normalmente seg\u00fan el tama\u00f1o de la plataforma entre 200 y 400, seg\u00fan las necesidades del cliente.<\/p>\n<p>&nbsp;<\/p>\n<p><img fetchpriority=\"high\" decoding=\"async\" class=\"aligncenter wp-image-2963 size-full\" src=\"https:\/\/weiyuemachinery.com\/wp-content\/uploads\/2026\/02\/4de91d7a3b2bc2e07c26877736262b6f.png\" alt=\"\" width=\"573\" height=\"483\" srcset=\"https:\/\/weiyuemachinery.com\/wp-content\/uploads\/2026\/02\/4de91d7a3b2bc2e07c26877736262b6f.png 573w, https:\/\/weiyuemachinery.com\/wp-content\/uploads\/2026\/02\/4de91d7a3b2bc2e07c26877736262b6f-300x253.png 300w\" sizes=\"(max-width: 573px) 100vw, 573px\" \/><\/p>\n<p style=\"text-align: center;\"><strong>Ranura en T de uso com\u00fan y tama\u00f1o de perno correspondiente<\/strong><\/p>\n<p><img decoding=\"async\" class=\"aligncenter wp-image-2964 size-full\" src=\"https:\/\/weiyuemachinery.com\/wp-content\/uploads\/2026\/02\/fb88119d6fb1831ea232d77d472e4f46.png\" alt=\"\" width=\"689\" height=\"358\" srcset=\"https:\/\/weiyuemachinery.com\/wp-content\/uploads\/2026\/02\/fb88119d6fb1831ea232d77d472e4f46.png 689w, https:\/\/weiyuemachinery.com\/wp-content\/uploads\/2026\/02\/fb88119d6fb1831ea232d77d472e4f46-300x156.png 300w, https:\/\/weiyuemachinery.com\/wp-content\/uploads\/2026\/02\/fb88119d6fb1831ea232d77d472e4f46-600x312.png 600w\" sizes=\"(max-width: 689px) 100vw, 689px\" \/><\/p>\n<p style=\"text-align: center;\"><strong>Especificaciones de la plataforma con ranura en T<\/strong><\/p>\n<p><img decoding=\"async\" class=\"aligncenter wp-image-2965 size-full\" src=\"https:\/\/weiyuemachinery.com\/wp-content\/uploads\/2026\/02\/55ee0433d4b00d70d697c1628cf665be.png\" alt=\"\" width=\"882\" height=\"1104\" srcset=\"https:\/\/weiyuemachinery.com\/wp-content\/uploads\/2026\/02\/55ee0433d4b00d70d697c1628cf665be.png 882w, https:\/\/weiyuemachinery.com\/wp-content\/uploads\/2026\/02\/55ee0433d4b00d70d697c1628cf665be-240x300.png 240w, https:\/\/weiyuemachinery.com\/wp-content\/uploads\/2026\/02\/55ee0433d4b00d70d697c1628cf665be-818x1024.png 818w, https:\/\/weiyuemachinery.com\/wp-content\/uploads\/2026\/02\/55ee0433d4b00d70d697c1628cf665be-768x961.png 768w, https:\/\/weiyuemachinery.com\/wp-content\/uploads\/2026\/02\/55ee0433d4b00d70d697c1628cf665be-600x751.png 600w\" sizes=\"(max-width: 882px) 100vw, 882px\" \/><\/p>\n<p>&nbsp;<\/p>","protected":false},"excerpt":{"rendered":"<p>Nuestra plataforma de ranura en T unidireccional es una base profesional dise\u00f1ada para soldar, ensamblar y asegurar equipos y motores de gran tama\u00f1o.<\/p>\n<p>Presenta una instalaci\u00f3n flexible: util\u00edcela directamente sobre el suelo (niv\u00e9lela r\u00e1pidamente con calzos) o f\u00edjela permanentemente con pernos de anclaje. Para equipos de gran tama\u00f1o, se pueden unir varias plataformas para adaptarse a cualquier escenario.<\/p>","protected":false},"featured_media":2966,"comment_status":"open","ping_status":"closed","template":"","meta":{"site-sidebar-layout":"default","site-content-layout":"","ast-site-content-layout":"default","site-content-style":"default","site-sidebar-style":"default","ast-global-header-display":"","ast-banner-title-visibility":"","ast-main-header-display":"","ast-hfb-above-header-display":"","ast-hfb-below-header-display":"","ast-hfb-mobile-header-display":"","site-post-title":"","ast-breadcrumbs-content":"","ast-featured-img":"","footer-sml-layout":"","ast-disable-related-posts":"","theme-transparent-header-meta":"default","adv-header-id-meta":"","stick-header-meta":"default","header-above-stick-meta":"","header-main-stick-meta":"","header-below-stick-meta":"","astra-migrate-meta-layouts":"set","ast-page-background-enabled":"default","ast-page-background-meta":{"desktop":{"background-color":"","background-image":"","background-repeat":"repeat","background-position":"center center","background-size":"auto","background-attachment":"scroll","background-type":"","background-media":"","overlay-type":"","overlay-color":"","overlay-opacity":"","overlay-gradient":""},"tablet":{"background-color":"","background-image":"","background-repeat":"repeat","background-position":"center center","background-size":"auto","background-attachment":"scroll","background-type":"","background-media":"","overlay-type":"","overlay-color":"","overlay-opacity":"","overlay-gradient":""},"mobile":{"background-color":"","background-image":"","background-repeat":"repeat","background-position":"center center","background-size":"auto","background-attachment":"scroll","background-type":"","background-media":"","overlay-type":"","overlay-color":"","overlay-opacity":"","overlay-gradient":""}},"ast-content-background-meta":{"desktop":{"background-color":"var(--ast-global-color-5)","background-image":"","background-repeat":"repeat","background-position":"center center","background-size":"auto","background-attachment":"scroll","background-type":"","background-media":"","overlay-type":"","overlay-color":"","overlay-opacity":"","overlay-gradient":""},"tablet":{"background-color":"var(--ast-global-color-5)","background-image":"","background-repeat":"repeat","background-position":"center center","background-size":"auto","background-attachment":"scroll","background-type":"","background-media":"","overlay-type":"","overlay-color":"","overlay-opacity":"","overlay-gradient":""},"mobile":{"background-color":"var(--ast-global-color-5)","background-image":"","background-repeat":"repeat","background-position":"center center","background-size":"auto","background-attachment":"scroll","background-type":"","background-media":"","overlay-type":"","overlay-color":"","overlay-opacity":"","overlay-gradient":""}}},"product_brand":[],"product_cat":[59],"product_tag":[],"class_list":{"0":"post-2962","1":"product","2":"type-product","3":"status-publish","4":"has-post-thumbnail","6":"product_cat-t-slot-plate","7":"desktop-align-left","8":"tablet-align-left","9":"mobile-align-left","10":"ast-product-gallery-layout-horizontal-slider","11":"ast-product-gallery-with-no-image","12":"ast-product-tabs-layout-horizontal","14":"first","15":"instock","16":"shipping-taxable","17":"purchasable","18":"product-type-simple"},"_links":{"self":[{"href":"https:\/\/weiyuemachinery.com\/es\/wp-json\/wp\/v2\/product\/2962","targetHints":{"allow":["GET"]}}],"collection":[{"href":"https:\/\/weiyuemachinery.com\/es\/wp-json\/wp\/v2\/product"}],"about":[{"href":"https:\/\/weiyuemachinery.com\/es\/wp-json\/wp\/v2\/types\/product"}],"replies":[{"embeddable":true,"href":"https:\/\/weiyuemachinery.com\/es\/wp-json\/wp\/v2\/comments?post=2962"}],"wp:featuredmedia":[{"embeddable":true,"href":"https:\/\/weiyuemachinery.com\/es\/wp-json\/wp\/v2\/media\/2966"}],"wp:attachment":[{"href":"https:\/\/weiyuemachinery.com\/es\/wp-json\/wp\/v2\/media?parent=2962"}],"wp:term":[{"taxonomy":"product_brand","embeddable":true,"href":"https:\/\/weiyuemachinery.com\/es\/wp-json\/wp\/v2\/product_brand?post=2962"},{"taxonomy":"product_cat","embeddable":true,"href":"https:\/\/weiyuemachinery.com\/es\/wp-json\/wp\/v2\/product_cat?post=2962"},{"taxonomy":"product_tag","embeddable":true,"href":"https:\/\/weiyuemachinery.com\/es\/wp-json\/wp\/v2\/product_tag?post=2962"}],"curies":[{"name":"wp","href":"https:\/\/api.w.org\/{rel}","templated":true}]}}