{"id":2919,"date":"2026-02-02T06:23:00","date_gmt":"2026-02-02T06:23:00","guid":{"rendered":"https:\/\/weiyuemachinery.com\/?post_type=product&#038;p=2919"},"modified":"2026-02-02T06:23:01","modified_gmt":"2026-02-02T06:23:01","slug":"d28-3d-welding-table","status":"publish","type":"product","link":"https:\/\/weiyuemachinery.com\/fr\/produit\/d28-3d-welding-table\/","title":{"rendered":"Table de soudage 3D D28"},"content":{"rendered":"<p>La table de soudage 3D est un syst\u00e8me universel de serrage et de fixation pour le soudage qui r\u00e9pond aux exigences de fixation de toutes les structures de soudage.<\/p>\n<ul>\n<li><strong><b>Structure :<\/b><\/strong>Le dossier est \u00e9quip\u00e9 de plaques de renfort structurel bidirectionnelles horizontales et verticales pour garantir la solidit\u00e9 et la l\u00e9g\u00e8ret\u00e9 de l'appareil.<br \/>\n\u25cf<strong><b>Grille diagonale :<\/b><\/strong>D28 est de 100*100mm ;<br \/>\n\u25cf<strong><b>Soutenir :<\/b><\/strong>Les pieds de support sont disponibles en version standard, en version amortissante, en version fixe et en version r\u00e9glable en hauteur.<br \/>\n\u25cf<strong><b>\u00c9chelle :<\/b><\/strong>Les \u00e9chelles des axes X et Y peuvent \u00eatre personnalis\u00e9es.<br \/>\n\u25cf<strong><b>Traitement de surface :<\/b><\/strong><\/li>\n<\/ul>\n<ol>\n<li>Traitement de nitruration, qui am\u00e9liore efficacement la duret\u00e9, pr\u00e9vient la rouille et \u00e9vite l'adh\u00e9rence du laitier de soudure.<\/li>\n<li>Enduit d'huile antirouille de haute qualit\u00e9.<br \/>\n\u25cf<strong><b>Traitement des bords :<\/b><\/strong>Tous les bords tranchants sont arrondis pour r\u00e9duire le risque de coupure.<br \/>\n\u25cf<strong><b>Assemblage :<\/b><\/strong>Le syst\u00e8me d'accessoires est modulaire, adaptable au soudage de divers produits et librement combinable pour l'utilisation, ce qui permet de r\u00e9pondre aux besoins de la production et de r\u00e9duire les co\u00fbts de production.<\/li>\n<\/ol>\n<table>\n<tbody>\n<tr>\n<td width=\"449\">\n<p style=\"text-align: center;\"><strong><b>3<\/b><\/strong><strong><b>D table de soudage - D<\/b><\/strong><strong><b>28<\/b><\/strong><strong><b>\u00a0s\u00e9rie<\/b><\/strong><\/p>\n<\/td>\n<\/tr>\n<tr>\n<td width=\"449\">\n<p style=\"text-align: center;\"><strong><b>Aperture\uff1a\u03c628.065\u2013\u03c628.149mm <\/b><\/strong><\/p>\n<p style=\"text-align: center;\"><strong><b>Espacement des trous\uff1aL1=100\u00b10.05mm <\/b><\/strong><\/p>\n<p style=\"text-align: center;\"><strong><b>Plan\u00e9it\u00e9\uff1a0.05\/1000mm <\/b><\/strong><\/p>\n<p style=\"text-align: center;\"><strong><b>Verticalit\u00e9\uff1a0.02\/200mm <\/b><\/strong><\/p>\n<p style=\"text-align: center;\"><strong><b>Rugosit\u00e9 de surface\uff1aRA3.2 <\/b><\/strong><\/p>\n<p style=\"text-align: center;\"><strong><b>Palier de jambe\uff1a0.5T\u3001<\/b><\/strong><strong><b>1.5<\/b><\/strong><strong><b>T<\/b><\/strong><\/p>\n<p style=\"text-align: center;\"><strong><b>Roulement de cadre\uff1a5T -15T<\/b><\/strong><\/p>\n<p style=\"text-align: center;\"><strong><b>Duret\u00e9 de nitruration<\/b><\/strong><strong><b>\uff1a<\/b><\/strong><strong><b>HV450~HV630<\/b><\/strong><\/p>\n<p style=\"text-align: center;\"><strong><b>Non Duret\u00e9 de nitruration : <\/b><\/strong><strong><b>Acier HB150-170, <\/b><\/strong><\/p>\n<p style=\"text-align: center;\"><strong><b>fer HB180-220<\/b><\/strong><\/p>\n<p style=\"text-align: center;\"><strong><b>\u00a0Specifications:1000*800~4000*2000mm<\/b><\/strong><\/p>\n<\/td>\n<\/tr>\n<\/tbody>\n<\/table>\n<p>&nbsp;<\/p>\n<p style=\"text-align: center;\"><strong>Table de soudage 3D<\/strong><\/p>\n<p>&nbsp;<\/p>\n<table>\n<tbody>\n<tr>\n<td colspan=\"2\" width=\"285\">\n<p style=\"text-align: center;\"><strong><b>D<\/b><\/strong><strong><b>28<\/b><\/strong><strong><b>\u00a0S\u00e9rie<\/b><\/strong><\/p>\n<\/td>\n<\/tr>\n<tr>\n<td width=\"142\">\n<p style=\"text-align: center;\"><strong><b>Code<\/b><\/strong><\/p>\n<\/td>\n<td width=\"143\">\n<p style=\"text-align: center;\"><strong><b>Taille<\/b><\/strong><strong><b>\u00a0(mm)<\/b><\/strong><\/p>\n<\/td>\n<\/tr>\n<tr>\n<td style=\"text-align: center;\" width=\"142\">WY2810001<\/td>\n<td width=\"143\">\n<p style=\"text-align: center;\">1000*800*200<\/p>\n<\/td>\n<\/tr>\n<tr>\n<td width=\"142\">\n<p style=\"text-align: center;\">WY2810002<\/p>\n<\/td>\n<td style=\"text-align: center;\" width=\"143\">1200*800*200<\/td>\n<\/tr>\n<tr>\n<td style=\"text-align: center;\" width=\"142\">WY2810003<\/td>\n<td width=\"143\">\n<p style=\"text-align: center;\">1000*1000*200<\/p>\n<\/td>\n<\/tr>\n<tr>\n<td width=\"142\">\n<p style=\"text-align: center;\">WY2810004<\/p>\n<\/td>\n<td style=\"text-align: center;\" width=\"143\">1200*1000*200<\/td>\n<\/tr>\n<tr>\n<td style=\"text-align: center;\" width=\"142\">WY2810005<\/td>\n<td width=\"143\">\n<p style=\"text-align: center;\">1200*1200*200<\/p>\n<\/td>\n<\/tr>\n<tr>\n<td width=\"142\">\n<p style=\"text-align: center;\">WY2810006<\/p>\n<\/td>\n<td style=\"text-align: center;\" width=\"143\">1500*1000*200<\/td>\n<\/tr>\n<tr>\n<td style=\"text-align: center;\" width=\"142\">WY2810007<\/td>\n<td width=\"143\">\n<p style=\"text-align: center;\">3000*1000*200<\/p>\n<\/td>\n<\/tr>\n<tr>\n<td width=\"142\">\n<p style=\"text-align: center;\">WY2810008<\/p>\n<\/td>\n<td style=\"text-align: center;\" width=\"143\">1500*1500*200<\/td>\n<\/tr>\n<tr>\n<td style=\"text-align: center;\" width=\"142\">WY2810009<\/td>\n<td width=\"143\">\n<p style=\"text-align: center;\">2000*1000*200<\/p>\n<\/td>\n<\/tr>\n<tr>\n<td width=\"142\">\n<p style=\"text-align: center;\">WY28100010<\/p>\n<\/td>\n<td style=\"text-align: center;\" width=\"143\">2400*1200*200<\/td>\n<\/tr>\n<tr>\n<td style=\"text-align: center;\" width=\"142\">WY2810011<\/td>\n<td width=\"143\">\n<p style=\"text-align: center;\">2000*1500*200<\/p>\n<\/td>\n<\/tr>\n<tr>\n<td width=\"142\">\n<p style=\"text-align: center;\">WY2810012<\/p>\n<\/td>\n<td style=\"text-align: center;\" width=\"143\">2500*1500*200<\/td>\n<\/tr>\n<tr>\n<td style=\"text-align: center;\" width=\"142\">WY2810013<\/td>\n<td width=\"143\">\n<p style=\"text-align: center;\">3000*1500*200<\/p>\n<\/td>\n<\/tr>\n<tr>\n<td width=\"142\">\n<p style=\"text-align: center;\">WY2810014<\/p>\n<\/td>\n<td style=\"text-align: center;\" width=\"143\">2000*2000*200<\/td>\n<\/tr>\n<tr>\n<td style=\"text-align: center;\" width=\"142\">WY2810015<\/td>\n<td width=\"143\">\n<p style=\"text-align: center;\">2500*2000*200<\/p>\n<\/td>\n<\/tr>\n<tr>\n<td width=\"142\">\n<p style=\"text-align: center;\">WY2810016<\/p>\n<\/td>\n<td style=\"text-align: center;\" width=\"143\">3000*2000*200<\/td>\n<\/tr>\n<tr>\n<td width=\"142\">\n<p style=\"text-align: center;\">WY2810017<\/p>\n<\/td>\n<td width=\"143\">\n<p style=\"text-align: center;\">4000*2000*200<\/p>\n<\/td>\n<\/tr>\n<\/tbody>\n<\/table>","protected":false},"excerpt":{"rendered":"<p>Un syst\u00e8me de serrage polyvalent et robuste pour s\u00e9curiser <em>toute pi\u00e8ce \u00e0 souder<\/em>\u00a0(toutes formes et tailles). Sa plaque arri\u00e8re renforc\u00e9e dans les deux sens offre une stabilit\u00e9 robuste. <em>et<\/em>\u00a0La conception \u00e0 trous de 28 mm vous permet d'installer des fixations en quelques secondes. Durable, l\u00e9ger et parfait pour une soudure\/fabrication pr\u00e9cise.<\/p>\n<p>Dimensions personnalis\u00e9es disponibles.<\/p>","protected":false},"featured_media":2920,"comment_status":"open","ping_status":"closed","template":"","meta":{"site-sidebar-layout":"default","site-content-layout":"","ast-site-content-layout":"default","site-content-style":"default","site-sidebar-style":"default","ast-global-header-display":"","ast-banner-title-visibility":"","ast-main-header-display":"","ast-hfb-above-header-display":"","ast-hfb-below-header-display":"","ast-hfb-mobile-header-display":"","site-post-title":"","ast-breadcrumbs-content":"","ast-featured-img":"","footer-sml-layout":"","ast-disable-related-posts":"","theme-transparent-header-meta":"default","adv-header-id-meta":"","stick-header-meta":"default","header-above-stick-meta":"","header-main-stick-meta":"","header-below-stick-meta":"","astra-migrate-meta-layouts":"set","ast-page-background-enabled":"default","ast-page-background-meta":{"desktop":{"background-color":"","background-image":"","background-repeat":"repeat","background-position":"center center","background-size":"auto","background-attachment":"scroll","background-type":"","background-media":"","overlay-type":"","overlay-color":"","overlay-opacity":"","overlay-gradient":""},"tablet":{"background-color":"","background-image":"","background-repeat":"repeat","background-position":"center center","background-size":"auto","background-attachment":"scroll","background-type":"","background-media":"","overlay-type":"","overlay-color":"","overlay-opacity":"","overlay-gradient":""},"mobile":{"background-color":"","background-image":"","background-repeat":"repeat","background-position":"center center","background-size":"auto","background-attachment":"scroll","background-type":"","background-media":"","overlay-type":"","overlay-color":"","overlay-opacity":"","overlay-gradient":""}},"ast-content-background-meta":{"desktop":{"background-color":"var(--ast-global-color-5)","background-image":"","background-repeat":"repeat","background-position":"center center","background-size":"auto","background-attachment":"scroll","background-type":"","background-media":"","overlay-type":"","overlay-color":"","overlay-opacity":"","overlay-gradient":""},"tablet":{"background-color":"var(--ast-global-color-5)","background-image":"","background-repeat":"repeat","background-position":"center center","background-size":"auto","background-attachment":"scroll","background-type":"","background-media":"","overlay-type":"","overlay-color":"","overlay-opacity":"","overlay-gradient":""},"mobile":{"background-color":"var(--ast-global-color-5)","background-image":"","background-repeat":"repeat","background-position":"center center","background-size":"auto","background-attachment":"scroll","background-type":"","background-media":"","overlay-type":"","overlay-color":"","overlay-opacity":"","overlay-gradient":""}}},"product_brand":[],"product_cat":[55,57],"product_tag":[],"class_list":{"0":"post-2919","1":"product","2":"type-product","3":"status-publish","4":"has-post-thumbnail","6":"product_cat-2d-3d-welding-table","7":"product_cat-3d-welding-table","8":"desktop-align-left","9":"tablet-align-left","10":"mobile-align-left","11":"ast-product-gallery-layout-horizontal-slider","12":"ast-product-gallery-with-no-image","13":"ast-product-tabs-layout-horizontal","15":"first","16":"instock","17":"shipping-taxable","18":"purchasable","19":"product-type-simple"},"_links":{"self":[{"href":"https:\/\/weiyuemachinery.com\/fr\/wp-json\/wp\/v2\/product\/2919","targetHints":{"allow":["GET"]}}],"collection":[{"href":"https:\/\/weiyuemachinery.com\/fr\/wp-json\/wp\/v2\/product"}],"about":[{"href":"https:\/\/weiyuemachinery.com\/fr\/wp-json\/wp\/v2\/types\/product"}],"replies":[{"embeddable":true,"href":"https:\/\/weiyuemachinery.com\/fr\/wp-json\/wp\/v2\/comments?post=2919"}],"wp:featuredmedia":[{"embeddable":true,"href":"https:\/\/weiyuemachinery.com\/fr\/wp-json\/wp\/v2\/media\/2920"}],"wp:attachment":[{"href":"https:\/\/weiyuemachinery.com\/fr\/wp-json\/wp\/v2\/media?parent=2919"}],"wp:term":[{"taxonomy":"product_brand","embeddable":true,"href":"https:\/\/weiyuemachinery.com\/fr\/wp-json\/wp\/v2\/product_brand?post=2919"},{"taxonomy":"product_cat","embeddable":true,"href":"https:\/\/weiyuemachinery.com\/fr\/wp-json\/wp\/v2\/product_cat?post=2919"},{"taxonomy":"product_tag","embeddable":true,"href":"https:\/\/weiyuemachinery.com\/fr\/wp-json\/wp\/v2\/product_tag?post=2919"}],"curies":[{"name":"wp","href":"https:\/\/api.w.org\/{rel}","templated":true}]}}