{"id":2939,"date":"2026-02-02T07:04:11","date_gmt":"2026-02-02T07:04:11","guid":{"rendered":"https:\/\/weiyuemachinery.com\/?post_type=product&#038;p=2939"},"modified":"2026-02-03T01:13:01","modified_gmt":"2026-02-03T01:13:01","slug":"u-shaped-square-box","status":"publish","type":"product","link":"https:\/\/weiyuemachinery.com\/fr\/produit\/u-shaped-square-box\/","title":{"rendered":"Bo\u00eete carr\u00e9e en forme de U"},"content":{"rendered":"<p>Bo\u00eete carr\u00e9e en forme de U<br \/>\nLes bo\u00eetes carr\u00e9es en forme de U sont utilis\u00e9es pour agrandir l'\u00e9tabli et peuvent \u00e9galement \u00eatre assembl\u00e9es pour former une plate-forme.<br \/>\n\u25cf Utilis\u00e9 avec de petits accessoires pour serrer et positionner les pi\u00e8ces \u00e0 usiner.<br \/>\n\u25cf Grande flexibilit\u00e9, capable d'\u00e9tendre librement la hauteur et la largeur.<br \/>\n\u25cf Surface de serrage : 5 c\u00f4t\u00e9s<\/p>\n<ul>\n<li>Grille diagonale de 100 x 100 mm\/50 x 50 mm avec lignes de quadrillage<\/li>\n<\/ul>\n<p style=\"text-align: center;\"><strong>\u00a0\u00a0Bo\u00eete carr\u00e9e en forme de U Sp\u00e9cification<\/strong><\/p>\n<p><img fetchpriority=\"high\" decoding=\"async\" class=\"wp-image-2941 size-full aligncenter\" src=\"https:\/\/weiyuemachinery.com\/wp-content\/uploads\/2026\/02\/be2d0570c9654b71f93fb375041f7f20.png\" alt=\"\" width=\"817\" height=\"1524\" srcset=\"https:\/\/weiyuemachinery.com\/wp-content\/uploads\/2026\/02\/be2d0570c9654b71f93fb375041f7f20.png 817w, https:\/\/weiyuemachinery.com\/wp-content\/uploads\/2026\/02\/be2d0570c9654b71f93fb375041f7f20-161x300.png 161w, https:\/\/weiyuemachinery.com\/wp-content\/uploads\/2026\/02\/be2d0570c9654b71f93fb375041f7f20-549x1024.png 549w, https:\/\/weiyuemachinery.com\/wp-content\/uploads\/2026\/02\/be2d0570c9654b71f93fb375041f7f20-768x1433.png 768w, https:\/\/weiyuemachinery.com\/wp-content\/uploads\/2026\/02\/be2d0570c9654b71f93fb375041f7f20-600x1119.png 600w\" sizes=\"(max-width: 817px) 100vw, 817px\" \/><\/p>","protected":false},"excerpt":{"rendered":"<p>Il s'agit d'un accessoire industriel con\u00e7u pour agrandir les \u00e9tablis. Il peut \u00e9galement \u00eatre assembl\u00e9 en une plate-forme de travail et, associ\u00e9 \u00e0 de petits accessoires, il permet de serrer et de positionner des pi\u00e8ces.<\/p>\n<p>D'une grande flexibilit\u00e9, il permet un r\u00e9glage libre de la hauteur et de la largeur. Il dispose de 5 surfaces de serrage, avec des tailles disponibles de 100\u00d7100 mm et 50\u00d750 mm, ce qui le rend adapt\u00e9 \u00e0 divers sc\u00e9narios de fixation de pi\u00e8ces.<\/p>","protected":false},"featured_media":2926,"comment_status":"open","ping_status":"closed","template":"","meta":{"site-sidebar-layout":"default","site-content-layout":"","ast-site-content-layout":"default","site-content-style":"default","site-sidebar-style":"default","ast-global-header-display":"","ast-banner-title-visibility":"","ast-main-header-display":"","ast-hfb-above-header-display":"","ast-hfb-below-header-display":"","ast-hfb-mobile-header-display":"","site-post-title":"","ast-breadcrumbs-content":"","ast-featured-img":"","footer-sml-layout":"","ast-disable-related-posts":"","theme-transparent-header-meta":"default","adv-header-id-meta":"","stick-header-meta":"default","header-above-stick-meta":"","header-main-stick-meta":"","header-below-stick-meta":"","astra-migrate-meta-layouts":"set","ast-page-background-enabled":"default","ast-page-background-meta":{"desktop":{"background-color":"","background-image":"","background-repeat":"repeat","background-position":"center center","background-size":"auto","background-attachment":"scroll","background-type":"","background-media":"","overlay-type":"","overlay-color":"","overlay-opacity":"","overlay-gradient":""},"tablet":{"background-color":"","background-image":"","background-repeat":"repeat","background-position":"center center","background-size":"auto","background-attachment":"scroll","background-type":"","background-media":"","overlay-type":"","overlay-color":"","overlay-opacity":"","overlay-gradient":""},"mobile":{"background-color":"","background-image":"","background-repeat":"repeat","background-position":"center center","background-size":"auto","background-attachment":"scroll","background-type":"","background-media":"","overlay-type":"","overlay-color":"","overlay-opacity":"","overlay-gradient":""}},"ast-content-background-meta":{"desktop":{"background-color":"var(--ast-global-color-5)","background-image":"","background-repeat":"repeat","background-position":"center center","background-size":"auto","background-attachment":"scroll","background-type":"","background-media":"","overlay-type":"","overlay-color":"","overlay-opacity":"","overlay-gradient":""},"tablet":{"background-color":"var(--ast-global-color-5)","background-image":"","background-repeat":"repeat","background-position":"center center","background-size":"auto","background-attachment":"scroll","background-type":"","background-media":"","overlay-type":"","overlay-color":"","overlay-opacity":"","overlay-gradient":""},"mobile":{"background-color":"var(--ast-global-color-5)","background-image":"","background-repeat":"repeat","background-position":"center center","background-size":"auto","background-attachment":"scroll","background-type":"","background-media":"","overlay-type":"","overlay-color":"","overlay-opacity":"","overlay-gradient":""}}},"product_brand":[],"product_cat":[61],"product_tag":[],"class_list":{"0":"post-2939","1":"product","2":"type-product","3":"status-publish","4":"has-post-thumbnail","6":"product_cat-accessories-2","7":"desktop-align-left","8":"tablet-align-left","9":"mobile-align-left","10":"ast-product-gallery-layout-horizontal-slider","11":"ast-product-tabs-layout-horizontal","13":"first","14":"instock","15":"shipping-taxable","16":"purchasable","17":"product-type-simple"},"_links":{"self":[{"href":"https:\/\/weiyuemachinery.com\/fr\/wp-json\/wp\/v2\/product\/2939","targetHints":{"allow":["GET"]}}],"collection":[{"href":"https:\/\/weiyuemachinery.com\/fr\/wp-json\/wp\/v2\/product"}],"about":[{"href":"https:\/\/weiyuemachinery.com\/fr\/wp-json\/wp\/v2\/types\/product"}],"replies":[{"embeddable":true,"href":"https:\/\/weiyuemachinery.com\/fr\/wp-json\/wp\/v2\/comments?post=2939"}],"wp:featuredmedia":[{"embeddable":true,"href":"https:\/\/weiyuemachinery.com\/fr\/wp-json\/wp\/v2\/media\/2926"}],"wp:attachment":[{"href":"https:\/\/weiyuemachinery.com\/fr\/wp-json\/wp\/v2\/media?parent=2939"}],"wp:term":[{"taxonomy":"product_brand","embeddable":true,"href":"https:\/\/weiyuemachinery.com\/fr\/wp-json\/wp\/v2\/product_brand?post=2939"},{"taxonomy":"product_cat","embeddable":true,"href":"https:\/\/weiyuemachinery.com\/fr\/wp-json\/wp\/v2\/product_cat?post=2939"},{"taxonomy":"product_tag","embeddable":true,"href":"https:\/\/weiyuemachinery.com\/fr\/wp-json\/wp\/v2\/product_tag?post=2939"}],"curies":[{"name":"wp","href":"https:\/\/api.w.org\/{rel}","templated":true}]}}