{"id":2946,"date":"2026-02-02T07:21:30","date_gmt":"2026-02-02T07:21:30","guid":{"rendered":"https:\/\/weiyuemachinery.com\/?post_type=product&#038;p=2946"},"modified":"2026-02-03T01:12:29","modified_gmt":"2026-02-03T01:12:29","slug":"frame-type-support-seat","status":"publish","type":"product","link":"https:\/\/weiyuemachinery.com\/fr\/produit\/frame-type-support-seat\/","title":{"rendered":"Type de cadre support si\u00e8ge"},"content":{"rendered":"<p>Accessoire de support d\u00e9di\u00e9 aux sc\u00e9narios de soudage et d'usinage, il se caract\u00e9rise par une structure de cadre. Compatible avec diverses plates-formes et syst\u00e8mes de fixation, il s'agit d'un composant auxiliaire essentiel pour le positionnement et le serrage des pi\u00e8ces \u00e0 usiner (en particulier des tuyaux).<\/p>\n<p>&nbsp;<\/p>\n<p style=\"text-align: center;\"><strong>Type de cadre support si\u00e8ge<\/strong><\/p>\n<p>&nbsp;<\/p>\n<p><img fetchpriority=\"high\" decoding=\"async\" class=\"aligncenter wp-image-2947 size-full\" src=\"https:\/\/weiyuemachinery.com\/wp-content\/uploads\/2026\/02\/0f72797d28f1ca20e790c22d086e7301.png\" alt=\"\" width=\"641\" height=\"828\" srcset=\"https:\/\/weiyuemachinery.com\/wp-content\/uploads\/2026\/02\/0f72797d28f1ca20e790c22d086e7301.png 641w, https:\/\/weiyuemachinery.com\/wp-content\/uploads\/2026\/02\/0f72797d28f1ca20e790c22d086e7301-232x300.png 232w, https:\/\/weiyuemachinery.com\/wp-content\/uploads\/2026\/02\/0f72797d28f1ca20e790c22d086e7301-600x775.png 600w\" sizes=\"(max-width: 641px) 100vw, 641px\" \/><\/p>","protected":false},"excerpt":{"rendered":"<p>Il s'agit d'un composant de support structur\u00e9 par un cadre, g\u00e9n\u00e9ralement utilis\u00e9 pour stabiliser et positionner des pi\u00e8ces (en particulier des tuyaux) dans des installations de soudage ou d'usinage. Sa conception \u00e0 trous multiples permet un verrouillage flexible avec des plates-formes\/accessoires, tandis que la structure interne \u00e0 rainures fournit un support stable pour des pi\u00e8ces telles que des tuyaux ronds\/carr\u00e9s.<\/p>","protected":false},"featured_media":2938,"comment_status":"open","ping_status":"closed","template":"","meta":{"site-sidebar-layout":"default","site-content-layout":"","ast-site-content-layout":"default","site-content-style":"default","site-sidebar-style":"default","ast-global-header-display":"","ast-banner-title-visibility":"","ast-main-header-display":"","ast-hfb-above-header-display":"","ast-hfb-below-header-display":"","ast-hfb-mobile-header-display":"","site-post-title":"","ast-breadcrumbs-content":"","ast-featured-img":"","footer-sml-layout":"","ast-disable-related-posts":"","theme-transparent-header-meta":"default","adv-header-id-meta":"","stick-header-meta":"default","header-above-stick-meta":"","header-main-stick-meta":"","header-below-stick-meta":"","astra-migrate-meta-layouts":"set","ast-page-background-enabled":"default","ast-page-background-meta":{"desktop":{"background-color":"","background-image":"","background-repeat":"repeat","background-position":"center center","background-size":"auto","background-attachment":"scroll","background-type":"","background-media":"","overlay-type":"","overlay-color":"","overlay-opacity":"","overlay-gradient":""},"tablet":{"background-color":"","background-image":"","background-repeat":"repeat","background-position":"center center","background-size":"auto","background-attachment":"scroll","background-type":"","background-media":"","overlay-type":"","overlay-color":"","overlay-opacity":"","overlay-gradient":""},"mobile":{"background-color":"","background-image":"","background-repeat":"repeat","background-position":"center center","background-size":"auto","background-attachment":"scroll","background-type":"","background-media":"","overlay-type":"","overlay-color":"","overlay-opacity":"","overlay-gradient":""}},"ast-content-background-meta":{"desktop":{"background-color":"var(--ast-global-color-5)","background-image":"","background-repeat":"repeat","background-position":"center center","background-size":"auto","background-attachment":"scroll","background-type":"","background-media":"","overlay-type":"","overlay-color":"","overlay-opacity":"","overlay-gradient":""},"tablet":{"background-color":"var(--ast-global-color-5)","background-image":"","background-repeat":"repeat","background-position":"center center","background-size":"auto","background-attachment":"scroll","background-type":"","background-media":"","overlay-type":"","overlay-color":"","overlay-opacity":"","overlay-gradient":""},"mobile":{"background-color":"var(--ast-global-color-5)","background-image":"","background-repeat":"repeat","background-position":"center center","background-size":"auto","background-attachment":"scroll","background-type":"","background-media":"","overlay-type":"","overlay-color":"","overlay-opacity":"","overlay-gradient":""}}},"product_brand":[],"product_cat":[61],"product_tag":[],"class_list":{"0":"post-2946","1":"product","2":"type-product","3":"status-publish","4":"has-post-thumbnail","6":"product_cat-accessories-2","7":"desktop-align-left","8":"tablet-align-left","9":"mobile-align-left","10":"ast-product-gallery-layout-horizontal-slider","11":"ast-product-tabs-layout-horizontal","13":"first","14":"instock","15":"shipping-taxable","16":"purchasable","17":"product-type-simple"},"_links":{"self":[{"href":"https:\/\/weiyuemachinery.com\/fr\/wp-json\/wp\/v2\/product\/2946","targetHints":{"allow":["GET"]}}],"collection":[{"href":"https:\/\/weiyuemachinery.com\/fr\/wp-json\/wp\/v2\/product"}],"about":[{"href":"https:\/\/weiyuemachinery.com\/fr\/wp-json\/wp\/v2\/types\/product"}],"replies":[{"embeddable":true,"href":"https:\/\/weiyuemachinery.com\/fr\/wp-json\/wp\/v2\/comments?post=2946"}],"wp:featuredmedia":[{"embeddable":true,"href":"https:\/\/weiyuemachinery.com\/fr\/wp-json\/wp\/v2\/media\/2938"}],"wp:attachment":[{"href":"https:\/\/weiyuemachinery.com\/fr\/wp-json\/wp\/v2\/media?parent=2946"}],"wp:term":[{"taxonomy":"product_brand","embeddable":true,"href":"https:\/\/weiyuemachinery.com\/fr\/wp-json\/wp\/v2\/product_brand?post=2946"},{"taxonomy":"product_cat","embeddable":true,"href":"https:\/\/weiyuemachinery.com\/fr\/wp-json\/wp\/v2\/product_cat?post=2946"},{"taxonomy":"product_tag","embeddable":true,"href":"https:\/\/weiyuemachinery.com\/fr\/wp-json\/wp\/v2\/product_tag?post=2946"}],"curies":[{"name":"wp","href":"https:\/\/api.w.org\/{rel}","templated":true}]}}