{"id":2948,"date":"2026-02-02T07:24:39","date_gmt":"2026-02-02T07:24:39","guid":{"rendered":"https:\/\/weiyuemachinery.com\/?post_type=product&#038;p=2948"},"modified":"2026-02-03T01:12:21","modified_gmt":"2026-02-03T01:12:21","slug":"angle-support-block","status":"publish","type":"product","link":"https:\/\/weiyuemachinery.com\/fr\/produit\/angle-support-block\/","title":{"rendered":"Bloc de support d'angle"},"content":{"rendered":"<p>Bloc de support d'angle<\/p>\n<p>Dispositif de soudage robotis\u00e9 \u00e0 verrouillage rapide avec angle de positionnement de la broche<\/p>\n<p>L'\u00e9l\u00e9ment de support est verrouill\u00e9 et fix\u00e9 \u00e0 la position du trou sur la plate-forme ou d'autres accessoires par l'interm\u00e9diaire de l'\u00e9l\u00e9ment de verrouillage.<br \/>\nL'orifice en forme de V est utilis\u00e9 pour soutenir ou positionner des tuyaux ronds et carr\u00e9s.<\/p>\n<p>&nbsp;<\/p>\n<p style=\"text-align: center;\"><strong>\u00a0Sp\u00e9cifications des outils de soutien<\/strong><\/p>\n<p>&nbsp;<\/p>\n<p><img fetchpriority=\"high\" decoding=\"async\" class=\"aligncenter wp-image-2949 size-full\" src=\"https:\/\/weiyuemachinery.com\/wp-content\/uploads\/2026\/02\/0b4aee5775f6ae643e2f539ec83ad6ea.png\" alt=\"\" width=\"664\" height=\"199\" srcset=\"https:\/\/weiyuemachinery.com\/wp-content\/uploads\/2026\/02\/0b4aee5775f6ae643e2f539ec83ad6ea.png 664w, https:\/\/weiyuemachinery.com\/wp-content\/uploads\/2026\/02\/0b4aee5775f6ae643e2f539ec83ad6ea-300x90.png 300w, https:\/\/weiyuemachinery.com\/wp-content\/uploads\/2026\/02\/0b4aee5775f6ae643e2f539ec83ad6ea-600x180.png 600w\" sizes=\"(max-width: 664px) 100vw, 664px\" \/><\/p>","protected":false},"excerpt":{"rendered":"<p>Il s'agit d'un accessoire essentiel pour les dispositifs de soudage robotis\u00e9 \u00e0 verrouillage rapide (avec angle de positionnement de la broche). Il se verrouille fermement sur les plates-formes ou d'autres accessoires gr\u00e2ce \u00e0 des pi\u00e8ces de verrouillage et \u00e0 des trous correspondants. Son port en forme de V est con\u00e7u pour supporter et positionner des tubes ronds\/carr\u00e9s, fournissant ainsi un support auxiliaire stable pour le serrage des pi\u00e8ces dans les sc\u00e9narios de soudage et d'usinage automatis\u00e9s.<\/p>","protected":false},"featured_media":2933,"comment_status":"open","ping_status":"closed","template":"","meta":{"site-sidebar-layout":"default","site-content-layout":"","ast-site-content-layout":"default","site-content-style":"default","site-sidebar-style":"default","ast-global-header-display":"","ast-banner-title-visibility":"","ast-main-header-display":"","ast-hfb-above-header-display":"","ast-hfb-below-header-display":"","ast-hfb-mobile-header-display":"","site-post-title":"","ast-breadcrumbs-content":"","ast-featured-img":"","footer-sml-layout":"","ast-disable-related-posts":"","theme-transparent-header-meta":"default","adv-header-id-meta":"","stick-header-meta":"default","header-above-stick-meta":"","header-main-stick-meta":"","header-below-stick-meta":"","astra-migrate-meta-layouts":"set","ast-page-background-enabled":"default","ast-page-background-meta":{"desktop":{"background-color":"","background-image":"","background-repeat":"repeat","background-position":"center center","background-size":"auto","background-attachment":"scroll","background-type":"","background-media":"","overlay-type":"","overlay-color":"","overlay-opacity":"","overlay-gradient":""},"tablet":{"background-color":"","background-image":"","background-repeat":"repeat","background-position":"center center","background-size":"auto","background-attachment":"scroll","background-type":"","background-media":"","overlay-type":"","overlay-color":"","overlay-opacity":"","overlay-gradient":""},"mobile":{"background-color":"","background-image":"","background-repeat":"repeat","background-position":"center center","background-size":"auto","background-attachment":"scroll","background-type":"","background-media":"","overlay-type":"","overlay-color":"","overlay-opacity":"","overlay-gradient":""}},"ast-content-background-meta":{"desktop":{"background-color":"var(--ast-global-color-5)","background-image":"","background-repeat":"repeat","background-position":"center center","background-size":"auto","background-attachment":"scroll","background-type":"","background-media":"","overlay-type":"","overlay-color":"","overlay-opacity":"","overlay-gradient":""},"tablet":{"background-color":"var(--ast-global-color-5)","background-image":"","background-repeat":"repeat","background-position":"center center","background-size":"auto","background-attachment":"scroll","background-type":"","background-media":"","overlay-type":"","overlay-color":"","overlay-opacity":"","overlay-gradient":""},"mobile":{"background-color":"var(--ast-global-color-5)","background-image":"","background-repeat":"repeat","background-position":"center center","background-size":"auto","background-attachment":"scroll","background-type":"","background-media":"","overlay-type":"","overlay-color":"","overlay-opacity":"","overlay-gradient":""}}},"product_brand":[],"product_cat":[61],"product_tag":[],"class_list":{"0":"post-2948","1":"product","2":"type-product","3":"status-publish","4":"has-post-thumbnail","6":"product_cat-accessories-2","7":"desktop-align-left","8":"tablet-align-left","9":"mobile-align-left","10":"ast-product-gallery-layout-horizontal-slider","11":"ast-product-tabs-layout-horizontal","13":"first","14":"instock","15":"shipping-taxable","16":"purchasable","17":"product-type-simple"},"_links":{"self":[{"href":"https:\/\/weiyuemachinery.com\/fr\/wp-json\/wp\/v2\/product\/2948","targetHints":{"allow":["GET"]}}],"collection":[{"href":"https:\/\/weiyuemachinery.com\/fr\/wp-json\/wp\/v2\/product"}],"about":[{"href":"https:\/\/weiyuemachinery.com\/fr\/wp-json\/wp\/v2\/types\/product"}],"replies":[{"embeddable":true,"href":"https:\/\/weiyuemachinery.com\/fr\/wp-json\/wp\/v2\/comments?post=2948"}],"wp:featuredmedia":[{"embeddable":true,"href":"https:\/\/weiyuemachinery.com\/fr\/wp-json\/wp\/v2\/media\/2933"}],"wp:attachment":[{"href":"https:\/\/weiyuemachinery.com\/fr\/wp-json\/wp\/v2\/media?parent=2948"}],"wp:term":[{"taxonomy":"product_brand","embeddable":true,"href":"https:\/\/weiyuemachinery.com\/fr\/wp-json\/wp\/v2\/product_brand?post=2948"},{"taxonomy":"product_cat","embeddable":true,"href":"https:\/\/weiyuemachinery.com\/fr\/wp-json\/wp\/v2\/product_cat?post=2948"},{"taxonomy":"product_tag","embeddable":true,"href":"https:\/\/weiyuemachinery.com\/fr\/wp-json\/wp\/v2\/product_tag?post=2948"}],"curies":[{"name":"wp","href":"https:\/\/api.w.org\/{rel}","templated":true}]}}