{"id":2952,"date":"2026-02-02T07:34:11","date_gmt":"2026-02-02T07:34:11","guid":{"rendered":"https:\/\/weiyuemachinery.com\/?post_type=product&#038;p=2952"},"modified":"2026-02-03T01:12:05","modified_gmt":"2026-02-03T01:12:05","slug":"angle-adjustor","status":"publish","type":"product","link":"https:\/\/weiyuemachinery.com\/fr\/produit\/angle-adjustor\/","title":{"rendered":"Ajusteur d'angle"},"content":{"rendered":"<p>L'ajusteur d'angle est un composant auxiliaire de pr\u00e9cision con\u00e7u pour les sc\u00e9narios industriels de serrage, de soudage et d'usinage. Il r\u00e9sout le probl\u00e8me des limitations de l'angle fixe dans le positionnement des pi\u00e8ces, en permettant un r\u00e9glage flexible de l'angle et un verrouillage stable pour r\u00e9pondre aux diverses exigences de traitement.<\/p>\n<p>Caract\u00e9ristiques principales<\/p>\n<p>1.contr\u00f4le pr\u00e9cis de l'angleL'appareil est \u00e9quip\u00e9 d'un cadran (visible sur l'articulation rotative) qui permet un r\u00e9glage pr\u00e9cis de l'angle (la plage sp\u00e9cifique d\u00e9pend du mod\u00e8le) pour un positionnement pr\u00e9cis des pi\u00e8ces \u00e0 usiner\/des montages.<\/p>\n<p>2) Verrouillage stable L'articulation rotative et la structure \u00e0 trous multiples (sur les bras) permettent un verrouillage ferme au moyen d'attaches, ce qui garantit l'absence de d\u00e9placement pendant le traitement de charges \u00e9lev\u00e9es.<\/p>\n<p>3.Compatibilit\u00e9 \u00e9tendueLa conception poreuse des deux bras correspond aux positions des trous des plates-formes\/appareils standard, ce qui permet une combinaison flexible avec des \u00e9tablis, des blocs de support et d'autres accessoires.<\/p>\n<p>&nbsp;<\/p>\n<p style=\"text-align: center;\"><strong>Ajusteur d'angle<\/strong><\/p>\n<p>&nbsp;<\/p>\n<p><img fetchpriority=\"high\" decoding=\"async\" class=\"aligncenter wp-image-2953 size-full\" src=\"https:\/\/weiyuemachinery.com\/wp-content\/uploads\/2026\/02\/8be828340752cf787c014d6791d7e448.png\" alt=\"\" width=\"655\" height=\"255\" srcset=\"https:\/\/weiyuemachinery.com\/wp-content\/uploads\/2026\/02\/8be828340752cf787c014d6791d7e448.png 655w, https:\/\/weiyuemachinery.com\/wp-content\/uploads\/2026\/02\/8be828340752cf787c014d6791d7e448-300x117.png 300w, https:\/\/weiyuemachinery.com\/wp-content\/uploads\/2026\/02\/8be828340752cf787c014d6791d7e448-600x234.png 600w\" sizes=\"(max-width: 655px) 100vw, 655px\" \/><\/p>","protected":false},"excerpt":{"rendered":"<p>Il s'agit d'un composant flexible de r\u00e9glage d'angle pour les sc\u00e9narios de serrage et de positionnement industriels. Il est dot\u00e9 d'une structure rotative (avec un cadran pour un contr\u00f4le pr\u00e9cis) et d'une conception \u00e0 trous multiples, permettant aux utilisateurs d'ajuster et de verrouiller l'angle des pi\u00e8ces \u00e0 usiner ou des montages en fonction des besoins. Il est id\u00e9al pour les t\u00e2ches de soudage, d'usinage et d'assemblage n\u00e9cessitant un support \u00e0 angle variable.<\/p>","protected":false},"featured_media":2931,"comment_status":"open","ping_status":"closed","template":"","meta":{"site-sidebar-layout":"default","site-content-layout":"","ast-site-content-layout":"default","site-content-style":"default","site-sidebar-style":"default","ast-global-header-display":"","ast-banner-title-visibility":"","ast-main-header-display":"","ast-hfb-above-header-display":"","ast-hfb-below-header-display":"","ast-hfb-mobile-header-display":"","site-post-title":"","ast-breadcrumbs-content":"","ast-featured-img":"","footer-sml-layout":"","ast-disable-related-posts":"","theme-transparent-header-meta":"default","adv-header-id-meta":"","stick-header-meta":"default","header-above-stick-meta":"","header-main-stick-meta":"","header-below-stick-meta":"","astra-migrate-meta-layouts":"set","ast-page-background-enabled":"default","ast-page-background-meta":{"desktop":{"background-color":"","background-image":"","background-repeat":"repeat","background-position":"center center","background-size":"auto","background-attachment":"scroll","background-type":"","background-media":"","overlay-type":"","overlay-color":"","overlay-opacity":"","overlay-gradient":""},"tablet":{"background-color":"","background-image":"","background-repeat":"repeat","background-position":"center center","background-size":"auto","background-attachment":"scroll","background-type":"","background-media":"","overlay-type":"","overlay-color":"","overlay-opacity":"","overlay-gradient":""},"mobile":{"background-color":"","background-image":"","background-repeat":"repeat","background-position":"center center","background-size":"auto","background-attachment":"scroll","background-type":"","background-media":"","overlay-type":"","overlay-color":"","overlay-opacity":"","overlay-gradient":""}},"ast-content-background-meta":{"desktop":{"background-color":"var(--ast-global-color-5)","background-image":"","background-repeat":"repeat","background-position":"center center","background-size":"auto","background-attachment":"scroll","background-type":"","background-media":"","overlay-type":"","overlay-color":"","overlay-opacity":"","overlay-gradient":""},"tablet":{"background-color":"var(--ast-global-color-5)","background-image":"","background-repeat":"repeat","background-position":"center center","background-size":"auto","background-attachment":"scroll","background-type":"","background-media":"","overlay-type":"","overlay-color":"","overlay-opacity":"","overlay-gradient":""},"mobile":{"background-color":"var(--ast-global-color-5)","background-image":"","background-repeat":"repeat","background-position":"center center","background-size":"auto","background-attachment":"scroll","background-type":"","background-media":"","overlay-type":"","overlay-color":"","overlay-opacity":"","overlay-gradient":""}}},"product_brand":[],"product_cat":[61],"product_tag":[],"class_list":{"0":"post-2952","1":"product","2":"type-product","3":"status-publish","4":"has-post-thumbnail","6":"product_cat-accessories-2","7":"desktop-align-left","8":"tablet-align-left","9":"mobile-align-left","10":"ast-product-gallery-layout-horizontal-slider","11":"ast-product-gallery-with-no-image","12":"ast-product-tabs-layout-horizontal","14":"first","15":"instock","16":"shipping-taxable","17":"purchasable","18":"product-type-simple"},"_links":{"self":[{"href":"https:\/\/weiyuemachinery.com\/fr\/wp-json\/wp\/v2\/product\/2952","targetHints":{"allow":["GET"]}}],"collection":[{"href":"https:\/\/weiyuemachinery.com\/fr\/wp-json\/wp\/v2\/product"}],"about":[{"href":"https:\/\/weiyuemachinery.com\/fr\/wp-json\/wp\/v2\/types\/product"}],"replies":[{"embeddable":true,"href":"https:\/\/weiyuemachinery.com\/fr\/wp-json\/wp\/v2\/comments?post=2952"}],"wp:featuredmedia":[{"embeddable":true,"href":"https:\/\/weiyuemachinery.com\/fr\/wp-json\/wp\/v2\/media\/2931"}],"wp:attachment":[{"href":"https:\/\/weiyuemachinery.com\/fr\/wp-json\/wp\/v2\/media?parent=2952"}],"wp:term":[{"taxonomy":"product_brand","embeddable":true,"href":"https:\/\/weiyuemachinery.com\/fr\/wp-json\/wp\/v2\/product_brand?post=2952"},{"taxonomy":"product_cat","embeddable":true,"href":"https:\/\/weiyuemachinery.com\/fr\/wp-json\/wp\/v2\/product_cat?post=2952"},{"taxonomy":"product_tag","embeddable":true,"href":"https:\/\/weiyuemachinery.com\/fr\/wp-json\/wp\/v2\/product_tag?post=2952"}],"curies":[{"name":"wp","href":"https:\/\/api.w.org\/{rel}","templated":true}]}}