{"id":2954,"date":"2026-02-02T08:04:38","date_gmt":"2026-02-02T08:04:38","guid":{"rendered":"https:\/\/weiyuemachinery.com\/?post_type=product&#038;p=2954"},"modified":"2026-02-03T01:11:57","modified_gmt":"2026-02-03T01:11:57","slug":"support-seat","status":"publish","type":"product","link":"https:\/\/weiyuemachinery.com\/fr\/produit\/support-seat\/","title":{"rendered":"si\u00e8ge de soutien"},"content":{"rendered":"<p>Le si\u00e8ge de support 30\u00b0\/45\u00b0 est un composant auxiliaire sp\u00e9cialis\u00e9 pour les dispositifs de soudage robotis\u00e9s \u00e0 verrouillage rapide (avec angle de positionnement de la broche). Il est con\u00e7u pour r\u00e9soudre les probl\u00e8mes d'alignement angulaire dans le traitement des pi\u00e8ces de tuyauterie, en fournissant un positionnement pr\u00e9r\u00e9gl\u00e9 de 30\u00b0\/45\u00b0 pour assurer une pr\u00e9cision constante dans les t\u00e2ches de soudage et d'usinage automatis\u00e9es.<\/p>\n<p>Avantages principaux<\/p>\n<p>1) Pr\u00e9cision de l'angle pr\u00e9r\u00e9gl\u00e9Les orifices en forme de V 30\u00b0\/45\u00b0 int\u00e9gr\u00e9s correspondent directement aux angles de traitement courants (par exemple, soudage en biseau, assemblage de cadres), ce qui \u00e9limine la n\u00e9cessit\u00e9 d'un r\u00e9glage manuel de l'angle et r\u00e9duit les erreurs de positionnement.<\/p>\n<p>2.Verrouillage s\u00e9curis\u00e9 et compatibilit\u00e9La conception \u00e0 trous multiples de la base permet de verrouiller fermement les plates-formes\/accessoires \u00e0 l'aide de fixations, compatibles avec la plupart des syst\u00e8mes de fixation industriels (par exemple, les \u00e9tablis de soudage, les plaques d'outillage modulaires).<\/p>\n<p>3. support stable pour les pi\u00e8ces \u00e0 usinerLa structure de la rainure en forme de V s'adapte \u00e9troitement aux tuyaux ronds\/carr\u00e9s, emp\u00eachant le glissement ou le d\u00e9placement pendant les processus \u00e0 fortes vibrations (par exemple, le soudage robotis\u00e9), ce qui garantit la qualit\u00e9 du traitement.<\/p>\n<p>&nbsp;<\/p>\n<p style=\"text-align: center;\"><strong>si\u00e8ge de soutien<\/strong><\/p>\n<p>&nbsp;<\/p>\n<p><img fetchpriority=\"high\" decoding=\"async\" class=\"aligncenter wp-image-2955 size-full\" src=\"https:\/\/weiyuemachinery.com\/wp-content\/uploads\/2026\/02\/18e082212d7d04696a2c65bdafb6937a.png\" alt=\"\" width=\"639\" height=\"387\" srcset=\"https:\/\/weiyuemachinery.com\/wp-content\/uploads\/2026\/02\/18e082212d7d04696a2c65bdafb6937a.png 639w, https:\/\/weiyuemachinery.com\/wp-content\/uploads\/2026\/02\/18e082212d7d04696a2c65bdafb6937a-300x182.png 300w, https:\/\/weiyuemachinery.com\/wp-content\/uploads\/2026\/02\/18e082212d7d04696a2c65bdafb6937a-600x363.png 600w\" sizes=\"(max-width: 639px) 100vw, 639px\" \/><\/p>","protected":false},"excerpt":{"rendered":"<p>Il s'agit d'un outil de support d\u00e9di\u00e9 aux dispositifs de soudage robotis\u00e9 \u00e0 verrouillage rapide (avec angle de positionnement de la broche). Il se verrouille fermement sur les plates-formes ou les accessoires gr\u00e2ce aux pi\u00e8ces de verrouillage et aux trous correspondants. Con\u00e7u avec des orifices en forme de V \u00e0 30\u00b0\/45\u00b0, il fournit un support et un positionnement stables pour les tubes ronds\/carr\u00e9s, assurant un alignement angulaire pr\u00e9cis dans les sc\u00e9narios de soudage et d'usinage automatis\u00e9s.<\/p>","protected":false},"featured_media":2932,"comment_status":"open","ping_status":"closed","template":"","meta":{"site-sidebar-layout":"default","site-content-layout":"","ast-site-content-layout":"default","site-content-style":"default","site-sidebar-style":"default","ast-global-header-display":"","ast-banner-title-visibility":"","ast-main-header-display":"","ast-hfb-above-header-display":"","ast-hfb-below-header-display":"","ast-hfb-mobile-header-display":"","site-post-title":"","ast-breadcrumbs-content":"","ast-featured-img":"","footer-sml-layout":"","ast-disable-related-posts":"","theme-transparent-header-meta":"default","adv-header-id-meta":"","stick-header-meta":"default","header-above-stick-meta":"","header-main-stick-meta":"","header-below-stick-meta":"","astra-migrate-meta-layouts":"set","ast-page-background-enabled":"default","ast-page-background-meta":{"desktop":{"background-color":"","background-image":"","background-repeat":"repeat","background-position":"center center","background-size":"auto","background-attachment":"scroll","background-type":"","background-media":"","overlay-type":"","overlay-color":"","overlay-opacity":"","overlay-gradient":""},"tablet":{"background-color":"","background-image":"","background-repeat":"repeat","background-position":"center center","background-size":"auto","background-attachment":"scroll","background-type":"","background-media":"","overlay-type":"","overlay-color":"","overlay-opacity":"","overlay-gradient":""},"mobile":{"background-color":"","background-image":"","background-repeat":"repeat","background-position":"center center","background-size":"auto","background-attachment":"scroll","background-type":"","background-media":"","overlay-type":"","overlay-color":"","overlay-opacity":"","overlay-gradient":""}},"ast-content-background-meta":{"desktop":{"background-color":"var(--ast-global-color-5)","background-image":"","background-repeat":"repeat","background-position":"center center","background-size":"auto","background-attachment":"scroll","background-type":"","background-media":"","overlay-type":"","overlay-color":"","overlay-opacity":"","overlay-gradient":""},"tablet":{"background-color":"var(--ast-global-color-5)","background-image":"","background-repeat":"repeat","background-position":"center center","background-size":"auto","background-attachment":"scroll","background-type":"","background-media":"","overlay-type":"","overlay-color":"","overlay-opacity":"","overlay-gradient":""},"mobile":{"background-color":"var(--ast-global-color-5)","background-image":"","background-repeat":"repeat","background-position":"center center","background-size":"auto","background-attachment":"scroll","background-type":"","background-media":"","overlay-type":"","overlay-color":"","overlay-opacity":"","overlay-gradient":""}}},"product_brand":[],"product_cat":[61],"product_tag":[],"class_list":{"0":"post-2954","1":"product","2":"type-product","3":"status-publish","4":"has-post-thumbnail","6":"product_cat-accessories-2","7":"desktop-align-left","8":"tablet-align-left","9":"mobile-align-left","10":"ast-product-gallery-layout-horizontal-slider","11":"ast-product-gallery-with-no-image","12":"ast-product-tabs-layout-horizontal","14":"first","15":"instock","16":"shipping-taxable","17":"purchasable","18":"product-type-simple"},"_links":{"self":[{"href":"https:\/\/weiyuemachinery.com\/fr\/wp-json\/wp\/v2\/product\/2954","targetHints":{"allow":["GET"]}}],"collection":[{"href":"https:\/\/weiyuemachinery.com\/fr\/wp-json\/wp\/v2\/product"}],"about":[{"href":"https:\/\/weiyuemachinery.com\/fr\/wp-json\/wp\/v2\/types\/product"}],"replies":[{"embeddable":true,"href":"https:\/\/weiyuemachinery.com\/fr\/wp-json\/wp\/v2\/comments?post=2954"}],"wp:featuredmedia":[{"embeddable":true,"href":"https:\/\/weiyuemachinery.com\/fr\/wp-json\/wp\/v2\/media\/2932"}],"wp:attachment":[{"href":"https:\/\/weiyuemachinery.com\/fr\/wp-json\/wp\/v2\/media?parent=2954"}],"wp:term":[{"taxonomy":"product_brand","embeddable":true,"href":"https:\/\/weiyuemachinery.com\/fr\/wp-json\/wp\/v2\/product_brand?post=2954"},{"taxonomy":"product_cat","embeddable":true,"href":"https:\/\/weiyuemachinery.com\/fr\/wp-json\/wp\/v2\/product_cat?post=2954"},{"taxonomy":"product_tag","embeddable":true,"href":"https:\/\/weiyuemachinery.com\/fr\/wp-json\/wp\/v2\/product_tag?post=2954"}],"curies":[{"name":"wp","href":"https:\/\/api.w.org\/{rel}","templated":true}]}}