{"id":2957,"date":"2026-02-02T08:09:19","date_gmt":"2026-02-02T08:09:19","guid":{"rendered":"https:\/\/weiyuemachinery.com\/?post_type=product&#038;p=2957"},"modified":"2026-02-03T01:11:45","modified_gmt":"2026-02-03T01:11:45","slug":"positioning-angle-ruler-2","status":"publish","type":"product","link":"https:\/\/weiyuemachinery.com\/fr\/produit\/positioning-angle-ruler-2\/","title":{"rendered":"R\u00e8gle d'angle de positionnement"},"content":{"rendered":"<p>L'\u00e9querre de positionnement est un composant qui localise avec pr\u00e9cision la pi\u00e8ce \u00e0 usiner afin d'atteindre les exigences de pr\u00e9cision dimensionnelle dans le processus d'usinage.<br \/>\nS\u00e9rie D28 : Le module comporte des trous \u03a628 standard ou des trous de taille longue tous les 50 mm d'intervalle, ce qui permet de positionner et de serrer la pi\u00e8ce \u00e0 usiner.<br \/>\nS\u00e9rie D16 : Le module comporte des trous \u03a616 standard ou des trous de taille longue tous les 25 mm d'intervalle, ce qui permet de positionner et de serrer la pi\u00e8ce \u00e0 usiner.<br \/>\n\u25ba Ce type de pi\u00e8ce de positionnement est largement utilis\u00e9 ;<br \/>\n\u25ba Peut \u00eatre utilis\u00e9 comme extension de plate-forme ;<br \/>\n\u25ba Conception ajustable avec une goutti\u00e8re en bas ;<br \/>\n\u25ba Sept types de sous-trous \/ fentes \/, trous \/ trous, fentes \/ trous ;<br \/>\nLa fonction principale du carr\u00e9 de positionnement :<br \/>\n1 : S'appuyant sur le trou en forme de U, il peut \u00eatre utilis\u00e9 pour le r\u00e9glage fin des pi\u00e8ces de positionnement ;<br \/>\n2 : L'\u00e9querre et les autres accessoires peuvent \u00eatre positionn\u00e9s \u00e0 n'importe quelle hauteur ou angle ;<\/p>\n<p>3 : Peut \u00eatre utilis\u00e9 comme support de compression.<\/p>\n<p>&nbsp;<\/p>\n<p style=\"text-align: center;\"><strong>\u00a0R\u00e8gle d'angle de positionnement<\/strong><\/p>\n<p>&nbsp;<\/p>\n<p><img fetchpriority=\"high\" decoding=\"async\" class=\"aligncenter wp-image-2951 size-full\" src=\"https:\/\/weiyuemachinery.com\/wp-content\/uploads\/2026\/02\/1126c81ba2e887ce9d92e9bd8d523302.png\" alt=\"\" width=\"635\" height=\"794\" srcset=\"https:\/\/weiyuemachinery.com\/wp-content\/uploads\/2026\/02\/1126c81ba2e887ce9d92e9bd8d523302.png 635w, https:\/\/weiyuemachinery.com\/wp-content\/uploads\/2026\/02\/1126c81ba2e887ce9d92e9bd8d523302-240x300.png 240w, https:\/\/weiyuemachinery.com\/wp-content\/uploads\/2026\/02\/1126c81ba2e887ce9d92e9bd8d523302-600x750.png 600w\" sizes=\"(max-width: 635px) 100vw, 635px\" \/><\/p>","protected":false},"excerpt":{"rendered":"<p>Ce composant assure un positionnement pr\u00e9cis de la pi\u00e8ce pour r\u00e9pondre aux exigences de pr\u00e9cision dimensionnelle dans l'usinage. Pour la s\u00e9rie D28 : Le module comporte des trous \u03a628 standard ou des trous de taille longue tous les 50 mm, permettant un positionnement flexible et pr\u00e9cis de la pi\u00e8ce, id\u00e9al pour les sc\u00e9narios n\u00e9cessitant un contr\u00f4le strict des dimensions (par exemple, soudage, assemblage).<\/p>","protected":false},"featured_media":2935,"comment_status":"open","ping_status":"closed","template":"","meta":{"site-sidebar-layout":"default","site-content-layout":"","ast-site-content-layout":"default","site-content-style":"default","site-sidebar-style":"default","ast-global-header-display":"","ast-banner-title-visibility":"","ast-main-header-display":"","ast-hfb-above-header-display":"","ast-hfb-below-header-display":"","ast-hfb-mobile-header-display":"","site-post-title":"","ast-breadcrumbs-content":"","ast-featured-img":"","footer-sml-layout":"","ast-disable-related-posts":"","theme-transparent-header-meta":"default","adv-header-id-meta":"","stick-header-meta":"default","header-above-stick-meta":"","header-main-stick-meta":"","header-below-stick-meta":"","astra-migrate-meta-layouts":"set","ast-page-background-enabled":"default","ast-page-background-meta":{"desktop":{"background-color":"","background-image":"","background-repeat":"repeat","background-position":"center center","background-size":"auto","background-attachment":"scroll","background-type":"","background-media":"","overlay-type":"","overlay-color":"","overlay-opacity":"","overlay-gradient":""},"tablet":{"background-color":"","background-image":"","background-repeat":"repeat","background-position":"center center","background-size":"auto","background-attachment":"scroll","background-type":"","background-media":"","overlay-type":"","overlay-color":"","overlay-opacity":"","overlay-gradient":""},"mobile":{"background-color":"","background-image":"","background-repeat":"repeat","background-position":"center center","background-size":"auto","background-attachment":"scroll","background-type":"","background-media":"","overlay-type":"","overlay-color":"","overlay-opacity":"","overlay-gradient":""}},"ast-content-background-meta":{"desktop":{"background-color":"var(--ast-global-color-5)","background-image":"","background-repeat":"repeat","background-position":"center center","background-size":"auto","background-attachment":"scroll","background-type":"","background-media":"","overlay-type":"","overlay-color":"","overlay-opacity":"","overlay-gradient":""},"tablet":{"background-color":"var(--ast-global-color-5)","background-image":"","background-repeat":"repeat","background-position":"center center","background-size":"auto","background-attachment":"scroll","background-type":"","background-media":"","overlay-type":"","overlay-color":"","overlay-opacity":"","overlay-gradient":""},"mobile":{"background-color":"var(--ast-global-color-5)","background-image":"","background-repeat":"repeat","background-position":"center center","background-size":"auto","background-attachment":"scroll","background-type":"","background-media":"","overlay-type":"","overlay-color":"","overlay-opacity":"","overlay-gradient":""}}},"product_brand":[],"product_cat":[61],"product_tag":[],"class_list":{"0":"post-2957","1":"product","2":"type-product","3":"status-publish","4":"has-post-thumbnail","6":"product_cat-accessories-2","7":"desktop-align-left","8":"tablet-align-left","9":"mobile-align-left","10":"ast-product-gallery-layout-horizontal-slider","11":"ast-product-gallery-with-no-image","12":"ast-product-tabs-layout-horizontal","14":"first","15":"instock","16":"shipping-taxable","17":"purchasable","18":"product-type-simple"},"_links":{"self":[{"href":"https:\/\/weiyuemachinery.com\/fr\/wp-json\/wp\/v2\/product\/2957","targetHints":{"allow":["GET"]}}],"collection":[{"href":"https:\/\/weiyuemachinery.com\/fr\/wp-json\/wp\/v2\/product"}],"about":[{"href":"https:\/\/weiyuemachinery.com\/fr\/wp-json\/wp\/v2\/types\/product"}],"replies":[{"embeddable":true,"href":"https:\/\/weiyuemachinery.com\/fr\/wp-json\/wp\/v2\/comments?post=2957"}],"wp:featuredmedia":[{"embeddable":true,"href":"https:\/\/weiyuemachinery.com\/fr\/wp-json\/wp\/v2\/media\/2935"}],"wp:attachment":[{"href":"https:\/\/weiyuemachinery.com\/fr\/wp-json\/wp\/v2\/media?parent=2957"}],"wp:term":[{"taxonomy":"product_brand","embeddable":true,"href":"https:\/\/weiyuemachinery.com\/fr\/wp-json\/wp\/v2\/product_brand?post=2957"},{"taxonomy":"product_cat","embeddable":true,"href":"https:\/\/weiyuemachinery.com\/fr\/wp-json\/wp\/v2\/product_cat?post=2957"},{"taxonomy":"product_tag","embeddable":true,"href":"https:\/\/weiyuemachinery.com\/fr\/wp-json\/wp\/v2\/product_tag?post=2957"}],"curies":[{"name":"wp","href":"https:\/\/api.w.org\/{rel}","templated":true}]}}