{"id":2959,"date":"2026-02-03T01:27:00","date_gmt":"2026-02-03T01:27:00","guid":{"rendered":"https:\/\/weiyuemachinery.com\/?post_type=product&#038;p=2959"},"modified":"2026-02-03T01:27:00","modified_gmt":"2026-02-03T01:27:00","slug":"surface-plate","status":"publish","type":"product","link":"https:\/\/weiyuemachinery.com\/fr\/produit\/surface-plate\/","title":{"rendered":"Plaque de surface"},"content":{"rendered":"<p>Utilisations de la plaque de surface : il s'agit d'un \u00e9talon de mesure pour tester la tol\u00e9rance de forme et de position des pi\u00e8ces m\u00e9caniques telles que le plan, le parall\u00e9lisme, la rectitude, etc. Il peut \u00e9galement \u00eatre utilis\u00e9 pour les pi\u00e8ces g\u00e9n\u00e9rales et les pi\u00e8ces des processus de marquage, de rivetage et de rectification, ainsi que pour les mesures. La face de travail est marqu\u00e9e de lignes, ce qui est pratique pour les mesures et les r\u00e9f\u00e9rences \u00e0 utiliser dans le travail. Pratique.<\/p>\n<p>Sp\u00e9cifications des plates-formes de surface : 200\u00d7200 \u00e0 2000\u00d74000mm (les sp\u00e9cifications peuvent \u00eatre personnalis\u00e9es selon les dessins de l'utilisateur).<\/p>\n<p>Mat\u00e9riau des plates-formes de surface (plaque) : Fonte HT200-300, duret\u00e9 de la surface de travail HB170-240, apr\u00e8s deux traitements manuels (recuit artificiel 600-700 degr\u00e9s ou vieillissement naturel 2-3 ans), la pr\u00e9cision d'utilisation du produit est stable, peut \u00eatre bonne.<\/p>\n<p>Sp\u00e9cifications des plates-formes de surface (plaques) : 200\u00d7200-3000\u00d78000mm(les sp\u00e9cifications peuvent \u00eatre personnalis\u00e9es en fonction des dessins de l'utilisateur ou de la production et du traitement convenus par les deux parties).<\/p>\n<p>Application des plates-formes de surface : elles conviennent \u00e0 toutes sortes de travaux d'inspection, au plan de r\u00e9f\u00e9rence pour les mesures ; elles sont utilis\u00e9es pour l'inspection m\u00e9canique des machines-outils et les normes de mesure ; elles permettent de v\u00e9rifier la pr\u00e9cision dimensionnelle ou la d\u00e9viation de la forme des pi\u00e8ces et d'\u00e9tablir une ligne serr\u00e9e, ce qui constitue \u00e9galement un outil de base dans la fabrication m\u00e9canique.<\/p>\n<p>Inspection de la qualit\u00e9 de la surface des plates-formes : test par la m\u00e9thode de coloration. Le niveau 0, le niveau 1 de la plaque ne doit pas \u00eatre inf\u00e9rieur \u00e0 25 points dans un carr\u00e9 de 25 mm de c\u00f4t\u00e9, le niveau 2 ne doit pas \u00eatre inf\u00e9rieur \u00e0 20 points et le niveau 3 ne doit pas \u00eatre inf\u00e9rieur \u00e0 12 points.<\/p>\n<p>Mat\u00e9riau : HT200~HT300<\/p>\n<p>Duret\u00e9 : HB170~220<\/p>\n<p>&nbsp;<\/p>\n<p style=\"text-align: center;\"><strong>Plaque de surface<\/strong><\/p>\n<p>&nbsp;<\/p>\n<p><img fetchpriority=\"high\" decoding=\"async\" class=\"aligncenter wp-image-2960 size-full\" src=\"https:\/\/weiyuemachinery.com\/wp-content\/uploads\/2026\/02\/e52b03d4763012785ac6fb896a748f14.png\" alt=\"\" width=\"914\" height=\"1569\" srcset=\"https:\/\/weiyuemachinery.com\/wp-content\/uploads\/2026\/02\/e52b03d4763012785ac6fb896a748f14.png 914w, https:\/\/weiyuemachinery.com\/wp-content\/uploads\/2026\/02\/e52b03d4763012785ac6fb896a748f14-175x300.png 175w, https:\/\/weiyuemachinery.com\/wp-content\/uploads\/2026\/02\/e52b03d4763012785ac6fb896a748f14-597x1024.png 597w, https:\/\/weiyuemachinery.com\/wp-content\/uploads\/2026\/02\/e52b03d4763012785ac6fb896a748f14-768x1318.png 768w, https:\/\/weiyuemachinery.com\/wp-content\/uploads\/2026\/02\/e52b03d4763012785ac6fb896a748f14-895x1536.png 895w, https:\/\/weiyuemachinery.com\/wp-content\/uploads\/2026\/02\/e52b03d4763012785ac6fb896a748f14-600x1030.png 600w\" sizes=\"(max-width: 914px) 100vw, 914px\" \/><\/p>","protected":false},"excerpt":{"rendered":"<div>Notre plaque de surface est un outil de r\u00e9f\u00e9rence essentiel pour la mesure, le marquage et l'assemblage de pr\u00e9cision dans les domaines de l'usinage et de l'inspection.<\/div>\n<div>Construit en fonte de haute qualit\u00e9 (HT200-300), il subit un recuit de d\u00e9tente ou un traitement de vieillissement naturel. Cela garantit une duret\u00e9 stable de la surface de travail (HB170-240) et une pr\u00e9cision dimensionnelle \u00e0 long terme.<\/div>\n<div><\/div>","protected":false},"featured_media":2961,"comment_status":"open","ping_status":"closed","template":"","meta":{"site-sidebar-layout":"default","site-content-layout":"","ast-site-content-layout":"default","site-content-style":"default","site-sidebar-style":"default","ast-global-header-display":"","ast-banner-title-visibility":"","ast-main-header-display":"","ast-hfb-above-header-display":"","ast-hfb-below-header-display":"","ast-hfb-mobile-header-display":"","site-post-title":"","ast-breadcrumbs-content":"","ast-featured-img":"","footer-sml-layout":"","ast-disable-related-posts":"","theme-transparent-header-meta":"default","adv-header-id-meta":"","stick-header-meta":"default","header-above-stick-meta":"","header-main-stick-meta":"","header-below-stick-meta":"","astra-migrate-meta-layouts":"set","ast-page-background-enabled":"default","ast-page-background-meta":{"desktop":{"background-color":"","background-image":"","background-repeat":"repeat","background-position":"center center","background-size":"auto","background-attachment":"scroll","background-type":"","background-media":"","overlay-type":"","overlay-color":"","overlay-opacity":"","overlay-gradient":""},"tablet":{"background-color":"","background-image":"","background-repeat":"repeat","background-position":"center center","background-size":"auto","background-attachment":"scroll","background-type":"","background-media":"","overlay-type":"","overlay-color":"","overlay-opacity":"","overlay-gradient":""},"mobile":{"background-color":"","background-image":"","background-repeat":"repeat","background-position":"center center","background-size":"auto","background-attachment":"scroll","background-type":"","background-media":"","overlay-type":"","overlay-color":"","overlay-opacity":"","overlay-gradient":""}},"ast-content-background-meta":{"desktop":{"background-color":"var(--ast-global-color-5)","background-image":"","background-repeat":"repeat","background-position":"center center","background-size":"auto","background-attachment":"scroll","background-type":"","background-media":"","overlay-type":"","overlay-color":"","overlay-opacity":"","overlay-gradient":""},"tablet":{"background-color":"var(--ast-global-color-5)","background-image":"","background-repeat":"repeat","background-position":"center center","background-size":"auto","background-attachment":"scroll","background-type":"","background-media":"","overlay-type":"","overlay-color":"","overlay-opacity":"","overlay-gradient":""},"mobile":{"background-color":"var(--ast-global-color-5)","background-image":"","background-repeat":"repeat","background-position":"center center","background-size":"auto","background-attachment":"scroll","background-type":"","background-media":"","overlay-type":"","overlay-color":"","overlay-opacity":"","overlay-gradient":""}}},"product_brand":[],"product_cat":[62],"product_tag":[],"class_list":{"0":"post-2959","1":"product","2":"type-product","3":"status-publish","4":"has-post-thumbnail","6":"product_cat-surface-plate","7":"desktop-align-left","8":"tablet-align-left","9":"mobile-align-left","10":"ast-product-gallery-layout-horizontal-slider","11":"ast-product-gallery-with-no-image","12":"ast-product-tabs-layout-horizontal","14":"first","15":"instock","16":"shipping-taxable","17":"purchasable","18":"product-type-simple"},"_links":{"self":[{"href":"https:\/\/weiyuemachinery.com\/fr\/wp-json\/wp\/v2\/product\/2959","targetHints":{"allow":["GET"]}}],"collection":[{"href":"https:\/\/weiyuemachinery.com\/fr\/wp-json\/wp\/v2\/product"}],"about":[{"href":"https:\/\/weiyuemachinery.com\/fr\/wp-json\/wp\/v2\/types\/product"}],"replies":[{"embeddable":true,"href":"https:\/\/weiyuemachinery.com\/fr\/wp-json\/wp\/v2\/comments?post=2959"}],"wp:featuredmedia":[{"embeddable":true,"href":"https:\/\/weiyuemachinery.com\/fr\/wp-json\/wp\/v2\/media\/2961"}],"wp:attachment":[{"href":"https:\/\/weiyuemachinery.com\/fr\/wp-json\/wp\/v2\/media?parent=2959"}],"wp:term":[{"taxonomy":"product_brand","embeddable":true,"href":"https:\/\/weiyuemachinery.com\/fr\/wp-json\/wp\/v2\/product_brand?post=2959"},{"taxonomy":"product_cat","embeddable":true,"href":"https:\/\/weiyuemachinery.com\/fr\/wp-json\/wp\/v2\/product_cat?post=2959"},{"taxonomy":"product_tag","embeddable":true,"href":"https:\/\/weiyuemachinery.com\/fr\/wp-json\/wp\/v2\/product_tag?post=2959"}],"curies":[{"name":"wp","href":"https:\/\/api.w.org\/{rel}","templated":true}]}}