{"id":2962,"date":"2026-02-03T01:46:04","date_gmt":"2026-02-03T01:46:04","guid":{"rendered":"https:\/\/weiyuemachinery.com\/?post_type=product&#038;p=2962"},"modified":"2026-02-03T01:46:05","modified_gmt":"2026-02-03T01:46:05","slug":"one-way-t-slot-plate","status":"publish","type":"product","link":"https:\/\/weiyuemachinery.com\/fr\/produit\/one-way-t-slot-plate\/","title":{"rendered":"Plaque \u00e0 rainure en T unidirectionnelle"},"content":{"rendered":"<p>Plaque \u00e0 rainure en T unidirectionnelle<\/p>\n<p>1. Utilisation de la plate-forme \u00e0 rainure en T : La plate-forme est principalement utilis\u00e9e pour le soudage, l'assemblage ou la fixation de grands \u00e9quipements, de moteurs et d'autres \u00e9quipements.<br \/>\n2. Formulaire d'installation :<\/p>\n<p>\u2460Il n'est pas n\u00e9cessaire de le fixer, il peut \u00eatre utilis\u00e9 directement sur le sol, en utilisant le niveau de fer de la plaque de r\u00e9glage.<br \/>\n\u2461 Utilisation fixe : Utiliser des boulons d'ancrage ou des ancres de sol pour fixer la fondation.<br \/>\n\u2462 Pour les petites plates-formes d'\u00e9quipement, il peut \u00eatre utilis\u00e9 seul, et pour les grands \u00e9quipements, il peut \u00eatre utilis\u00e9 comme une mosa\u00efque de plates-formes multiples.<br \/>\n3. Mat\u00e9riau : HT200~HT300<br \/>\n4. Duret\u00e9 : HB170~220<br \/>\n5. Structure : structure creuse, \u00e9paisseur et structure de renforcement personnalis\u00e9es en fonction des exigences de charge du client.<br \/>\n6. Sp\u00e9cifications de la plate-forme \u00e0 rainure en T : 200\u00d7200-3000\u00d78000mm (les sp\u00e9cifications peuvent \u00eatre personnalis\u00e9es en fonction des dessins de l'utilisateur ou de la production et du traitement convenus par les deux parties).<br \/>\n7. Espacement des rainures en T : g\u00e9n\u00e9ralement en fonction de la taille de la plate-forme entre 200 et 400, selon les besoins du client.<\/p>\n<p>&nbsp;<\/p>\n<p><img fetchpriority=\"high\" decoding=\"async\" class=\"aligncenter wp-image-2963 size-full\" src=\"https:\/\/weiyuemachinery.com\/wp-content\/uploads\/2026\/02\/4de91d7a3b2bc2e07c26877736262b6f.png\" alt=\"\" width=\"573\" height=\"483\" srcset=\"https:\/\/weiyuemachinery.com\/wp-content\/uploads\/2026\/02\/4de91d7a3b2bc2e07c26877736262b6f.png 573w, https:\/\/weiyuemachinery.com\/wp-content\/uploads\/2026\/02\/4de91d7a3b2bc2e07c26877736262b6f-300x253.png 300w\" sizes=\"(max-width: 573px) 100vw, 573px\" \/><\/p>\n<p style=\"text-align: center;\"><strong>Fente en T couramment utilis\u00e9e et taille de boulon correspondante<\/strong><\/p>\n<p><img decoding=\"async\" class=\"aligncenter wp-image-2964 size-full\" src=\"https:\/\/weiyuemachinery.com\/wp-content\/uploads\/2026\/02\/fb88119d6fb1831ea232d77d472e4f46.png\" alt=\"\" width=\"689\" height=\"358\" srcset=\"https:\/\/weiyuemachinery.com\/wp-content\/uploads\/2026\/02\/fb88119d6fb1831ea232d77d472e4f46.png 689w, https:\/\/weiyuemachinery.com\/wp-content\/uploads\/2026\/02\/fb88119d6fb1831ea232d77d472e4f46-300x156.png 300w, https:\/\/weiyuemachinery.com\/wp-content\/uploads\/2026\/02\/fb88119d6fb1831ea232d77d472e4f46-600x312.png 600w\" sizes=\"(max-width: 689px) 100vw, 689px\" \/><\/p>\n<p style=\"text-align: center;\"><strong>Sp\u00e9cifications de la plate-forme \u00e0 rainure en T<\/strong><\/p>\n<p><img decoding=\"async\" class=\"aligncenter wp-image-2965 size-full\" src=\"https:\/\/weiyuemachinery.com\/wp-content\/uploads\/2026\/02\/55ee0433d4b00d70d697c1628cf665be.png\" alt=\"\" width=\"882\" height=\"1104\" srcset=\"https:\/\/weiyuemachinery.com\/wp-content\/uploads\/2026\/02\/55ee0433d4b00d70d697c1628cf665be.png 882w, https:\/\/weiyuemachinery.com\/wp-content\/uploads\/2026\/02\/55ee0433d4b00d70d697c1628cf665be-240x300.png 240w, https:\/\/weiyuemachinery.com\/wp-content\/uploads\/2026\/02\/55ee0433d4b00d70d697c1628cf665be-818x1024.png 818w, https:\/\/weiyuemachinery.com\/wp-content\/uploads\/2026\/02\/55ee0433d4b00d70d697c1628cf665be-768x961.png 768w, https:\/\/weiyuemachinery.com\/wp-content\/uploads\/2026\/02\/55ee0433d4b00d70d697c1628cf665be-600x751.png 600w\" sizes=\"(max-width: 882px) 100vw, 882px\" \/><\/p>\n<p>&nbsp;<\/p>","protected":false},"excerpt":{"rendered":"<p>Notre plate-forme \u00e0 rainure en T unidirectionnelle est une fondation professionnelle con\u00e7ue pour le soudage, l'assemblage et la fixation d'\u00e9quipements et de moteurs de grande taille.<\/p>\n<p>Son installation est flexible : elle peut \u00eatre utilis\u00e9e directement sur le sol (mise \u00e0 niveau rapide \u00e0 l'aide de cales) ou fix\u00e9e de mani\u00e8re permanente \u00e0 l'aide de boulons d'ancrage. Pour les \u00e9quipements surdimensionn\u00e9s, il est possible d'assembler plusieurs plates-formes pour s'adapter \u00e0 tous les sc\u00e9narios.<\/p>","protected":false},"featured_media":2966,"comment_status":"open","ping_status":"closed","template":"","meta":{"site-sidebar-layout":"default","site-content-layout":"","ast-site-content-layout":"default","site-content-style":"default","site-sidebar-style":"default","ast-global-header-display":"","ast-banner-title-visibility":"","ast-main-header-display":"","ast-hfb-above-header-display":"","ast-hfb-below-header-display":"","ast-hfb-mobile-header-display":"","site-post-title":"","ast-breadcrumbs-content":"","ast-featured-img":"","footer-sml-layout":"","ast-disable-related-posts":"","theme-transparent-header-meta":"default","adv-header-id-meta":"","stick-header-meta":"default","header-above-stick-meta":"","header-main-stick-meta":"","header-below-stick-meta":"","astra-migrate-meta-layouts":"set","ast-page-background-enabled":"default","ast-page-background-meta":{"desktop":{"background-color":"","background-image":"","background-repeat":"repeat","background-position":"center center","background-size":"auto","background-attachment":"scroll","background-type":"","background-media":"","overlay-type":"","overlay-color":"","overlay-opacity":"","overlay-gradient":""},"tablet":{"background-color":"","background-image":"","background-repeat":"repeat","background-position":"center center","background-size":"auto","background-attachment":"scroll","background-type":"","background-media":"","overlay-type":"","overlay-color":"","overlay-opacity":"","overlay-gradient":""},"mobile":{"background-color":"","background-image":"","background-repeat":"repeat","background-position":"center center","background-size":"auto","background-attachment":"scroll","background-type":"","background-media":"","overlay-type":"","overlay-color":"","overlay-opacity":"","overlay-gradient":""}},"ast-content-background-meta":{"desktop":{"background-color":"var(--ast-global-color-5)","background-image":"","background-repeat":"repeat","background-position":"center center","background-size":"auto","background-attachment":"scroll","background-type":"","background-media":"","overlay-type":"","overlay-color":"","overlay-opacity":"","overlay-gradient":""},"tablet":{"background-color":"var(--ast-global-color-5)","background-image":"","background-repeat":"repeat","background-position":"center center","background-size":"auto","background-attachment":"scroll","background-type":"","background-media":"","overlay-type":"","overlay-color":"","overlay-opacity":"","overlay-gradient":""},"mobile":{"background-color":"var(--ast-global-color-5)","background-image":"","background-repeat":"repeat","background-position":"center center","background-size":"auto","background-attachment":"scroll","background-type":"","background-media":"","overlay-type":"","overlay-color":"","overlay-opacity":"","overlay-gradient":""}}},"product_brand":[],"product_cat":[59],"product_tag":[],"class_list":{"0":"post-2962","1":"product","2":"type-product","3":"status-publish","4":"has-post-thumbnail","6":"product_cat-t-slot-plate","7":"desktop-align-left","8":"tablet-align-left","9":"mobile-align-left","10":"ast-product-gallery-layout-horizontal-slider","11":"ast-product-gallery-with-no-image","12":"ast-product-tabs-layout-horizontal","14":"first","15":"instock","16":"shipping-taxable","17":"purchasable","18":"product-type-simple"},"_links":{"self":[{"href":"https:\/\/weiyuemachinery.com\/fr\/wp-json\/wp\/v2\/product\/2962","targetHints":{"allow":["GET"]}}],"collection":[{"href":"https:\/\/weiyuemachinery.com\/fr\/wp-json\/wp\/v2\/product"}],"about":[{"href":"https:\/\/weiyuemachinery.com\/fr\/wp-json\/wp\/v2\/types\/product"}],"replies":[{"embeddable":true,"href":"https:\/\/weiyuemachinery.com\/fr\/wp-json\/wp\/v2\/comments?post=2962"}],"wp:featuredmedia":[{"embeddable":true,"href":"https:\/\/weiyuemachinery.com\/fr\/wp-json\/wp\/v2\/media\/2966"}],"wp:attachment":[{"href":"https:\/\/weiyuemachinery.com\/fr\/wp-json\/wp\/v2\/media?parent=2962"}],"wp:term":[{"taxonomy":"product_brand","embeddable":true,"href":"https:\/\/weiyuemachinery.com\/fr\/wp-json\/wp\/v2\/product_brand?post=2962"},{"taxonomy":"product_cat","embeddable":true,"href":"https:\/\/weiyuemachinery.com\/fr\/wp-json\/wp\/v2\/product_cat?post=2962"},{"taxonomy":"product_tag","embeddable":true,"href":"https:\/\/weiyuemachinery.com\/fr\/wp-json\/wp\/v2\/product_tag?post=2962"}],"curies":[{"name":"wp","href":"https:\/\/api.w.org\/{rel}","templated":true}]}}