{"id":2959,"date":"2026-02-03T01:27:00","date_gmt":"2026-02-03T01:27:00","guid":{"rendered":"https:\/\/weiyuemachinery.com\/?post_type=product&#038;p=2959"},"modified":"2026-02-03T01:27:00","modified_gmt":"2026-02-03T01:27:00","slug":"surface-plate","status":"publish","type":"product","link":"https:\/\/weiyuemachinery.com\/it\/product\/surface-plate\/","title":{"rendered":"Piastra di superficie"},"content":{"rendered":"<p>Utilizzi della piastra di superficie: \u00e8 uno standard di misura per testare la tolleranza di forma e posizione delle parti meccaniche, come il piano, il parallelismo, la rettilineit\u00e0, ecc. Pu\u00f2 essere utilizzata anche per parti generiche e parti del processo di marcatura, rivettatura e rettifica e per la misurazione. La superficie di lavoro \u00e8 contrassegnata da linee, il che \u00e8 comodo per la misurazione e il riferimento da utilizzare nel lavoro. Comodo e pratico.<\/p>\n<p>Specifiche delle piattaforme di superficie: 200\u00d7200 a 2000\u00d74000 mm (le specifiche possono essere personalizzate in base ai disegni dell'utente).<\/p>\n<p>Materiale delle piattaforme di superficie (piastra): Ghisa HT200-300 durezza della superficie di lavoro HB170-240, dopo due trattamenti manuali (ricottura artificiale 600-700 gradi o invecchiamento naturale 2-3 anni) l'uso della precisione del prodotto \u00e8 stabile, pu\u00f2 essere buono.<\/p>\n<p>Piattaforme di superficie (piatto) specifiche: 200\u00d7200-3000\u00d78000mm (le specifiche possono essere personalizzate secondo i disegni dell'utente o la produzione e l'elaborazione concordata da entrambe le parti).<\/p>\n<p>Applicazione delle piattaforme di superficie: adatte a tutti i tipi di lavori di ispezione, il piano di riferimento per la misurazione; utilizzate per l'ispezione meccanica delle macchine utensili e gli standard di misurazione; controllare l'accuratezza dimensionale o la deviazione della forma delle parti e realizzare una linea stretta, che \u00e8 anche uno strumento di base nella produzione meccanica.<\/p>\n<p>Ispezione della qualit\u00e0 della superficie delle piattaforme: test con metodo di colorazione. Il livello 0, il livello 1 della piastra non deve essere inferiore a 25 punti in un intervallo di 25 mm quadrati su ciascun lato, il livello 2 non deve essere inferiore a 20 punti e il livello 3 non deve essere inferiore a 12 punti.<\/p>\n<p>Materiale: HT200~HT300<\/p>\n<p>Durezza: HB170~220<\/p>\n<p>&nbsp;<\/p>\n<p style=\"text-align: center;\"><strong>Piastra di superficie<\/strong><\/p>\n<p>&nbsp;<\/p>\n<p><img fetchpriority=\"high\" decoding=\"async\" class=\"aligncenter wp-image-2960 size-full\" src=\"https:\/\/weiyuemachinery.com\/wp-content\/uploads\/2026\/02\/e52b03d4763012785ac6fb896a748f14.png\" alt=\"\" width=\"914\" height=\"1569\" srcset=\"https:\/\/weiyuemachinery.com\/wp-content\/uploads\/2026\/02\/e52b03d4763012785ac6fb896a748f14.png 914w, https:\/\/weiyuemachinery.com\/wp-content\/uploads\/2026\/02\/e52b03d4763012785ac6fb896a748f14-175x300.png 175w, https:\/\/weiyuemachinery.com\/wp-content\/uploads\/2026\/02\/e52b03d4763012785ac6fb896a748f14-597x1024.png 597w, https:\/\/weiyuemachinery.com\/wp-content\/uploads\/2026\/02\/e52b03d4763012785ac6fb896a748f14-768x1318.png 768w, https:\/\/weiyuemachinery.com\/wp-content\/uploads\/2026\/02\/e52b03d4763012785ac6fb896a748f14-895x1536.png 895w, https:\/\/weiyuemachinery.com\/wp-content\/uploads\/2026\/02\/e52b03d4763012785ac6fb896a748f14-600x1030.png 600w\" sizes=\"(max-width: 914px) 100vw, 914px\" \/><\/p>","protected":false},"excerpt":{"rendered":"<div>La nostra piastra di superficie \u00e8 uno strumento di riferimento essenziale per la misurazione di precisione, la marcatura e l'assemblaggio nella lavorazione e nell'ispezione.<\/div>\n<div>Costruito in ghisa di alta qualit\u00e0 (HT200-300), \u00e8 sottoposto a ricottura di distensione o a un trattamento di invecchiamento naturale. Ci\u00f2 garantisce una durezza stabile della superficie di lavoro (HB170-240) e una precisione dimensionale a lungo termine.<\/div>\n<div><\/div>","protected":false},"featured_media":2961,"comment_status":"open","ping_status":"closed","template":"","meta":{"site-sidebar-layout":"default","site-content-layout":"","ast-site-content-layout":"default","site-content-style":"default","site-sidebar-style":"default","ast-global-header-display":"","ast-banner-title-visibility":"","ast-main-header-display":"","ast-hfb-above-header-display":"","ast-hfb-below-header-display":"","ast-hfb-mobile-header-display":"","site-post-title":"","ast-breadcrumbs-content":"","ast-featured-img":"","footer-sml-layout":"","ast-disable-related-posts":"","theme-transparent-header-meta":"default","adv-header-id-meta":"","stick-header-meta":"default","header-above-stick-meta":"","header-main-stick-meta":"","header-below-stick-meta":"","astra-migrate-meta-layouts":"set","ast-page-background-enabled":"default","ast-page-background-meta":{"desktop":{"background-color":"","background-image":"","background-repeat":"repeat","background-position":"center center","background-size":"auto","background-attachment":"scroll","background-type":"","background-media":"","overlay-type":"","overlay-color":"","overlay-opacity":"","overlay-gradient":""},"tablet":{"background-color":"","background-image":"","background-repeat":"repeat","background-position":"center center","background-size":"auto","background-attachment":"scroll","background-type":"","background-media":"","overlay-type":"","overlay-color":"","overlay-opacity":"","overlay-gradient":""},"mobile":{"background-color":"","background-image":"","background-repeat":"repeat","background-position":"center center","background-size":"auto","background-attachment":"scroll","background-type":"","background-media":"","overlay-type":"","overlay-color":"","overlay-opacity":"","overlay-gradient":""}},"ast-content-background-meta":{"desktop":{"background-color":"var(--ast-global-color-5)","background-image":"","background-repeat":"repeat","background-position":"center center","background-size":"auto","background-attachment":"scroll","background-type":"","background-media":"","overlay-type":"","overlay-color":"","overlay-opacity":"","overlay-gradient":""},"tablet":{"background-color":"var(--ast-global-color-5)","background-image":"","background-repeat":"repeat","background-position":"center center","background-size":"auto","background-attachment":"scroll","background-type":"","background-media":"","overlay-type":"","overlay-color":"","overlay-opacity":"","overlay-gradient":""},"mobile":{"background-color":"var(--ast-global-color-5)","background-image":"","background-repeat":"repeat","background-position":"center center","background-size":"auto","background-attachment":"scroll","background-type":"","background-media":"","overlay-type":"","overlay-color":"","overlay-opacity":"","overlay-gradient":""}}},"product_brand":[],"product_cat":[62],"product_tag":[],"class_list":{"0":"post-2959","1":"product","2":"type-product","3":"status-publish","4":"has-post-thumbnail","6":"product_cat-surface-plate","7":"desktop-align-left","8":"tablet-align-left","9":"mobile-align-left","10":"ast-product-gallery-layout-horizontal-slider","11":"ast-product-gallery-with-no-image","12":"ast-product-tabs-layout-horizontal","14":"first","15":"instock","16":"shipping-taxable","17":"purchasable","18":"product-type-simple"},"_links":{"self":[{"href":"https:\/\/weiyuemachinery.com\/it\/wp-json\/wp\/v2\/product\/2959","targetHints":{"allow":["GET"]}}],"collection":[{"href":"https:\/\/weiyuemachinery.com\/it\/wp-json\/wp\/v2\/product"}],"about":[{"href":"https:\/\/weiyuemachinery.com\/it\/wp-json\/wp\/v2\/types\/product"}],"replies":[{"embeddable":true,"href":"https:\/\/weiyuemachinery.com\/it\/wp-json\/wp\/v2\/comments?post=2959"}],"wp:featuredmedia":[{"embeddable":true,"href":"https:\/\/weiyuemachinery.com\/it\/wp-json\/wp\/v2\/media\/2961"}],"wp:attachment":[{"href":"https:\/\/weiyuemachinery.com\/it\/wp-json\/wp\/v2\/media?parent=2959"}],"wp:term":[{"taxonomy":"product_brand","embeddable":true,"href":"https:\/\/weiyuemachinery.com\/it\/wp-json\/wp\/v2\/product_brand?post=2959"},{"taxonomy":"product_cat","embeddable":true,"href":"https:\/\/weiyuemachinery.com\/it\/wp-json\/wp\/v2\/product_cat?post=2959"},{"taxonomy":"product_tag","embeddable":true,"href":"https:\/\/weiyuemachinery.com\/it\/wp-json\/wp\/v2\/product_tag?post=2959"}],"curies":[{"name":"wp","href":"https:\/\/api.w.org\/{rel}","templated":true}]}}