{"id":2969,"date":"2026-02-03T01:57:08","date_gmt":"2026-02-03T01:57:08","guid":{"rendered":"https:\/\/weiyuemachinery.com\/?post_type=product&#038;p=2969"},"modified":"2026-02-03T01:57:08","modified_gmt":"2026-02-03T01:57:08","slug":"cross-t-slot-platel","status":"publish","type":"product","link":"https:\/\/weiyuemachinery.com\/it\/product\/cross-t-slot-platel\/","title":{"rendered":"Piastra con scanalatura a T trasversale (L)"},"content":{"rendered":"<p>Piastra con scanalatura a T trasversale (L)<\/p>\n<p>1. Uso della piattaforma con scanalatura a T: La piattaforma \u00e8 utilizzata principalmente per la saldatura, l'assemblaggio o il fissaggio di grandi attrezzature, motori e altre apparecchiature.<br \/>\n2. Modulo di installazione:<\/p>\n<p>Non \u00e8 necessario fissarlo, \u00e8 possibile utilizzarlo direttamente a terra, utilizzando il cuscinetto di regolazione del livello del ferro.<br \/>\n\u2461 Uso fisso: Utilizzare bulloni di ancoraggio o ancoraggi a terra per fissare la fondazione.<br \/>\n\u2462 Per le piattaforme di apparecchiature pi\u00f9 piccole, pu\u00f2 essere utilizzato da solo, mentre per le apparecchiature di grandi dimensioni pu\u00f2 essere utilizzato come patchwork di piattaforme multiple.<br \/>\n3. Materiale: HT200~HT300<br \/>\n4. Durezza: HB170~220<br \/>\n5. Struttura: struttura cava, spessore e struttura di rinforzo personalizzati in base ai requisiti di carico del cliente.<br \/>\n6. Specifiche della piattaforma della T-fessura: 200\u00d7200-3000\u00d78000mm (le specifiche possono essere personalizzate secondo i disegni dell'utente o la produzione e l'elaborazione concordata da entrambe le parti).<br \/>\n7. Spaziatura delle scanalature a T: di solito in base alle dimensioni della piattaforma tra 200 e 400, in base alle esigenze del cliente.<\/p>\n<p>&nbsp;<\/p>\n<p><img fetchpriority=\"high\" decoding=\"async\" class=\"aligncenter wp-image-2963 size-full\" src=\"https:\/\/weiyuemachinery.com\/wp-content\/uploads\/2026\/02\/4de91d7a3b2bc2e07c26877736262b6f.png\" alt=\"\" width=\"573\" height=\"483\" srcset=\"https:\/\/weiyuemachinery.com\/wp-content\/uploads\/2026\/02\/4de91d7a3b2bc2e07c26877736262b6f.png 573w, https:\/\/weiyuemachinery.com\/wp-content\/uploads\/2026\/02\/4de91d7a3b2bc2e07c26877736262b6f-300x253.png 300w\" sizes=\"(max-width: 573px) 100vw, 573px\" \/><\/p>\n<p style=\"text-align: center;\"><strong>Scanalatura a T comunemente utilizzata e dimensione del bullone corrispondente<\/strong><\/p>\n<p><img decoding=\"async\" class=\"aligncenter wp-image-2964 size-full\" src=\"https:\/\/weiyuemachinery.com\/wp-content\/uploads\/2026\/02\/fb88119d6fb1831ea232d77d472e4f46.png\" alt=\"\" width=\"689\" height=\"358\" srcset=\"https:\/\/weiyuemachinery.com\/wp-content\/uploads\/2026\/02\/fb88119d6fb1831ea232d77d472e4f46.png 689w, https:\/\/weiyuemachinery.com\/wp-content\/uploads\/2026\/02\/fb88119d6fb1831ea232d77d472e4f46-300x156.png 300w, https:\/\/weiyuemachinery.com\/wp-content\/uploads\/2026\/02\/fb88119d6fb1831ea232d77d472e4f46-600x312.png 600w\" sizes=\"(max-width: 689px) 100vw, 689px\" \/><\/p>\n<p>&nbsp;<\/p>\n<p style=\"font-weight: 400; text-align: center;\"><strong>\u00a0Specifiche della piattaforma con scanalatura a T<\/strong><\/p>\n<p>&nbsp;<\/p>\n<p><img decoding=\"async\" class=\"aligncenter wp-image-2965 size-full\" src=\"https:\/\/weiyuemachinery.com\/wp-content\/uploads\/2026\/02\/55ee0433d4b00d70d697c1628cf665be.png\" alt=\"\" width=\"882\" height=\"1104\" srcset=\"https:\/\/weiyuemachinery.com\/wp-content\/uploads\/2026\/02\/55ee0433d4b00d70d697c1628cf665be.png 882w, https:\/\/weiyuemachinery.com\/wp-content\/uploads\/2026\/02\/55ee0433d4b00d70d697c1628cf665be-240x300.png 240w, https:\/\/weiyuemachinery.com\/wp-content\/uploads\/2026\/02\/55ee0433d4b00d70d697c1628cf665be-818x1024.png 818w, https:\/\/weiyuemachinery.com\/wp-content\/uploads\/2026\/02\/55ee0433d4b00d70d697c1628cf665be-768x961.png 768w, https:\/\/weiyuemachinery.com\/wp-content\/uploads\/2026\/02\/55ee0433d4b00d70d697c1628cf665be-600x751.png 600w\" sizes=\"(max-width: 882px) 100vw, 882px\" \/><\/p>","protected":false},"excerpt":{"rendered":"<p>Questa piattaforma con scanalatura a T \u00e8 utilizzata principalmente per la saldatura, l'assemblaggio e il fissaggio di grandi attrezzature, motori e altri dispositivi; pu\u00f2 essere posizionata direttamente sul terreno e livellata con spessori di regolazione senza ulteriori fissaggi.<\/p>","protected":false},"featured_media":2970,"comment_status":"open","ping_status":"closed","template":"","meta":{"site-sidebar-layout":"default","site-content-layout":"","ast-site-content-layout":"default","site-content-style":"default","site-sidebar-style":"default","ast-global-header-display":"","ast-banner-title-visibility":"","ast-main-header-display":"","ast-hfb-above-header-display":"","ast-hfb-below-header-display":"","ast-hfb-mobile-header-display":"","site-post-title":"","ast-breadcrumbs-content":"","ast-featured-img":"","footer-sml-layout":"","ast-disable-related-posts":"","theme-transparent-header-meta":"default","adv-header-id-meta":"","stick-header-meta":"default","header-above-stick-meta":"","header-main-stick-meta":"","header-below-stick-meta":"","astra-migrate-meta-layouts":"set","ast-page-background-enabled":"default","ast-page-background-meta":{"desktop":{"background-color":"","background-image":"","background-repeat":"repeat","background-position":"center center","background-size":"auto","background-attachment":"scroll","background-type":"","background-media":"","overlay-type":"","overlay-color":"","overlay-opacity":"","overlay-gradient":""},"tablet":{"background-color":"","background-image":"","background-repeat":"repeat","background-position":"center center","background-size":"auto","background-attachment":"scroll","background-type":"","background-media":"","overlay-type":"","overlay-color":"","overlay-opacity":"","overlay-gradient":""},"mobile":{"background-color":"","background-image":"","background-repeat":"repeat","background-position":"center center","background-size":"auto","background-attachment":"scroll","background-type":"","background-media":"","overlay-type":"","overlay-color":"","overlay-opacity":"","overlay-gradient":""}},"ast-content-background-meta":{"desktop":{"background-color":"var(--ast-global-color-5)","background-image":"","background-repeat":"repeat","background-position":"center center","background-size":"auto","background-attachment":"scroll","background-type":"","background-media":"","overlay-type":"","overlay-color":"","overlay-opacity":"","overlay-gradient":""},"tablet":{"background-color":"var(--ast-global-color-5)","background-image":"","background-repeat":"repeat","background-position":"center center","background-size":"auto","background-attachment":"scroll","background-type":"","background-media":"","overlay-type":"","overlay-color":"","overlay-opacity":"","overlay-gradient":""},"mobile":{"background-color":"var(--ast-global-color-5)","background-image":"","background-repeat":"repeat","background-position":"center center","background-size":"auto","background-attachment":"scroll","background-type":"","background-media":"","overlay-type":"","overlay-color":"","overlay-opacity":"","overlay-gradient":""}}},"product_brand":[],"product_cat":[59],"product_tag":[],"class_list":{"0":"post-2969","1":"product","2":"type-product","3":"status-publish","4":"has-post-thumbnail","6":"product_cat-t-slot-plate","7":"desktop-align-left","8":"tablet-align-left","9":"mobile-align-left","10":"ast-product-gallery-layout-horizontal-slider","11":"ast-product-gallery-with-no-image","12":"ast-product-tabs-layout-horizontal","14":"first","15":"instock","16":"shipping-taxable","17":"purchasable","18":"product-type-simple"},"_links":{"self":[{"href":"https:\/\/weiyuemachinery.com\/it\/wp-json\/wp\/v2\/product\/2969","targetHints":{"allow":["GET"]}}],"collection":[{"href":"https:\/\/weiyuemachinery.com\/it\/wp-json\/wp\/v2\/product"}],"about":[{"href":"https:\/\/weiyuemachinery.com\/it\/wp-json\/wp\/v2\/types\/product"}],"replies":[{"embeddable":true,"href":"https:\/\/weiyuemachinery.com\/it\/wp-json\/wp\/v2\/comments?post=2969"}],"wp:featuredmedia":[{"embeddable":true,"href":"https:\/\/weiyuemachinery.com\/it\/wp-json\/wp\/v2\/media\/2970"}],"wp:attachment":[{"href":"https:\/\/weiyuemachinery.com\/it\/wp-json\/wp\/v2\/media?parent=2969"}],"wp:term":[{"taxonomy":"product_brand","embeddable":true,"href":"https:\/\/weiyuemachinery.com\/it\/wp-json\/wp\/v2\/product_brand?post=2969"},{"taxonomy":"product_cat","embeddable":true,"href":"https:\/\/weiyuemachinery.com\/it\/wp-json\/wp\/v2\/product_cat?post=2969"},{"taxonomy":"product_tag","embeddable":true,"href":"https:\/\/weiyuemachinery.com\/it\/wp-json\/wp\/v2\/product_tag?post=2969"}],"curies":[{"name":"wp","href":"https:\/\/api.w.org\/{rel}","templated":true}]}}